{"id":3097,"date":"2024-02-12T15:15:18","date_gmt":"2024-02-12T15:15:18","guid":{"rendered":"https:\/\/blancauribepianocompetition.co\/?page_id=3097"},"modified":"2024-02-12T16:52:59","modified_gmt":"2024-02-12T16:52:59","slug":"luis-fernando-perez","status":"publish","type":"page","link":"https:\/\/blancauribepianocompetition.co\/fr\/luis-fernando-perez\/","title":{"rendered":"Luis Fernando P\u00e9rez"},"content":{"rendered":"<div data-elementor-type=\"wp-page\" data-elementor-id=\"3097\" class=\"elementor elementor-3097\">\n\t\t\t\t\t\t<section class=\"elementor-section elementor-top-section elementor-element elementor-element-7e878940 elementor-section-height-min-height elementor-section-full_width elementor-section-height-default elementor-section-items-middle wpr-particle-no wpr-jarallax-no wpr-parallax-no wpr-sticky-section-no\" data-id=\"7e878940\" data-element_type=\"section\" data-settings=\"{&quot;background_background&quot;:&quot;classic&quot;}\">\n\t\t\t\t\t\t<div class=\"elementor-container elementor-column-gap-default\">\n\t\t\t\t\t<div class=\"elementor-column elementor-col-100 elementor-top-column elementor-element elementor-element-a1442e3\" data-id=\"a1442e3\" data-element_type=\"column\">\n\t\t\t<div class=\"elementor-widget-wrap elementor-element-populated\">\n\t\t\t\t\t\t<div class=\"elementor-element elementor-element-48fc5867 elementor-widget elementor-widget-heading\" data-id=\"48fc5867\" data-element_type=\"widget\" data-widget_type=\"heading.default\">\n\t\t\t\t<div class=\"elementor-widget-container\">\n\t\t\t\t\t<h1 class=\"elementor-heading-title elementor-size-default\">Luis Fernando P\u00e9rez<\/h1>\t\t\t\t<\/div>\n\t\t\t\t<\/div>\n\t\t\t\t\t<\/div>\n\t\t<\/div>\n\t\t\t\t\t<\/div>\n\t\t<\/section>\n\t\t<div class=\"elementor-element elementor-element-e380eae e-flex e-con-boxed wpr-particle-no wpr-jarallax-no wpr-parallax-no wpr-sticky-section-no e-con e-parent\" data-id=\"e380eae\" data-element_type=\"container\">\n\t\t\t\t\t<div class=\"e-con-inner\">\n\t\t\t\t<div class=\"elementor-element elementor-element-308c4f9 elementor-widget elementor-widget-text-editor\" data-id=\"308c4f9\" data-element_type=\"widget\" data-widget_type=\"text-editor.default\">\n\t\t\t\t<div class=\"elementor-widget-container\">\n\t\t\t\t\t\t\t\t\t<p style=\"text-align: justify;\"><img fetchpriority=\"high\" decoding=\"async\" class=\"alignleft wp-image-2965\" src=\"https:\/\/blancauribepianocompetition.co\/wp-content\/uploads\/2024\/02\/Luis-Fernando-Perez-300x300.jpg\" alt=\"\" width=\"450\" height=\"450\" srcset=\"https:\/\/blancauribepianocompetition.co\/wp-content\/uploads\/2024\/02\/Luis-Fernando-Perez-300x300.jpg 300w, https:\/\/blancauribepianocompetition.co\/wp-content\/uploads\/2024\/02\/Luis-Fernando-Perez-1024x1024.jpg 1024w, https:\/\/blancauribepianocompetition.co\/wp-content\/uploads\/2024\/02\/Luis-Fernando-Perez-150x150.jpg 150w, https:\/\/blancauribepianocompetition.co\/wp-content\/uploads\/2024\/02\/Luis-Fernando-Perez-768x768.jpg 768w, https:\/\/blancauribepianocompetition.co\/wp-content\/uploads\/2024\/02\/Luis-Fernando-Perez-1536x1536.jpg 1536w\" sizes=\"(max-width: 450px) 100vw, 450px\" \/>Salu\u00e9 pour sa technique et sa palette de couleurs, Luis Fernando P\u00e9rez est consid\u00e9r\u00e9 comme l&#039;un des musiciens les plus exceptionnels de sa g\u00e9n\u00e9ration et de \u00ab La Renaissance du piano espagnol \u00bb (Le Monde).\u00a0<span style=\"font-style: inherit; font-weight: inherit; background-color: var(--ast-global-color-5); text-decoration-line: initial;\">Apr\u00e8s avoir \u00e9tudi\u00e9 avec Dimitri Bashkirov et Galina Egyazarova \u00e0 l&#039;\u00c9cole Sup\u00e9rieure de Musique Reina Sof\u00eda de Madrid, il poursuit sa formation aupr\u00e8s de Pierre Laurent Aimard \u00e0 la Hochschule de Cologne et d&#039;Alicia de Larrocha \u00e0 l&#039;Acad\u00e9mie Marshall de Barcelone. Il a re\u00e7u des master classes de plusieurs interpr\u00e8tes au talent exceptionnel tels que Leon Fleisher, Andras Schiff, Bruno-Leonardo Gelber et Menahen Pressler.<\/span><\/p><p style=\"text-align: justify;\">\u00a0<\/p><p style=\"text-align: justify;\">Il a collabor\u00e9, entre autres orchestres, avec l&#039;Orchestre National d&#039;Espagne, l&#039;Orchestre Philharmonique de Monte-Carlo, l&#039;Orchestre Symphonique de Varsovie, l&#039;Orchestre de Chambre Franz Liszt et l&#039;Orchestre Filharmonia de Baltycka, aux c\u00f4t\u00e9s de chefs d&#039;orchestre de la stature de Georges Tchitchinadze, Ros Marb\u00e1, Kazuki. Yamada, Jes\u00fas L\u00f3pez Cobos et Jean-Jacques Kantorow.\u00a0<span style=\"font-style: inherit; font-weight: inherit; background-color: var(--ast-global-color-5); text-decoration-line: initial;\">Il est r\u00e9guli\u00e8rement invit\u00e9 \u00e0 des festivals tels que La Roque d&#039;Antheron, la Musika-Musika de Bilbao, le Festival Richter (Tours), le Festival International de Grenade, la Quinzaine de Donostiarra, le Festival International de Santander... et collabore fr\u00e9quemment avec le Le Quatuor Casals, le Quatuor Ardeo et le Quatuor Modigliani.<\/span><\/p><p style=\"text-align: justify;\">\u00a0<\/p><p style=\"text-align: justify;\">Malgr\u00e9 sa jeunesse, sa discographie est tr\u00e8s vaste et a re\u00e7u de multiples \u00e9loges. Tous leurs albums ont re\u00e7u la mention \u00ab album exceptionnel \u00bb de Scherzo Magazine. Son \u00ab Iberia \u00bb lui a valu la m\u00e9daille Alb\u00e9niz et est consid\u00e9r\u00e9e comme \u00ab la quatri\u00e8me Iberia mythique \u00bb par Grammophone Magazine (Alicia de Larrocha, Esteban S\u00e1nchez, Rafael Orozco). Ses Goyescas de Granados, enregistr\u00e9es sur le label fran\u00e7ais Mirare, ont re\u00e7u le Diapas\u00f3n de Oro et le Choc de l&#039;ann\u00e9e du magazine Classica. Il a r\u00e9cemment enregistr\u00e9 un album d\u00e9di\u00e9 \u00e0 Federico Mompou (FFFF de T\u00e9l\u00e9rama et Diapas\u00f3n 5 Estrellas) et travaille actuellement \u00e0 l&#039;enregistrement de sa prochaine \u0153uvre.<\/p><p style=\"text-align: justify;\">\u00a0<\/p><p style=\"text-align: justify;\">Parall\u00e8lement \u00e0 son activit\u00e9 fr\u00e9n\u00e9tique de concert, il d\u00e9veloppe un intense d\u00e9vouement \u00e0 l&#039;enseignement au Centre Sup\u00e9rieur Katarina Gurska et \u00e0 la Marshall Academy (sur les traces de son professeur Alicia de Larrocha). Il est \u00e9galement professeur du Master de Piano et Musique de Chambre au Conservatoire Sup\u00e9rieur d&#039;Aragon ainsi que professeur invit\u00e9 \u00e0 l&#039;Universit\u00e9 de Senzoku (Tokyo).<\/p>\t\t\t\t\t\t\t\t<\/div>\n\t\t\t\t<\/div>\n\t\t\t\t\t<\/div>\n\t\t\t\t<\/div>\n\t\t\t\t<\/div>","protected":false},"excerpt":{"rendered":"<p>Luis Fernando P\u00e9rez Alabado por su t\u00e9cnica y su paleta de colores, Luis Fernando P\u00e9rez es considerado uno de los m\u00fasicos m\u00e1s excepcionales de su generaci\u00f3n y \u201cEl Renacimiento del Piano Espa\u00f1ol\u201d (Le Monde).\u00a0Tras estudiar con Dimitri Bashkirov y Galina Egyazarova en la Escuela Superior de M\u00fasica Reina Sof\u00eda de Madrid, continu\u00f3 su formaci\u00f3n con Pierre Laurent Aimard en la Hochschule de Colonia y Alicia de Larrocha en la Academia Marshall de Barcelona. Ha recibido lecciones magistrales de m\u00faltiples int\u00e9rpretes de excepcional talento como Leon Fleisher, Andras Schiff, Bruno-Leonardo Gelber y Menahen Pressler. \u00a0 Ha colaborado, entre otras muchas orquestas, con la Orquesta Nacional de Espa\u00f1a, la Orquesta Filarm\u00f3nica de Montecarlo, Sinfon\u00eda Varsovia, la Orquesta de C\u00e1mara Franz Liszt y la Orquesta Filharmonia Baltycka junto con directores de la talla de Georges Tchitchinadze, Ros Marb\u00e1, Kazuki Yamada, Jes\u00fas L\u00f3pez Cobos y Jean-Jacques Kantorow.\u00a0Es invitado asiduo de festivales como La Roque d\u2019Antheron, el Musika-Musika de Bilbao, el Festival Richter (Tours), el Festival Internacional de Granada, la Quincena Donostiarra, el Festival Internacional de Santander\u2026 y colabora frecuentemente con el Cuarteto Casals, el Cuarteto Ardeo y el Cuarteto Modigliani. \u00a0 A pesar de su juventud su discograf\u00eda es muy extensa y ha recibido m\u00faltiples alabanzas. Todos sus discos han recibido la menci\u00f3n de \u201cdisco excepcional\u201d de la Revista Scherzo. Su \u201cIberia\u201d le otorg\u00f3 la Medalla Alb\u00e9niz y es considerada \u201cLa cuarta Iberia m\u00edtica\u201d por la Revista Grammophone (Alicia de Larrocha, Esteban S\u00e1nchez, Rafael Orozco). Sus Goyescas de Granados, grabadas en el sello franc\u00e9s Mirare, recibieron el Diapas\u00f3n de Oro y el Choc del a\u00f1o de la revista Classica. Recientemente ha grabado un disco dedicado a Federico Mompou (FFFF de T\u00e9l\u00e9rama y Diapas\u00f3n 5 estrellas) y actualmente est\u00e1 trabajando en la grabaci\u00f3n de su pr\u00f3ximo trabajo. \u00a0 Junto a su fren\u00e9tica actividad concert\u00edstica desarrolla una intensa dedicaci\u00f3n a la ense\u00f1anza en el Centro Superior Katarina Gurska y la Academia Marshall (siguiendo la estela de su profesora Alicia de Larrocha). Adem\u00e1s es profesor del M\u00e1ster de Piano y de M\u00fasica de C\u00e1mara en el Conservatorio Superior de Arag\u00f3n adem\u00e1s de Guest Professor de la Universidad de Senzoku (Tokyo).<\/p>","protected":false},"author":1,"featured_media":0,"parent":0,"menu_order":0,"comment_status":"closed","ping_status":"closed","template":"","meta":{"_monsterinsights_skip_tracking":false,"_monsterinsights_sitenote_active":false,"_monsterinsights_sitenote_note":"","_monsterinsights_sitenote_category":0,"site-sidebar-layout":"no-sidebar","site-content-layout":"page-builder","ast-site-content-layout":"full-width-container","site-content-style":"default","site-sidebar-style":"default","ast-global-header-display":"","ast-banner-title-visibility":"","ast-main-header-display":"","ast-hfb-above-header-display":"","ast-hfb-below-header-display":"","ast-hfb-mobile-header-display":"","site-post-title":"disabled","ast-breadcrumbs-content":"","ast-featured-img":"disabled","footer-sml-layout":"","theme-transparent-header-meta":"","adv-header-id-meta":"","stick-header-meta":"","header-above-stick-meta":"","header-main-stick-meta":"","header-below-stick-meta":"","astra-migrate-meta-layouts":"set","ast-page-background-enabled":"default","ast-page-background-meta":{"desktop":{"background-color":"var(--ast-global-color-4)","background-image":"","background-repeat":"repeat","background-position":"center center","background-size":"auto","background-attachment":"scroll","background-type":"","background-media":"","overlay-type":"","overlay-color":"","overlay-opacity":"","overlay-gradient":""},"tablet":{"background-color":"","background-image":"","background-repeat":"repeat","background-position":"center center","background-size":"auto","background-attachment":"scroll","background-type":"","background-media":"","overlay-type":"","overlay-color":"","overlay-opacity":"","overlay-gradient":""},"mobile":{"background-color":"","background-image":"","background-repeat":"repeat","background-position":"center center","background-size":"auto","background-attachment":"scroll","background-type":"","background-media":"","overlay-type":"","overlay-color":"","overlay-opacity":"","overlay-gradient":""}},"ast-content-background-meta":{"desktop":{"background-color":"var(--ast-global-color-5)","background-image":"","background-repeat":"repeat","background-position":"center center","background-size":"auto","background-attachment":"scroll","background-type":"","background-media":"","overlay-type":"","overlay-color":"","overlay-opacity":"","overlay-gradient":""},"tablet":{"background-color":"var(--ast-global-color-5)","background-image":"","background-repeat":"repeat","background-position":"center center","background-size":"auto","background-attachment":"scroll","background-type":"","background-media":"","overlay-type":"","overlay-color":"","overlay-opacity":"","overlay-gradient":""},"mobile":{"background-color":"var(--ast-global-color-5)","background-image":"","background-repeat":"repeat","background-position":"center center","background-size":"auto","background-attachment":"scroll","background-type":"","background-media":"","overlay-type":"","overlay-color":"","overlay-opacity":"","overlay-gradient":""}},"_joinchat":[],"footnotes":""},"class_list":["post-3097","page","type-page","status-publish","hentry"],"aioseo_notices":[],"_links":{"self":[{"href":"https:\/\/blancauribepianocompetition.co\/fr\/wp-json\/wp\/v2\/pages\/3097","targetHints":{"allow":["GET"]}}],"collection":[{"href":"https:\/\/blancauribepianocompetition.co\/fr\/wp-json\/wp\/v2\/pages"}],"about":[{"href":"https:\/\/blancauribepianocompetition.co\/fr\/wp-json\/wp\/v2\/types\/page"}],"author":[{"embeddable":true,"href":"https:\/\/blancauribepianocompetition.co\/fr\/wp-json\/wp\/v2\/users\/1"}],"replies":[{"embeddable":true,"href":"https:\/\/blancauribepianocompetition.co\/fr\/wp-json\/wp\/v2\/comments?post=3097"}],"version-history":[{"count":7,"href":"https:\/\/blancauribepianocompetition.co\/fr\/wp-json\/wp\/v2\/pages\/3097\/revisions"}],"predecessor-version":[{"id":3190,"href":"https:\/\/blancauribepianocompetition.co\/fr\/wp-json\/wp\/v2\/pages\/3097\/revisions\/3190"}],"wp:attachment":[{"href":"https:\/\/blancauribepianocompetition.co\/fr\/wp-json\/wp\/v2\/media?parent=3097"}],"curies":[{"name":"wp","href":"https:\/\/api.w.org\/{rel}","templated":true}]}}