{"id":3075,"date":"2024-02-12T15:04:09","date_gmt":"2024-02-12T15:04:09","guid":{"rendered":"https:\/\/blancauribepianocompetition.co\/?page_id=3075"},"modified":"2024-02-12T16:50:44","modified_gmt":"2024-02-12T16:50:44","slug":"harold-martina","status":"publish","type":"page","link":"https:\/\/blancauribepianocompetition.co\/fr\/harold-martina\/","title":{"rendered":"Harold Martina"},"content":{"rendered":"<div data-elementor-type=\"wp-page\" data-elementor-id=\"3075\" class=\"elementor elementor-3075\">\n\t\t\t\t\t\t<section class=\"elementor-section elementor-top-section elementor-element elementor-element-678bea0f elementor-section-height-min-height elementor-section-full_width elementor-section-height-default elementor-section-items-middle wpr-particle-no wpr-jarallax-no wpr-parallax-no wpr-sticky-section-no\" data-id=\"678bea0f\" data-element_type=\"section\" data-settings=\"{&quot;background_background&quot;:&quot;classic&quot;}\">\n\t\t\t\t\t\t<div class=\"elementor-container elementor-column-gap-default\">\n\t\t\t\t\t<div class=\"elementor-column elementor-col-100 elementor-top-column elementor-element elementor-element-7ff04aeb\" data-id=\"7ff04aeb\" data-element_type=\"column\">\n\t\t\t<div class=\"elementor-widget-wrap elementor-element-populated\">\n\t\t\t\t\t\t<div class=\"elementor-element elementor-element-22c73bb1 elementor-widget elementor-widget-heading\" data-id=\"22c73bb1\" data-element_type=\"widget\" data-widget_type=\"heading.default\">\n\t\t\t\t<div class=\"elementor-widget-container\">\n\t\t\t\t\t<h1 class=\"elementor-heading-title elementor-size-default\">Harold Martina<\/h1>\t\t\t\t<\/div>\n\t\t\t\t<\/div>\n\t\t\t\t\t<\/div>\n\t\t<\/div>\n\t\t\t\t\t<\/div>\n\t\t<\/section>\n\t\t<div class=\"elementor-element elementor-element-c6d0b45 e-flex e-con-boxed wpr-particle-no wpr-jarallax-no wpr-parallax-no wpr-sticky-section-no e-con e-parent\" data-id=\"c6d0b45\" data-element_type=\"container\">\n\t\t\t\t\t<div class=\"e-con-inner\">\n\t\t\t\t<div class=\"elementor-element elementor-element-b69abdb elementor-widget elementor-widget-text-editor\" data-id=\"b69abdb\" data-element_type=\"widget\" data-widget_type=\"text-editor.default\">\n\t\t\t\t<div class=\"elementor-widget-container\">\n\t\t\t\t\t\t\t\t\t<p style=\"text-align: justify;\"><img fetchpriority=\"high\" decoding=\"async\" class=\"alignleft wp-image-2963\" src=\"https:\/\/blancauribepianocompetition.co\/wp-content\/uploads\/2024\/02\/Harold-Martina-300x300.jpg\" alt=\"\" width=\"450\" height=\"450\" srcset=\"https:\/\/blancauribepianocompetition.co\/wp-content\/uploads\/2024\/02\/Harold-Martina-300x300.jpg 300w, https:\/\/blancauribepianocompetition.co\/wp-content\/uploads\/2024\/02\/Harold-Martina-1024x1024.jpg 1024w, https:\/\/blancauribepianocompetition.co\/wp-content\/uploads\/2024\/02\/Harold-Martina-150x150.jpg 150w, https:\/\/blancauribepianocompetition.co\/wp-content\/uploads\/2024\/02\/Harold-Martina-768x768.jpg 768w, https:\/\/blancauribepianocompetition.co\/wp-content\/uploads\/2024\/02\/Harold-Martina-1536x1536.jpg 1536w, https:\/\/blancauribepianocompetition.co\/wp-content\/uploads\/2024\/02\/Harold-Martina-2048x2048.jpg 2048w, https:\/\/blancauribepianocompetition.co\/wp-content\/uploads\/2024\/02\/Harold-Martina-12x12.jpg 12w, https:\/\/blancauribepianocompetition.co\/wp-content\/uploads\/2024\/02\/Harold-Martina-200x200.jpg 200w\" sizes=\"(max-width: 450px) 100vw, 450px\" \/>Harold Martina. R\u00e9alisateur, pianiste. Il est n\u00e9 \u00e0 Cura\u00e7ao, aux Antilles n\u00e9erlandaises, en 1935. D\u00e8s son plus jeune \u00e2ge, il commence \u00e0 \u00e9tudier le piano et la musique avec les professeurs Patrick et Teun Don. Cependant, \u00e0 l&#039;\u00e2ge de neuf ans, il prend la d\u00e9cision de renoncer \u00e0 ces \u00e9tudes, attitude qu&#039;il maintiendra jusqu&#039;\u00e0 ce qu&#039;en 1954, \u00e0 la demande du professeur Anna Mar\u00eda Pennella, alors \u00e0 l&#039;Institut des Beaux-Arts de Medell\u00edn, il se tourne en raison de sa d\u00e9cision d&#039;enfance, il abandonne le g\u00e9nie chimique qu&#039;il \u00e9tait venu \u00e9tudier dans cette ville et se consacre enti\u00e8rement au piano.<\/p><p style=\"text-align: justify;\">\u00a0<\/p><p style=\"text-align: justify;\">Il se marie en 1958 et s&#039;installe peu apr\u00e8s \u00e0 Vienne, \u00e0 l&#039;Acad\u00e9mie de musique de laquelle et sous la direction du professeur Richard Hauser il obtient, quatre ans plus tard, le dipl\u00f4me \u00ab Summa cum laude \u00bb, une distinction qui n&#039;a plus \u00e9t\u00e9 d\u00e9cern\u00e9e depuis plus de 15 ans. dans ladite acad\u00e9mie. Il a \u00e9t\u00e9 directeur du Conservatoire de Musique de l&#039;Universit\u00e9 d&#039;Antioquia dans les ann\u00e9es 1970-71. Il \u00e9tait \u00e9galement professeur de piano dans la m\u00eame institution. En 1975, il a \u00e9t\u00e9 d\u00e9cor\u00e9 par la reine Juliana des Pays-Bas de l&#039;Ordre d&#039;Orange-Nassau et en 1990, il a \u00e9t\u00e9 \u00e9lu associ\u00e9 national des arts au sein du Comit\u00e9 national des membres honoraires de Sigma Alpha Iota, une fraternit\u00e9 musicale internationale. En 1985, il effectue une tourn\u00e9e en Allemagne avec le violoniste Frank Preuss et au Japon avec le violoniste Roni Rogoff.<\/p><p style=\"text-align: justify;\">\u00a0<\/p><p style=\"text-align: justify;\">Une autre tourn\u00e9e r\u00e9ussie a \u00e9t\u00e9 r\u00e9alis\u00e9e \u00e0 travers l&#039;Europe avec le Dutch Chamber Orchestra. Il effectue \u00e9galement des tourn\u00e9es dans plusieurs pays d&#039;Am\u00e9rique latine, d&#039;Europe et des \u00c9tats-Unis, toujours avec un succ\u00e8s critique et public extraordinaire. Il est professeur \u00e0 la Texas School of Music de la Fort Worth Christian University, o\u00f9 il s&#039;est \u00e9galement produit en tant que pianiste invit\u00e9. D\u00e8s son plus jeune \u00e2ge, il commence \u00e0 \u00e9tudier le piano et la musique avec les professeurs Patrick et Teun Don. Cependant, \u00e0 l&#039;\u00e2ge de neuf ans, il prend la d\u00e9cision de renoncer \u00e0 ces \u00e9tudes, attitude qu&#039;il maintiendra jusqu&#039;\u00e0 ce qu&#039;en 1954, \u00e0 la demande du professeur Anna Mar\u00eda Pennella, alors \u00e0 l&#039;Institut des Beaux-Arts de Medell\u00edn, il se tourne en raison de sa d\u00e9cision d&#039;enfance, il abandonne le g\u00e9nie chimique qu&#039;il \u00e9tait venu \u00e9tudier dans cette ville et se consacre enti\u00e8rement au piano. Il se marie en 1958 et s&#039;installe peu apr\u00e8s \u00e0 Vienne, \u00e0 l&#039;Acad\u00e9mie de musique de laquelle et sous la direction du professeur Richard Hauser il obtient, quatre ans plus tard, le dipl\u00f4me \u00ab Summa cum laude \u00bb, une distinction qui n&#039;avait pas \u00e9t\u00e9 accord\u00e9e depuis plus de 15 ans. dans ladite acad\u00e9mie. Il a \u00e9t\u00e9 directeur du Conservatoire de Musique de l&#039;Universit\u00e9 d&#039;Antioquia dans les ann\u00e9es 1970-71. Il \u00e9tait \u00e9galement professeur de piano dans la m\u00eame institution.<\/p><p style=\"text-align: justify;\">\u00a0<\/p><p style=\"text-align: justify;\">En 1975, il a \u00e9t\u00e9 d\u00e9cor\u00e9 par la reine Juliana des Pays-Bas de l&#039;Ordre d&#039;Orange-Nassau et en 1990, il a \u00e9t\u00e9 \u00e9lu associ\u00e9 national des arts au sein du Comit\u00e9 national des membres honoraires de Sigma Alpha Iota, une fraternit\u00e9 musicale internationale. En 1985, il effectue une tourn\u00e9e en Allemagne avec le violoniste Frank Preuss et au Japon avec le violoniste Roni Rogoff. Une autre tourn\u00e9e r\u00e9ussie a \u00e9t\u00e9 r\u00e9alis\u00e9e \u00e0 travers l&#039;Europe avec le Dutch Chamber Orchestra. Il effectue \u00e9galement des tourn\u00e9es dans plusieurs pays d&#039;Am\u00e9rique latine, d&#039;Europe et des \u00c9tats-Unis, toujours avec un succ\u00e8s critique et public extraordinaire. Il est professeur \u00e0 la Texas School of Music de la Fort Worth Christian University, o\u00f9 il s&#039;est \u00e9galement produit en tant que pianiste invit\u00e9.<\/p>\t\t\t\t\t\t\t\t<\/div>\n\t\t\t\t<\/div>\n\t\t\t\t\t<\/div>\n\t\t\t\t<\/div>\n\t\t\t\t<\/div>","protected":false},"excerpt":{"rendered":"<p>Harold Martina Harold Martina. Director, pianista. Naci\u00f3 en Curazao, Antillas Holandesas en 1935. Desde muy peque\u00f1o inici\u00f3 estudios de piano y m\u00fasica con los profesores Patrick y Teun Don. Sin embargo, a la edad de nueve a\u00f1os tom\u00f3 la decisi\u00f3n de prescindir de dichos estudios, actitud que conserv\u00f3 hasta que, en 1954, a instancias de la profesora Anna Mar\u00eda Pennella, en ese entonces en el Instituto de Bellas Artes de Medell\u00edn, dio vuelta a la decisi\u00f3n infantil, abandon\u00f3 la Ingenier\u00eda Qu\u00edmica que hab\u00eda venido a estudiar a esta ciudad, y se dedic\u00f3 enteramente al piano. \u00a0 Contrajo matrimonio en 1958 y poco despu\u00e9s se radic\u00f3 en Viena en cuya Academia de M\u00fasica y bajo la direcci\u00f3n del profesor Richard Hauser obtuvo, cuatro a\u00f1os despu\u00e9s, el grado \u201cSumma cum laude\u201d, honor que no hab\u00eda sido otorgado por mas de 15 a\u00f1os en dicha academia. Fue director del Conservatorio de M\u00fasica de la Universidad de Antioquia en el periodo 1970-71. Adem\u00e1s fue profesor de piano en la misma instituci\u00f3n. En 1975 fue condecorado por la Reina Juliana de Holanda con la Orden de Orange-Nassau y en 1990 fue elegido como asociado nacional de artes en The National Comit\u00e9 of Honorary Membership de Sigma Alpha Iota, la cual es una fraternidad internacional de m\u00fasica. En 1985 realiz\u00f3 giras por Alemania con el violinista Frank Preuss, y por el Jap\u00f3n con el violinista Roni Rogoff. \u00a0 Otra exitosa correr\u00eda fue la efectuada por Europa con la Orquesta de C\u00e1mara de Holanda. Adem\u00e1s efectu\u00f3 giras en varios pa\u00edses de Latinoam\u00e9rica, Europa y Estados Unidos, siempre con extraordinario \u00e9xito de cr\u00edtica y p\u00fablico. Es profesor de la Escuela de M\u00fasica de Texas de la Universidad Cristiana de Fort Worth, donde tambi\u00e9n ha actuado como pianista invitado. Desde muy peque\u00f1o inici\u00f3 estudios de piano y m\u00fasica con los profesores Patrick y Teun Don. Sin embargo, a la edad de nueve a\u00f1os tom\u00f3 la decisi\u00f3n de prescindir de dichos estudios, actitud que conserv\u00f3 hasta que, en 1954, a instancias de la profesora Anna Mar\u00eda Pennella, en ese entonces en el Instituto de Bellas Artes de Medell\u00edn, dio vuelta a la decisi\u00f3n infantil, abandon\u00f3 la Ingenier\u00eda Qu\u00edmica que hab\u00eda venido a estudiar a esta ciudad, y se dedic\u00f3 enteramente al piano. Contrajo matrimonio en 1958 y poco despu\u00e9s se radic\u00f3 en Viena en cuya Academia de M\u00fasica y bajo la direcci\u00f3n del profesor Richard Hauser obtuvo, cuatro a\u00f1os despu\u00e9s, el grado \u201cSumma cum laude\u201d, honor que no hab\u00eda sido otorgado por mas de 15 a\u00f1os en dicha academia. Fue director del Conservatorio de M\u00fasica de la Universidad de Antioquia en el periodo 1970-71. Adem\u00e1s fue profesor de piano en la misma instituci\u00f3n. \u00a0 En 1975 fue condecorado por la Reina Juliana de Holanda con la Orden de Orange-Nassau y en 1990 fue elegido como asociado nacional de artes en The National Comit\u00e9 of Honorary Membership de Sigma Alpha Iota, la cual es una fraternidad internacional de m\u00fasica. En 1985 realiz\u00f3 giras por Alemania con el violinista Frank Preuss, y por el Jap\u00f3n con el violinista Roni Rogoff. Otra exitosa correr\u00eda fue la efectuada por Europa con la Orquesta de C\u00e1mara de Holanda. Adem\u00e1s efectu\u00f3 giras en varios pa\u00edses de Latinoam\u00e9rica, Europa y Estados Unidos, siempre con extraordinario \u00e9xito de cr\u00edtica y p\u00fablico. Es profesor de la Escuela de M\u00fasica de Texas de la Universidad Cristiana de Fort Worth, donde tambi\u00e9n ha actuado como pianista invitado.<\/p>","protected":false},"author":1,"featured_media":0,"parent":0,"menu_order":0,"comment_status":"closed","ping_status":"closed","template":"","meta":{"_monsterinsights_skip_tracking":false,"_monsterinsights_sitenote_active":false,"_monsterinsights_sitenote_note":"","_monsterinsights_sitenote_category":0,"site-sidebar-layout":"no-sidebar","site-content-layout":"page-builder","ast-site-content-layout":"full-width-container","site-content-style":"default","site-sidebar-style":"default","ast-global-header-display":"","ast-banner-title-visibility":"","ast-main-header-display":"","ast-hfb-above-header-display":"","ast-hfb-below-header-display":"","ast-hfb-mobile-header-display":"","site-post-title":"disabled","ast-breadcrumbs-content":"","ast-featured-img":"disabled","footer-sml-layout":"","theme-transparent-header-meta":"","adv-header-id-meta":"","stick-header-meta":"","header-above-stick-meta":"","header-main-stick-meta":"","header-below-stick-meta":"","astra-migrate-meta-layouts":"set","ast-page-background-enabled":"default","ast-page-background-meta":{"desktop":{"background-color":"var(--ast-global-color-4)","background-image":"","background-repeat":"repeat","background-position":"center center","background-size":"auto","background-attachment":"scroll","background-type":"","background-media":"","overlay-type":"","overlay-color":"","overlay-opacity":"","overlay-gradient":""},"tablet":{"background-color":"","background-image":"","background-repeat":"repeat","background-position":"center center","background-size":"auto","background-attachment":"scroll","background-type":"","background-media":"","overlay-type":"","overlay-color":"","overlay-opacity":"","overlay-gradient":""},"mobile":{"background-color":"","background-image":"","background-repeat":"repeat","background-position":"center center","background-size":"auto","background-attachment":"scroll","background-type":"","background-media":"","overlay-type":"","overlay-color":"","overlay-opacity":"","overlay-gradient":""}},"ast-content-background-meta":{"desktop":{"background-color":"var(--ast-global-color-5)","background-image":"","background-repeat":"repeat","background-position":"center center","background-size":"auto","background-attachment":"scroll","background-type":"","background-media":"","overlay-type":"","overlay-color":"","overlay-opacity":"","overlay-gradient":""},"tablet":{"background-color":"var(--ast-global-color-5)","background-image":"","background-repeat":"repeat","background-position":"center center","background-size":"auto","background-attachment":"scroll","background-type":"","background-media":"","overlay-type":"","overlay-color":"","overlay-opacity":"","overlay-gradient":""},"mobile":{"background-color":"var(--ast-global-color-5)","background-image":"","background-repeat":"repeat","background-position":"center center","background-size":"auto","background-attachment":"scroll","background-type":"","background-media":"","overlay-type":"","overlay-color":"","overlay-opacity":"","overlay-gradient":""}},"_joinchat":[],"footnotes":""},"class_list":["post-3075","page","type-page","status-publish","hentry"],"aioseo_notices":[],"_links":{"self":[{"href":"https:\/\/blancauribepianocompetition.co\/fr\/wp-json\/wp\/v2\/pages\/3075","targetHints":{"allow":["GET"]}}],"collection":[{"href":"https:\/\/blancauribepianocompetition.co\/fr\/wp-json\/wp\/v2\/pages"}],"about":[{"href":"https:\/\/blancauribepianocompetition.co\/fr\/wp-json\/wp\/v2\/types\/page"}],"author":[{"embeddable":true,"href":"https:\/\/blancauribepianocompetition.co\/fr\/wp-json\/wp\/v2\/users\/1"}],"replies":[{"embeddable":true,"href":"https:\/\/blancauribepianocompetition.co\/fr\/wp-json\/wp\/v2\/comments?post=3075"}],"version-history":[{"count":16,"href":"https:\/\/blancauribepianocompetition.co\/fr\/wp-json\/wp\/v2\/pages\/3075\/revisions"}],"predecessor-version":[{"id":3187,"href":"https:\/\/blancauribepianocompetition.co\/fr\/wp-json\/wp\/v2\/pages\/3075\/revisions\/3187"}],"wp:attachment":[{"href":"https:\/\/blancauribepianocompetition.co\/fr\/wp-json\/wp\/v2\/media?parent=3075"}],"curies":[{"name":"wp","href":"https:\/\/api.w.org\/{rel}","templated":true}]}}