{"id":3043,"date":"2024-02-12T14:46:50","date_gmt":"2024-02-12T14:46:50","guid":{"rendered":"https:\/\/blancauribepianocompetition.co\/?page_id=3043"},"modified":"2024-02-12T16:56:57","modified_gmt":"2024-02-12T16:56:57","slug":"juan-camilo-rojas-2","status":"publish","type":"page","link":"https:\/\/blancauribepianocompetition.co\/fr\/juan-camilo-rojas-2\/","title":{"rendered":"Juan Camilo Rojas"},"content":{"rendered":"<div data-elementor-type=\"wp-page\" data-elementor-id=\"3043\" class=\"elementor elementor-3043\">\n\t\t\t\t\t\t<section class=\"elementor-section elementor-top-section elementor-element elementor-element-49b71e9c elementor-section-height-min-height elementor-section-full_width elementor-section-height-default elementor-section-items-middle wpr-particle-no wpr-jarallax-no wpr-parallax-no wpr-sticky-section-no\" data-id=\"49b71e9c\" data-element_type=\"section\" data-settings=\"{&quot;background_background&quot;:&quot;classic&quot;}\">\n\t\t\t\t\t\t<div class=\"elementor-container elementor-column-gap-default\">\n\t\t\t\t\t<div class=\"elementor-column elementor-col-100 elementor-top-column elementor-element elementor-element-61070bab\" data-id=\"61070bab\" data-element_type=\"column\">\n\t\t\t<div class=\"elementor-widget-wrap elementor-element-populated\">\n\t\t\t\t\t\t<div class=\"elementor-element elementor-element-498d54b0 elementor-widget elementor-widget-heading\" data-id=\"498d54b0\" data-element_type=\"widget\" data-widget_type=\"heading.default\">\n\t\t\t\t<div class=\"elementor-widget-container\">\n\t\t\t\t\t<h1 class=\"elementor-heading-title elementor-size-default\">Juan Camilo Rojas<\/h1>\t\t\t\t<\/div>\n\t\t\t\t<\/div>\n\t\t\t\t\t<\/div>\n\t\t<\/div>\n\t\t\t\t\t<\/div>\n\t\t<\/section>\n\t\t<div class=\"elementor-element elementor-element-3b0fbe7 e-flex e-con-boxed wpr-particle-no wpr-jarallax-no wpr-parallax-no wpr-sticky-section-no e-con e-parent\" data-id=\"3b0fbe7\" data-element_type=\"container\">\n\t\t\t\t\t<div class=\"e-con-inner\">\n\t\t\t\t<div class=\"elementor-element elementor-element-1bdd558 elementor-widget elementor-widget-text-editor\" data-id=\"1bdd558\" data-element_type=\"widget\" data-widget_type=\"text-editor.default\">\n\t\t\t\t<div class=\"elementor-widget-container\">\n\t\t\t\t\t\t\t\t\t<p style=\"text-align: justify;\"><img fetchpriority=\"high\" decoding=\"async\" class=\"alignleft wp-image-2957\" src=\"https:\/\/blancauribepianocompetition.co\/wp-content\/uploads\/2024\/02\/Juan-Camilo-Rojas-300x300.jpg\" alt=\"\" width=\"600\" height=\"600\" srcset=\"https:\/\/blancauribepianocompetition.co\/wp-content\/uploads\/2024\/02\/Juan-Camilo-Rojas-300x300.jpg 300w, https:\/\/blancauribepianocompetition.co\/wp-content\/uploads\/2024\/02\/Juan-Camilo-Rojas-1024x1024.jpg 1024w, https:\/\/blancauribepianocompetition.co\/wp-content\/uploads\/2024\/02\/Juan-Camilo-Rojas-150x150.jpg 150w, https:\/\/blancauribepianocompetition.co\/wp-content\/uploads\/2024\/02\/Juan-Camilo-Rojas-768x768.jpg 768w, https:\/\/blancauribepianocompetition.co\/wp-content\/uploads\/2024\/02\/Juan-Camilo-Rojas-1536x1536.jpg 1536w, https:\/\/blancauribepianocompetition.co\/wp-content\/uploads\/2024\/02\/Juan-Camilo-Rojas-2048x2048.jpg 2048w, https:\/\/blancauribepianocompetition.co\/wp-content\/uploads\/2024\/02\/Juan-Camilo-Rojas-12x12.jpg 12w, https:\/\/blancauribepianocompetition.co\/wp-content\/uploads\/2024\/02\/Juan-Camilo-Rojas-200x200.jpg 200w\" sizes=\"(max-width: 600px) 100vw, 600px\" \/>Le pianiste colombien Juan Camilo Rojas a \u00e9tudi\u00e9 \u00e0 l&#039;Universidad del Valle (Cali) sous la direction du professeur Patricia P\u00e9rez Hood, les poursuivant en Allemagne \u00e0 la Musikhochschule L\u00fcbeck avec le professeur Prof. Jacques Ammon avec lequel il a \u00e9galement obtenu son dipl\u00f4me en interpr\u00e9tation et p\u00e9dagogie instrumentale. en 2015. En tant qu&#039;\u00e9tudiant Erasmus, Rojas a \u00e9tudi\u00e9 \u00e0 l&#039;Universit\u00e4t Mozarteum de Salzbourg avec le pianiste Prof. Peter Lang.<\/p><p style=\"text-align: justify;\">\u00a0<\/p><p style=\"text-align: justify;\">Rojas a \u00e9t\u00e9 laur\u00e9at de plusieurs prix parmi lesquels : \u00ab Jeunes Solistes \u00bb de la Filarm\u00f3nica del Valle (2002), 3\u00e8me place au Concours International de Piano Mar\u00eda Clara Cullell (Costa Rica, 2004), 1\u00e8re place au Concours National de Piano \u00ab Luis Carlos \u00bb Concours Figueroa \u00bb (Colombie, 2008) et 4\u00e8me place au Concours International de Piano \u00ab Musicalia \u00bb (Cuba, 2009).<\/p><p style=\"text-align: justify;\">\u00a0<\/p><p style=\"text-align: justify;\">Rojas a \u00e9galement re\u00e7u d&#039;importantes impulsions artistiques d&#039;artistes renomm\u00e9s, parmi lesquels : Jahoved Kaplinsky, Janina Fialkowska, Konrad Elser, Blanca Uribe, Walter Blankenheim, Christoph Ullrich et Luca Chiantore.<\/p><p style=\"text-align: justify;\">\u00a0<\/p><p style=\"text-align: justify;\">En Colombie, Rojas a jou\u00e9 comme soliste avec la Philharmonie de Valle, la Jeune Philharmonie du Conservatoire Antonio Mar\u00eda Valencia et la Musique D\u00e9partementale des Beaux-Arts. Rojas a \u00e9galement donn\u00e9 des r\u00e9citals \u00e0 Cuba, au Mexique, au Costa Rica, en Allemagne et en Espagne.<\/p><p style=\"text-align: justify;\">\u00a0<\/p><p style=\"text-align: justify;\">Juan Camilo poursuit actuellement des \u00e9tudes doctorales (recherche artistique \u2013 interpr\u00e9tation) \u00e0 l&#039;Universit\u00e9 d&#039;Aveiro (Portugal) sous la direction du pianiste et musicologue Dr Luca Chiantore. En tant que chercheur, il a donn\u00e9 des conf\u00e9rences-r\u00e9citals \u00e0 la Sorbonne Universit\u00e9 de Paris, \u00e0 l&#039;Universit\u00e9 de Musique et des Arts du Spectacle de Vienne, au 2\u00e8me Congr\u00e8s international de piano pratique (Portugal), aux Rencontres de recherche artistique Diego Ghymers (Espagne) et aux 1\u00e8res Conf\u00e9rences de recherche artistique en Musique des Pyr\u00e9n\u00e9es (Espagne).<\/p><p style=\"text-align: justify;\">\u00a0<\/p><p style=\"text-align: justify;\">Avec le violoncelliste Diego Hern\u00e1ndez-Vidal, il forme le Duo Rojas-Hern\u00e1ndez qui s&#039;est produit dans divers festivals tels que le II Festival de musique de chambre de Popay\u00e1n, le VII Festival international de musique de chambre de Cali, la s\u00e9rie de concerts Beethoven 7.30 et le VI Festival international de musique classique de Bogota \u00ab Bogota, c&#039;est la France \u2013 La Belle \u00c9poque \u00bb.<\/p><p style=\"text-align: justify;\">\u00a0<\/p><p style=\"text-align: justify;\">Rojas a \u00e9t\u00e9 jury de la dixi\u00e8me \u00e9dition du Festival Pianissimo de Medell\u00edn et d\u00e9veloppe actuellement un projet de recherche avec la violoniste Diana Rodr\u00edguez pour r\u00e9aliser l&#039;enregistrement de l&#039;\u0153uvre compl\u00e8te pour violon et piano des compositeurs Luis Carlos Figueroa et Mario G\u00f3mez Vignes. .<\/p><p style=\"text-align: justify;\">\u00a0<\/p><p style=\"text-align: justify;\">Rojas a travaill\u00e9 comme professeur \u00e0 l&#039;Akademie Hamburg f\u00fcr Musik und Kultur, Musik- und Kunstakademie L\u00fcbeck, Klavierstudio Winterhude (Allemagne), Musikeon (Espagne) et au Conservatoire Antonio Maria Valencia (Cali). Il travaille actuellement comme professeur assistant et directeur de l&#039;\u00c9cole de Musique de l&#039;Universit\u00e9 del Valle (Cali).<\/p>\t\t\t\t\t\t\t\t<\/div>\n\t\t\t\t<\/div>\n\t\t\t\t\t<\/div>\n\t\t\t\t<\/div>\n\t\t\t\t<\/div>","protected":false},"excerpt":{"rendered":"<p>Juan Camilo Rojas El pianista colombiano Juan Camilo Rojas realiz\u00f3 sus estudios en la Universidad del Valle (Cali) bajo la orientaci\u00f3n de la maestra Patricia P\u00e9rez Hood, continu\u00e1ndolos en Alemania en la Musikhochschule L\u00fcbeck con el maestro Prof. Jacques Ammon con quien adem\u00e1s obtuvo su grado en Interpretaci\u00f3n y Pedagog\u00eda instrumental en 2015. Como estudiante de Erasmus Rojas estudi\u00f3 en la Universit\u00e4t Mozarteum Salzburg con el pianista Prof. Peter Lang. \u00a0 Rojas ha sido ganador de varios premios incluyendo: \u201cJ\u00f3venes Solistas\u201d de la Filarm\u00f3nica del Valle (2002), 3er puesto del Concurso Internacional de Piano Mar\u00eda Clara Cullell (Costa Rica, 2004), 1er puesto en el Concurso Nacional de Piano \u201cLuis Carlos Figueroa\u201d (Colombia, 2008) y 4to puesto en el Concurso Internacional de Piano \u201cMusicalia\u201d (Cuba, 2009). \u00a0 Rojas ha recibido adem\u00e1s importantes impulsos art\u00edsticos de reconocidos artistas, entre ellos: Jahoved Kaplinsky, Janina Fialkowska, Konrad Elser, Blanca Uribe, Walter Blankenheim, Christoph Ullrich y Luca Chiantore. \u00a0 En Colombia Rojas ha tocado como solista con la Filarm\u00f3nica del Valle, la Filarm\u00f3nica Joven del Conservatorio Antonio Mar\u00eda Valencia y la Banda Departamental de Bellas Artes. Adem\u00e1s, Rojas ha ofrecido recitales en Cuba, M\u00e9xico, Costa Rica, Alemania y Espa\u00f1a. \u00a0 Actualmente Juan Camilo realiza estudios doctorales (investigaci\u00f3n art\u00edstica \u2013 interpretaci\u00f3n) en la Universidad de Aveiro (Portugal) bajo la orientaci\u00f3n del pianista y music\u00f3logo Dr. Luca Chiantore. Como investigador ha ofrecido conferencias-recitales en el Universidad La Sorbona de Par\u00eds, Universidad de M\u00fasica y Artes Esc\u00e9nicas de Viena, 2do congreso internacional Hands-On Piano (Portugal), encuentros de investigaci\u00f3n art\u00edstica Diego Ghymers (Espa\u00f1a) y 1ras Jornadas de investigaci\u00f3n art\u00edstica en M\u00fasica de los Pirineos (Espa\u00f1a). \u00a0 Con el violonchelista Diego Hern\u00e1ndez-Vidal conforma el D\u00fao Rojas-Hern\u00e1ndez el cual se ha presentado en diversos festivales como el II Festival de M\u00fasica de c\u00e1mara de Popay\u00e1n, VII Festival Internacional de M\u00fasica de C\u00e1mara de Cali, serie de conciertos Beethoven 7.30 y en el VI Festival Internacional de M\u00fasica Cl\u00e1sica de Bogot\u00e1 \u201cBogot\u00e1 es Francia \u2013 La Belle \u00c9poque\u201d. \u00a0 Rojas ha sido jurado de la d\u00e9cima edici\u00f3n del Festival Pianissimo en Medell\u00edn y actualmente desarrolla un proyecto de investigaci\u00f3n con la violinista Diana Rodr\u00edguez para llevar a cabo la grabaci\u00f3n de la obra completa para viol\u00edn y piano de los compositores Luis Carlos Figueroa y Mario G\u00f3mez Vignes. \u00a0 Rojas se ha desempe\u00f1ado como docente en la Akademie Hamburg f\u00fcr Musik und Kultur, Musik- und Kunstakademie L\u00fcbeck, Klavierstudio Winterhude (Alemania), Musikeon (Espa\u00f1a) y conservatorio Antonio Maria Valencia (Cali). Actualmente se desempa\u00f1a como profesor asistente y Director de la Escuela de M\u00fasica de la Universidad del Valle (Cali).<\/p>","protected":false},"author":1,"featured_media":0,"parent":0,"menu_order":0,"comment_status":"closed","ping_status":"closed","template":"","meta":{"_monsterinsights_skip_tracking":false,"_monsterinsights_sitenote_active":false,"_monsterinsights_sitenote_note":"","_monsterinsights_sitenote_category":0,"site-sidebar-layout":"no-sidebar","site-content-layout":"page-builder","ast-site-content-layout":"full-width-container","site-content-style":"default","site-sidebar-style":"default","ast-global-header-display":"","ast-banner-title-visibility":"","ast-main-header-display":"","ast-hfb-above-header-display":"","ast-hfb-below-header-display":"","ast-hfb-mobile-header-display":"","site-post-title":"disabled","ast-breadcrumbs-content":"","ast-featured-img":"disabled","footer-sml-layout":"","theme-transparent-header-meta":"","adv-header-id-meta":"","stick-header-meta":"","header-above-stick-meta":"","header-main-stick-meta":"","header-below-stick-meta":"","astra-migrate-meta-layouts":"set","ast-page-background-enabled":"default","ast-page-background-meta":{"desktop":{"background-color":"var(--ast-global-color-4)","background-image":"","background-repeat":"repeat","background-position":"center center","background-size":"auto","background-attachment":"scroll","background-type":"","background-media":"","overlay-type":"","overlay-color":"","overlay-opacity":"","overlay-gradient":""},"tablet":{"background-color":"","background-image":"","background-repeat":"repeat","background-position":"center center","background-size":"auto","background-attachment":"scroll","background-type":"","background-media":"","overlay-type":"","overlay-color":"","overlay-opacity":"","overlay-gradient":""},"mobile":{"background-color":"","background-image":"","background-repeat":"repeat","background-position":"center center","background-size":"auto","background-attachment":"scroll","background-type":"","background-media":"","overlay-type":"","overlay-color":"","overlay-opacity":"","overlay-gradient":""}},"ast-content-background-meta":{"desktop":{"background-color":"var(--ast-global-color-5)","background-image":"","background-repeat":"repeat","background-position":"center center","background-size":"auto","background-attachment":"scroll","background-type":"","background-media":"","overlay-type":"","overlay-color":"","overlay-opacity":"","overlay-gradient":""},"tablet":{"background-color":"var(--ast-global-color-5)","background-image":"","background-repeat":"repeat","background-position":"center center","background-size":"auto","background-attachment":"scroll","background-type":"","background-media":"","overlay-type":"","overlay-color":"","overlay-opacity":"","overlay-gradient":""},"mobile":{"background-color":"var(--ast-global-color-5)","background-image":"","background-repeat":"repeat","background-position":"center center","background-size":"auto","background-attachment":"scroll","background-type":"","background-media":"","overlay-type":"","overlay-color":"","overlay-opacity":"","overlay-gradient":""}},"_joinchat":[],"footnotes":""},"class_list":["post-3043","page","type-page","status-publish","hentry"],"aioseo_notices":[],"_links":{"self":[{"href":"https:\/\/blancauribepianocompetition.co\/fr\/wp-json\/wp\/v2\/pages\/3043","targetHints":{"allow":["GET"]}}],"collection":[{"href":"https:\/\/blancauribepianocompetition.co\/fr\/wp-json\/wp\/v2\/pages"}],"about":[{"href":"https:\/\/blancauribepianocompetition.co\/fr\/wp-json\/wp\/v2\/types\/page"}],"author":[{"embeddable":true,"href":"https:\/\/blancauribepianocompetition.co\/fr\/wp-json\/wp\/v2\/users\/1"}],"replies":[{"embeddable":true,"href":"https:\/\/blancauribepianocompetition.co\/fr\/wp-json\/wp\/v2\/comments?post=3043"}],"version-history":[{"count":7,"href":"https:\/\/blancauribepianocompetition.co\/fr\/wp-json\/wp\/v2\/pages\/3043\/revisions"}],"predecessor-version":[{"id":3196,"href":"https:\/\/blancauribepianocompetition.co\/fr\/wp-json\/wp\/v2\/pages\/3043\/revisions\/3196"}],"wp:attachment":[{"href":"https:\/\/blancauribepianocompetition.co\/fr\/wp-json\/wp\/v2\/media?parent=3043"}],"curies":[{"name":"wp","href":"https:\/\/api.w.org\/{rel}","templated":true}]}}