{"id":3019,"date":"2024-02-12T14:27:54","date_gmt":"2024-02-12T14:27:54","guid":{"rendered":"https:\/\/blancauribepianocompetition.co\/?page_id=3019"},"modified":"2024-02-12T16:38:36","modified_gmt":"2024-02-12T16:38:36","slug":"pedro-mejia-2","status":"publish","type":"page","link":"https:\/\/blancauribepianocompetition.co\/fr\/pedro-mejia-2\/","title":{"rendered":"Pedro Mej\u00eda"},"content":{"rendered":"<div data-elementor-type=\"wp-page\" data-elementor-id=\"3019\" class=\"elementor elementor-3019\">\n\t\t\t\t\t\t<section class=\"elementor-section elementor-top-section elementor-element elementor-element-1d6b0988 elementor-section-height-min-height elementor-section-full_width elementor-section-height-default elementor-section-items-middle wpr-particle-no wpr-jarallax-no wpr-parallax-no wpr-sticky-section-no\" data-id=\"1d6b0988\" data-element_type=\"section\" data-settings=\"{&quot;background_background&quot;:&quot;classic&quot;}\">\n\t\t\t\t\t\t<div class=\"elementor-container elementor-column-gap-default\">\n\t\t\t\t\t<div class=\"elementor-column elementor-col-100 elementor-top-column elementor-element elementor-element-7b7b268e\" data-id=\"7b7b268e\" data-element_type=\"column\">\n\t\t\t<div class=\"elementor-widget-wrap elementor-element-populated\">\n\t\t\t\t\t\t<div class=\"elementor-element elementor-element-6dcaae18 elementor-widget elementor-widget-heading\" data-id=\"6dcaae18\" data-element_type=\"widget\" data-widget_type=\"heading.default\">\n\t\t\t\t<div class=\"elementor-widget-container\">\n\t\t\t\t\t<h1 class=\"elementor-heading-title elementor-size-default\">Pedro Mej\u00eda<\/h1>\t\t\t\t<\/div>\n\t\t\t\t<\/div>\n\t\t\t\t\t<\/div>\n\t\t<\/div>\n\t\t\t\t\t<\/div>\n\t\t<\/section>\n\t\t<div class=\"elementor-element elementor-element-9335bfb e-flex e-con-boxed wpr-particle-no wpr-jarallax-no wpr-parallax-no wpr-sticky-section-no e-con e-parent\" data-id=\"9335bfb\" data-element_type=\"container\">\n\t\t\t\t\t<div class=\"e-con-inner\">\n\t\t<div class=\"elementor-element elementor-element-08b7304 e-con-full e-flex wpr-particle-no wpr-jarallax-no wpr-parallax-no wpr-sticky-section-no e-con e-child\" data-id=\"08b7304\" data-element_type=\"container\">\n\t\t\t\t<div class=\"elementor-element elementor-element-11a3137 elementor-widget elementor-widget-image\" data-id=\"11a3137\" data-element_type=\"widget\" data-widget_type=\"image.default\">\n\t\t\t\t<div class=\"elementor-widget-container\">\n\t\t\t\t\t\t\t\t\t\t\t\t\t\t\t<img fetchpriority=\"high\" decoding=\"async\" width=\"1024\" height=\"1024\" src=\"https:\/\/blancauribepianocompetition.co\/wp-content\/uploads\/2024\/02\/Pedro-Mejia-1024x1024.jpg\" class=\"attachment-large size-large wp-image-2959\" alt=\"\" srcset=\"https:\/\/blancauribepianocompetition.co\/wp-content\/uploads\/2024\/02\/Pedro-Mejia-1024x1024.jpg 1024w, https:\/\/blancauribepianocompetition.co\/wp-content\/uploads\/2024\/02\/Pedro-Mejia-300x300.jpg 300w, https:\/\/blancauribepianocompetition.co\/wp-content\/uploads\/2024\/02\/Pedro-Mejia-150x150.jpg 150w, https:\/\/blancauribepianocompetition.co\/wp-content\/uploads\/2024\/02\/Pedro-Mejia-768x768.jpg 768w, https:\/\/blancauribepianocompetition.co\/wp-content\/uploads\/2024\/02\/Pedro-Mejia-1536x1536.jpg 1536w, https:\/\/blancauribepianocompetition.co\/wp-content\/uploads\/2024\/02\/Pedro-Mejia-2048x2048.jpg 2048w, https:\/\/blancauribepianocompetition.co\/wp-content\/uploads\/2024\/02\/Pedro-Mejia-12x12.jpg 12w, https:\/\/blancauribepianocompetition.co\/wp-content\/uploads\/2024\/02\/Pedro-Mejia-200x200.jpg 200w\" sizes=\"(max-width: 1024px) 100vw, 1024px\" \/>\t\t\t\t\t\t\t\t\t\t\t\t\t\t\t<\/div>\n\t\t\t\t<\/div>\n\t\t\t\t<\/div>\n\t\t<div class=\"elementor-element elementor-element-961a898 e-con-full e-flex wpr-particle-no wpr-jarallax-no wpr-parallax-no wpr-sticky-section-no e-con e-child\" data-id=\"961a898\" data-element_type=\"container\">\n\t\t\t\t<div class=\"elementor-element elementor-element-5285e3d elementor-widget elementor-widget-text-editor\" data-id=\"5285e3d\" data-element_type=\"widget\" data-widget_type=\"text-editor.default\">\n\t\t\t\t<div class=\"elementor-widget-container\">\n\t\t\t\t\t\t\t\t\t<p style=\"text-align: justify;\">Le pianiste colombien Pedro Mej\u00eda a \u00e9tudi\u00e9 dans des universit\u00e9s renomm\u00e9es telles que l&#039;Universit\u00e9 nationale de Colombie, sous la direction de Piedad P\u00e9rez et HelviaMendoza, \u00e0 la Hochschule f\u00fcr Musik der Johannes Gutenberg Universit\u00e4t de Mayence, en Allemagne, avec le maestro argentin Oscar Vetre, et r\u00e9cemment , il a compl\u00e9t\u00e9 son doctorat en interpr\u00e9tation pianistique \u00e0 la Frost School of Music de l&#039;Universit\u00e9 de Miami dans la classe du professeur Tian Ying. Sa th\u00e8se de doctorat \u00e9tait consacr\u00e9e \u00e0 la vie et \u00e0 l&#039;\u0153uvre pianistique du compositeur colombo-italien Mauricio Nasi Lignarolo (1949-2023).<\/p><p>\u00a0<\/p><p style=\"text-align: justify;\">Actuellement, parall\u00e8lement \u00e0 son activit\u00e9 de pianiste concertiste, il est professeur de piano \u00e0 temps plein \u00e0 l&#039;Universidad del Atl\u00e1ntico de Barranquilla, en Colombie, o\u00f9 il se distingue par sa production acad\u00e9mique en tant que chercheur pour le groupe Arte-Acci\u00f3n, puisqu&#039;il d\u00e9veloppe un documentaire sur la vie et l&#039;\u0153uvre de Mauricio Nasi, ainsi que sur l&#039;enregistrement et la publication de ses \u0153uvres pour piano.<\/p><p>\u00a0<\/p><p style=\"text-align: justify;\">Pedro a jou\u00e9 plusieurs concertos pour piano et orchestre sous la direction de chefs d&#039;orchestre exceptionnels et a remport\u00e9 des prix et des mentions dans diff\u00e9rents concours. Son r\u00e9pertoire de musique de chambre et de pianiste r\u00e9gulier est vaste, puisqu&#039;il a \u00e9t\u00e9 invit\u00e9 \u00e0 accompagner plusieurs festivals d&#039;op\u00e9ra, de cordes et de cuivres. Parall\u00e8lement \u00e0 ses \u00e9tudes de piano, il s&#039;aventure dans la musique ancienne, interpr\u00e9tant entre autres au clavecin des \u0153uvres de Buxtehude, Benda, Frescobali, Rameau.<\/p>\t\t\t\t\t\t\t\t<\/div>\n\t\t\t\t<\/div>\n\t\t\t\t<\/div>\n\t\t\t\t\t<\/div>\n\t\t\t\t<\/div>\n\t\t\t\t<\/div>","protected":false},"excerpt":{"rendered":"<p>Pedro Mej\u00eda El pianista colombiano Pedro Mej\u00eda ha cursado sus estudios en reconocidas universidades como lo son la Universidad Nacional de Colombia, bajo la gu\u00eda de Piedad P\u00e9rez y HelviaMendoza, en la Hochschule f\u00fcr Musik der Johannes Gutenberg Universit\u00e4t en Mainz, Alemania, con el Maestro argentino Oscar Vetre, y recientemente, concluy\u00f3 su doctorado en interpretaci\u00f3n del piano en la Frost School of Music, de la University of Miami en la clase del Prof. Tian Ying. Su tesis doctoral la dedic\u00f3 a la vida y obra pian\u00edstica del compositor Colombo-Italiano Mauricio Nasi Lignarolo (1949-2023). \u00a0 Actualmente, en conjunto con su actividad como concertista, es docente de piano de planta de la Universidad del Atl\u00e1ntico en Barranquilla, Colombia, donde se destaca por su producci\u00f3n acad\u00e9mica como investigador del grupo Arte-Acci\u00f3n, pues se encuentradesarrollando un documental sobre la vida y obra de Mauricio Nasi, as\u00ed como la grabaci\u00f3n y publicaci\u00f3n de sus obras pian\u00edsticas. \u00a0 Pedro ha tocado varios conciertos para piano y orquesta bajo la batuta de destacados directores y ha ganado premios y menciones en diferentes concursos. Su repertorio de m\u00fasica de c\u00e1mara y como pianista correpetidor es extenso, pues ha sido invitado a acompa\u00f1ar varios festivales de \u00f3pera, cuerdas y brass. Adem\u00e1s de sus estudios pian\u00edsticos, ha incursionado en la m\u00fasica antigua interpretando en el clavec\u00edn de obras de Buxtehude, Benda, Frescobali, Rameau, entre otros.<\/p>","protected":false},"author":1,"featured_media":0,"parent":0,"menu_order":0,"comment_status":"closed","ping_status":"closed","template":"","meta":{"_monsterinsights_skip_tracking":false,"_monsterinsights_sitenote_active":false,"_monsterinsights_sitenote_note":"","_monsterinsights_sitenote_category":0,"site-sidebar-layout":"no-sidebar","site-content-layout":"page-builder","ast-site-content-layout":"full-width-container","site-content-style":"default","site-sidebar-style":"default","ast-global-header-display":"","ast-banner-title-visibility":"","ast-main-header-display":"","ast-hfb-above-header-display":"","ast-hfb-below-header-display":"","ast-hfb-mobile-header-display":"","site-post-title":"disabled","ast-breadcrumbs-content":"","ast-featured-img":"disabled","footer-sml-layout":"","theme-transparent-header-meta":"","adv-header-id-meta":"","stick-header-meta":"","header-above-stick-meta":"","header-main-stick-meta":"","header-below-stick-meta":"","astra-migrate-meta-layouts":"set","ast-page-background-enabled":"default","ast-page-background-meta":{"desktop":{"background-color":"var(--ast-global-color-4)","background-image":"","background-repeat":"repeat","background-position":"center center","background-size":"auto","background-attachment":"scroll","background-type":"","background-media":"","overlay-type":"","overlay-color":"","overlay-opacity":"","overlay-gradient":""},"tablet":{"background-color":"","background-image":"","background-repeat":"repeat","background-position":"center center","background-size":"auto","background-attachment":"scroll","background-type":"","background-media":"","overlay-type":"","overlay-color":"","overlay-opacity":"","overlay-gradient":""},"mobile":{"background-color":"","background-image":"","background-repeat":"repeat","background-position":"center center","background-size":"auto","background-attachment":"scroll","background-type":"","background-media":"","overlay-type":"","overlay-color":"","overlay-opacity":"","overlay-gradient":""}},"ast-content-background-meta":{"desktop":{"background-color":"var(--ast-global-color-5)","background-image":"","background-repeat":"repeat","background-position":"center center","background-size":"auto","background-attachment":"scroll","background-type":"","background-media":"","overlay-type":"","overlay-color":"","overlay-opacity":"","overlay-gradient":""},"tablet":{"background-color":"var(--ast-global-color-5)","background-image":"","background-repeat":"repeat","background-position":"center center","background-size":"auto","background-attachment":"scroll","background-type":"","background-media":"","overlay-type":"","overlay-color":"","overlay-opacity":"","overlay-gradient":""},"mobile":{"background-color":"var(--ast-global-color-5)","background-image":"","background-repeat":"repeat","background-position":"center center","background-size":"auto","background-attachment":"scroll","background-type":"","background-media":"","overlay-type":"","overlay-color":"","overlay-opacity":"","overlay-gradient":""}},"_joinchat":[],"footnotes":""},"class_list":["post-3019","page","type-page","status-publish","hentry"],"aioseo_notices":[],"_links":{"self":[{"href":"https:\/\/blancauribepianocompetition.co\/fr\/wp-json\/wp\/v2\/pages\/3019","targetHints":{"allow":["GET"]}}],"collection":[{"href":"https:\/\/blancauribepianocompetition.co\/fr\/wp-json\/wp\/v2\/pages"}],"about":[{"href":"https:\/\/blancauribepianocompetition.co\/fr\/wp-json\/wp\/v2\/types\/page"}],"author":[{"embeddable":true,"href":"https:\/\/blancauribepianocompetition.co\/fr\/wp-json\/wp\/v2\/users\/1"}],"replies":[{"embeddable":true,"href":"https:\/\/blancauribepianocompetition.co\/fr\/wp-json\/wp\/v2\/comments?post=3019"}],"version-history":[{"count":13,"href":"https:\/\/blancauribepianocompetition.co\/fr\/wp-json\/wp\/v2\/pages\/3019\/revisions"}],"predecessor-version":[{"id":3174,"href":"https:\/\/blancauribepianocompetition.co\/fr\/wp-json\/wp\/v2\/pages\/3019\/revisions\/3174"}],"wp:attachment":[{"href":"https:\/\/blancauribepianocompetition.co\/fr\/wp-json\/wp\/v2\/media?parent=3019"}],"curies":[{"name":"wp","href":"https:\/\/api.w.org\/{rel}","templated":true}]}}