{"id":3239,"date":"2024-03-01T12:54:34","date_gmt":"2024-03-01T12:54:34","guid":{"rendered":"https:\/\/blancauribepianocompetition.co\/?page_id=3239"},"modified":"2024-03-01T12:58:39","modified_gmt":"2024-03-01T12:58:39","slug":"juan-alonso-mendoza","status":"publish","type":"page","link":"https:\/\/blancauribepianocompetition.co\/en\/juan-alonso-mendoza\/","title":{"rendered":"Juan Alonso Mendoza"},"content":{"rendered":"<div data-elementor-type=\"wp-page\" data-elementor-id=\"3239\" class=\"elementor elementor-3239\">\n\t\t\t\t\t\t<section class=\"elementor-section elementor-top-section elementor-element elementor-element-4dcf5633 elementor-section-height-min-height elementor-section-full_width elementor-section-height-default elementor-section-items-middle wpr-particle-no wpr-jarallax-no wpr-parallax-no wpr-sticky-section-no\" data-id=\"4dcf5633\" data-element_type=\"section\" data-settings=\"{&quot;background_background&quot;:&quot;classic&quot;}\">\n\t\t\t\t\t\t<div class=\"elementor-container elementor-column-gap-default\">\n\t\t\t\t\t<div class=\"elementor-column elementor-col-100 elementor-top-column elementor-element elementor-element-1407571e\" data-id=\"1407571e\" data-element_type=\"column\">\n\t\t\t<div class=\"elementor-widget-wrap elementor-element-populated\">\n\t\t\t\t\t\t<div class=\"elementor-element elementor-element-3e6df5e2 elementor-widget elementor-widget-heading\" data-id=\"3e6df5e2\" data-element_type=\"widget\" data-widget_type=\"heading.default\">\n\t\t\t\t<div class=\"elementor-widget-container\">\n\t\t\t\t\t<h1 class=\"elementor-heading-title elementor-size-default\">Juan Alonso Mendoza<\/h1>\t\t\t\t<\/div>\n\t\t\t\t<\/div>\n\t\t\t\t\t<\/div>\n\t\t<\/div>\n\t\t\t\t\t<\/div>\n\t\t<\/section>\n\t\t<div class=\"elementor-element elementor-element-80d3e72 e-flex e-con-boxed wpr-particle-no wpr-jarallax-no wpr-parallax-no wpr-sticky-section-no e-con e-parent\" data-id=\"80d3e72\" data-element_type=\"container\">\n\t\t\t\t\t<div class=\"e-con-inner\">\n\t\t\t\t<div class=\"elementor-element elementor-element-caddeb0 elementor-widget-tablet__width-initial elementor-widget elementor-widget-text-editor\" data-id=\"caddeb0\" data-element_type=\"widget\" data-widget_type=\"text-editor.default\">\n\t\t\t\t<div class=\"elementor-widget-container\">\n\t\t\t\t\t\t\t\t\t<p style=\"text-align: justify;\"><img fetchpriority=\"high\" decoding=\"async\" class=\"alignleft wp-image-3229 size-full\" src=\"https:\/\/blancauribepianocompetition.co\/wp-content\/uploads\/2024\/02\/Juan-Mendoza-V.png\" alt=\"\" width=\"600\" height=\"600\" srcset=\"https:\/\/blancauribepianocompetition.co\/wp-content\/uploads\/2024\/02\/Juan-Mendoza-V.png 600w, https:\/\/blancauribepianocompetition.co\/wp-content\/uploads\/2024\/02\/Juan-Mendoza-V-300x300.png 300w, https:\/\/blancauribepianocompetition.co\/wp-content\/uploads\/2024\/02\/Juan-Mendoza-V-150x150.png 150w, https:\/\/blancauribepianocompetition.co\/wp-content\/uploads\/2024\/02\/Juan-Mendoza-V-12x12.png 12w, https:\/\/blancauribepianocompetition.co\/wp-content\/uploads\/2024\/02\/Juan-Mendoza-V-200x200.png 200w\" sizes=\"(max-width: 600px) 100vw, 600px\" \/>Born in Bogot\u00e1 (Colombia), he received his degree in Oboe Soloist at the Mozarteum University of Salzburg (Austria) and subsequently completed a postgraduate degree in Cultural Management, with a laureate master&#039;s degree, at the Institute of Cultural Administration-IKM of the University of music from Vienna, thanks to a scholarship from the Mazda Foundation of Colombia. As a professional musician, he has played in different orchestras such as the Salzburg Academic Camerata, the European Symphony Orchestra or the Tenerife Symphony (Canary Islands), among others. He has performed as a soloist with the National Symphony Orchestra of Colombia, the Bogot\u00e1 Philharmonic and the Valle Chamber Orchestra. His activity as a pedagogue has focused on private teaching of the oboe and chamber music in Austria, Spain and Colombia. His experience in cultural management is very extensive, being an artist manager at the Melos Konzerte agency in Vienna, orchestras such as the Sinfonietta Baden, or also an opera and concert producer at the Austrian agency Opera on Original Site. In 1998 he moved his residence to Madrid, where he joined the production department of the Teatro Real. Since 2000 he has served as Artistic Director of the Alb\u00e9niz Foundation and its main programs, the Reina Sof\u00eda Higher School of Music and the International Chamber Music Institute of Madrid, being also production director of the Santander Music Meeting and Academy and of the \u201cPaloma O&#039;Shea\u201d Santander International Piano Competition. He has been invited as a jury in several competitions both in Spain and Colombia, and his work in Madrid has been recognized within the \u201c100 Latinos\u201d program of the FUSIONARTE Association. In 2019 he was honored by the Colombian Embassy as one of the ten most prominent Colombians in Spain. Since its creation in 2008, the National Flute Academy of Colombia has enjoyed the \u201cLuis Antonio Escobar\u201d Prize, which consists of two tuition scholarships; In the same way, the music program \u201cTocar y Batalla\u201d of CAFAM-Bogot\u00e1 and the students of the oboe chair of the Reina Sof\u00eda Higher School of Music, enjoy several instruments altruistically contributed by Juan A. Mendoza V.<\/p>\t\t\t\t\t\t\t\t<\/div>\n\t\t\t\t<\/div>\n\t\t\t\t\t<\/div>\n\t\t\t\t<\/div>\n\t\t\t\t<\/div>","protected":false},"excerpt":{"rendered":"<p>Juan Alonso Mendoza Nacido en Bogot\u00e1 (Colombia), recibi\u00f3 su grado de Solista de oboe en la Universidad Mozarteum de Salzburgo (Austria) y realiz\u00f3 posteriormente un posgrado en Gesti\u00f3n cultural, con diploma de m\u00e1ster laureado, en el Instituto de Administraci\u00f3n Cultural-IKM de la Universidad de m\u00fasica de Viena, gracias a una beca de la Fundaci\u00f3n Mazda de Colombia. Como m\u00fasico profesional, ha tocado en diferentes orquestas como la Camerata Acad\u00e9mica de Salzburgo, la European Symphony Orchestra o la Sinf\u00f3nica de Tenerife (Islas Canarias), entre otras. Ha actuado como solista con la Orquesta Sinf\u00f3nica Nacional de Colombia, la Filarm\u00f3nica de Bogot\u00e1 y la Orquesta de c\u00e1mara del Valle. Su actividad como pedagogo se ha centrado en la ense\u00f1anza privada del oboe y de la m\u00fasica de c\u00e1mara, en Austria, Espa\u00f1a y Colombia. Su experiencia en la gesti\u00f3n cultural es muy amplia, siendo m\u00e1nager de artistas en la agencia Melos Konzerte de Viena, orquestas como la Sinfonietta Baden, o tambi\u00e9n productor de \u00f3pera y concierto en la agencia austriaca Opera on Original Site. En 1998 traslad\u00f3 su residencia a Madrid, en donde se vincul\u00f3 al departamento de producci\u00f3n del Teatro Real. Desde el a\u00f1o 2000 se desempe\u00f1a como Director Art\u00edstico de la Fundaci\u00f3n Alb\u00e9niz y sus principales programas, la Escuela Superior de M\u00fasica Reina Sof\u00eda y el Instituto Internacional de m\u00fasica de c\u00e1mara de Madrid, siendo tambi\u00e9n director de producci\u00f3n del Encuentro de M\u00fasica y Academia de Santander y del Concurso Internacional de piano de Santander \u201cPaloma O\u00b4Shea\u201d. Ha sido invitado como jurado en varios concursos tanto en Espa\u00f1a como en Colombia, y su labor en Madrid ha sido reconocida dentro del programa \u201c100 Latinos\u201d de la Asociaci\u00f3n FUSIONARTE. En 2019 fue distinguido por la Embajada de Colombia como uno de los diez colombianos m\u00e1s destacados en Espa\u00f1a. La Academia Nacional de flauta de Colombia disfruta desde su creaci\u00f3n en 2008 del Premio \u201cLuis Antonio Escobar\u201d, que consiste en dos becas de matr\u00edcula; de la misma forma, el programa de m\u00fasica \u201cTocar y luchar\u201d de CAFAM-Bogot\u00e1 y los alumnos de la c\u00e1tedra de oboe de la Escuela Superior de M\u00fasica Reina Sof\u00eda, disfrutan de varios instrumentos aportados de forma altruista por Juan A. Mendoza V.<\/p>","protected":false},"author":1,"featured_media":0,"parent":0,"menu_order":0,"comment_status":"closed","ping_status":"closed","template":"","meta":{"_monsterinsights_skip_tracking":false,"_monsterinsights_sitenote_active":false,"_monsterinsights_sitenote_note":"","_monsterinsights_sitenote_category":0,"site-sidebar-layout":"no-sidebar","site-content-layout":"page-builder","ast-site-content-layout":"full-width-container","site-content-style":"default","site-sidebar-style":"default","ast-global-header-display":"","ast-banner-title-visibility":"","ast-main-header-display":"","ast-hfb-above-header-display":"","ast-hfb-below-header-display":"","ast-hfb-mobile-header-display":"","site-post-title":"disabled","ast-breadcrumbs-content":"","ast-featured-img":"disabled","footer-sml-layout":"","theme-transparent-header-meta":"","adv-header-id-meta":"","stick-header-meta":"","header-above-stick-meta":"","header-main-stick-meta":"","header-below-stick-meta":"","astra-migrate-meta-layouts":"set","ast-page-background-enabled":"default","ast-page-background-meta":{"desktop":{"background-color":"var(--ast-global-color-4)","background-image":"","background-repeat":"repeat","background-position":"center center","background-size":"auto","background-attachment":"scroll","background-type":"","background-media":"","overlay-type":"","overlay-color":"","overlay-opacity":"","overlay-gradient":""},"tablet":{"background-color":"","background-image":"","background-repeat":"repeat","background-position":"center center","background-size":"auto","background-attachment":"scroll","background-type":"","background-media":"","overlay-type":"","overlay-color":"","overlay-opacity":"","overlay-gradient":""},"mobile":{"background-color":"","background-image":"","background-repeat":"repeat","background-position":"center center","background-size":"auto","background-attachment":"scroll","background-type":"","background-media":"","overlay-type":"","overlay-color":"","overlay-opacity":"","overlay-gradient":""}},"ast-content-background-meta":{"desktop":{"background-color":"var(--ast-global-color-5)","background-image":"","background-repeat":"repeat","background-position":"center center","background-size":"auto","background-attachment":"scroll","background-type":"","background-media":"","overlay-type":"","overlay-color":"","overlay-opacity":"","overlay-gradient":""},"tablet":{"background-color":"var(--ast-global-color-5)","background-image":"","background-repeat":"repeat","background-position":"center center","background-size":"auto","background-attachment":"scroll","background-type":"","background-media":"","overlay-type":"","overlay-color":"","overlay-opacity":"","overlay-gradient":""},"mobile":{"background-color":"var(--ast-global-color-5)","background-image":"","background-repeat":"repeat","background-position":"center center","background-size":"auto","background-attachment":"scroll","background-type":"","background-media":"","overlay-type":"","overlay-color":"","overlay-opacity":"","overlay-gradient":""}},"_joinchat":[],"footnotes":""},"class_list":["post-3239","page","type-page","status-publish","hentry"],"aioseo_notices":[],"_links":{"self":[{"href":"https:\/\/blancauribepianocompetition.co\/en\/wp-json\/wp\/v2\/pages\/3239","targetHints":{"allow":["GET"]}}],"collection":[{"href":"https:\/\/blancauribepianocompetition.co\/en\/wp-json\/wp\/v2\/pages"}],"about":[{"href":"https:\/\/blancauribepianocompetition.co\/en\/wp-json\/wp\/v2\/types\/page"}],"author":[{"embeddable":true,"href":"https:\/\/blancauribepianocompetition.co\/en\/wp-json\/wp\/v2\/users\/1"}],"replies":[{"embeddable":true,"href":"https:\/\/blancauribepianocompetition.co\/en\/wp-json\/wp\/v2\/comments?post=3239"}],"version-history":[{"count":4,"href":"https:\/\/blancauribepianocompetition.co\/en\/wp-json\/wp\/v2\/pages\/3239\/revisions"}],"predecessor-version":[{"id":3243,"href":"https:\/\/blancauribepianocompetition.co\/en\/wp-json\/wp\/v2\/pages\/3239\/revisions\/3243"}],"wp:attachment":[{"href":"https:\/\/blancauribepianocompetition.co\/en\/wp-json\/wp\/v2\/media?parent=3239"}],"curies":[{"name":"wp","href":"https:\/\/api.w.org\/{rel}","templated":true}]}}