{"id":3089,"date":"2024-02-12T15:11:32","date_gmt":"2024-02-12T15:11:32","guid":{"rendered":"https:\/\/blancauribepianocompetition.co\/?page_id=3089"},"modified":"2024-02-12T16:10:09","modified_gmt":"2024-02-12T16:10:09","slug":"julian-martin","status":"publish","type":"page","link":"https:\/\/blancauribepianocompetition.co\/en\/julian-martin\/","title":{"rendered":"Julian Martin"},"content":{"rendered":"<div data-elementor-type=\"wp-page\" data-elementor-id=\"3089\" class=\"elementor elementor-3089\">\n\t\t\t\t\t\t<section class=\"elementor-section elementor-top-section elementor-element elementor-element-7f966129 elementor-section-height-min-height elementor-section-full_width elementor-section-height-default elementor-section-items-middle wpr-particle-no wpr-jarallax-no wpr-parallax-no wpr-sticky-section-no\" data-id=\"7f966129\" data-element_type=\"section\" data-settings=\"{&quot;background_background&quot;:&quot;classic&quot;}\">\n\t\t\t\t\t\t<div class=\"elementor-container elementor-column-gap-default\">\n\t\t\t\t\t<div class=\"elementor-column elementor-col-100 elementor-top-column elementor-element elementor-element-5a54730a\" data-id=\"5a54730a\" data-element_type=\"column\">\n\t\t\t<div class=\"elementor-widget-wrap elementor-element-populated\">\n\t\t\t\t\t\t<div class=\"elementor-element elementor-element-624a0830 elementor-widget elementor-widget-heading\" data-id=\"624a0830\" data-element_type=\"widget\" data-widget_type=\"heading.default\">\n\t\t\t\t<div class=\"elementor-widget-container\">\n\t\t\t\t\t<h1 class=\"elementor-heading-title elementor-size-default\">Julian Martin<\/h1>\t\t\t\t<\/div>\n\t\t\t\t<\/div>\n\t\t\t\t\t<\/div>\n\t\t<\/div>\n\t\t\t\t\t<\/div>\n\t\t<\/section>\n\t\t<div class=\"elementor-element elementor-element-57ea331 e-flex e-con-boxed wpr-particle-no wpr-jarallax-no wpr-parallax-no wpr-sticky-section-no e-con e-parent\" data-id=\"57ea331\" data-element_type=\"container\">\n\t\t\t\t\t<div class=\"e-con-inner\">\n\t\t<div class=\"elementor-element elementor-element-84b0598 e-con-full e-flex wpr-particle-no wpr-jarallax-no wpr-parallax-no wpr-sticky-section-no e-con e-child\" data-id=\"84b0598\" data-element_type=\"container\">\n\t\t\t\t<div class=\"elementor-element elementor-element-8f1ed17 elementor-widget elementor-widget-image\" data-id=\"8f1ed17\" data-element_type=\"widget\" data-widget_type=\"image.default\">\n\t\t\t\t<div class=\"elementor-widget-container\">\n\t\t\t\t\t\t\t\t\t\t\t\t\t\t\t<img fetchpriority=\"high\" decoding=\"async\" width=\"1024\" height=\"1024\" src=\"https:\/\/blancauribepianocompetition.co\/wp-content\/uploads\/2024\/02\/Julian-Martin-1024x1024.jpg\" class=\"attachment-large size-large wp-image-2964\" alt=\"\" srcset=\"https:\/\/blancauribepianocompetition.co\/wp-content\/uploads\/2024\/02\/Julian-Martin-1024x1024.jpg 1024w, https:\/\/blancauribepianocompetition.co\/wp-content\/uploads\/2024\/02\/Julian-Martin-300x300.jpg 300w, https:\/\/blancauribepianocompetition.co\/wp-content\/uploads\/2024\/02\/Julian-Martin-150x150.jpg 150w, https:\/\/blancauribepianocompetition.co\/wp-content\/uploads\/2024\/02\/Julian-Martin-768x768.jpg 768w, https:\/\/blancauribepianocompetition.co\/wp-content\/uploads\/2024\/02\/Julian-Martin-1536x1536.jpg 1536w\" sizes=\"(max-width: 1024px) 100vw, 1024px\" \/>\t\t\t\t\t\t\t\t\t\t\t\t\t\t\t<\/div>\n\t\t\t\t<\/div>\n\t\t\t\t<\/div>\n\t\t<div class=\"elementor-element elementor-element-0e33665 e-con-full e-flex wpr-particle-no wpr-jarallax-no wpr-parallax-no wpr-sticky-section-no e-con e-child\" data-id=\"0e33665\" data-element_type=\"container\">\n\t\t\t\t<div class=\"elementor-element elementor-element-fb185b8 elementor-widget elementor-widget-text-editor\" data-id=\"fb185b8\" data-element_type=\"widget\" data-widget_type=\"text-editor.default\">\n\t\t\t\t<div class=\"elementor-widget-container\">\n\t\t\t\t\t\t\t\t\t<p style=\"text-align: justify;\">American pianist Julian Martin has been a faculty member at the Julliard School of Music College since 1999 and a faculty member at Julliard Pre-College since 2003. He is a winner of the 1975 Montevideo International Piano Competition and has won major prizes in the competitions. Ravel-Casadesus (now Cleveland International), Gina Bachauer and Kapell, as well as the Collaboration Prize at the 1982 Moscow Tchaikovsky Competition. He has toured North America, South America, Europe and Asia, and has recorded with violinist Berl Senofsky and the flutist Robert Willoughby. Martin has presented new works by composers Richard Rodney Bennett, Stephen Albert, Mario Davidovsky and Edward Barnes. He has been a member of the jury of the international piano competitions in Montreal, Iowa and Ja\u00e9n, and of Stars of the 21st Century in Saint Petersburg.<\/p><p>\u00a0<\/p><p style=\"text-align: justify;\">Martin is a member of the original Gilmore Foundation (Kalamazoo) selection committee. He is founder and artistic director of the Gij\u00f3n International Piano Festival (Asturias, Spain). He is on guest faculty at the Glenn Gould Professional School (Toronto), the Banff Center and the Bowdoin Summer Music Festival. He has given master classes in Germany, Argentina, Colombia, Korea, England, Israel, Japan, Switzerland, Taiwan and Venezuela. He has been a professor at the Oberlin Conservatory (1982-87) and at the Peabody Institute (1987-2002). Martin completed his primary studies at the Peabody Conservatory with Leon Fleisher. She also studied with Guido Agosti in Italy and with Robert Casadesus and Nadia Boulanger in France.<\/p>\t\t\t\t\t\t\t\t<\/div>\n\t\t\t\t<\/div>\n\t\t\t\t<\/div>\n\t\t\t\t\t<\/div>\n\t\t\t\t<\/div>\n\t\t\t\t<\/div>","protected":false},"excerpt":{"rendered":"<p>Julian Martin El pianista estadounidense Julian Martin es miembro del profesorado de la Julliard School of Music College desde 1999 y miembro del profesorado de la Julliard Pre-College desde 2003. Es ganador del Concurso Internacional de Piano de Montevideo de 1975 y ha obtenido importantes premios en los concursos Ravel-Casadesus (ahora Cleveland International), Gina Bachauer y Kapell, as\u00ed como el Premio de Colaboraci\u00f3n en el Concurso Chaikovski de Mosc\u00fa de 1982. Ha realizado giras por Norteam\u00e9rica, Sudam\u00e9rica, Europa y Asia, y ha grabado con el violinista Berl Senofsky y el flautista Robert Willoughby. Martin ha presentado nuevas obras de los compositores Richard Rodney Bennett, Stephen Albert, Mario Davidovsky y Edward Barnes. Ha sido miembro del jurado de los concursos internacionales de piano de Montreal, Iowa y Ja\u00e9n, y de Stars of the 21st Century en San Petersburgo. \u00a0 Martin es miembro del comit\u00e9 de selecci\u00f3n original de la Fundaci\u00f3n Gilmore (Kalamazoo). Es fundador y director art\u00edstico del Festival Internacional de Piano de Gij\u00f3n (Asturias, Espa\u00f1a). Forma parte del profesorado invitado de la Glenn Gould Professional School (Toronto), el Banff Centre y el Bowdoin Summer Music Festival. Ha impartido clases magistrales en Alemania, Argentina, Colombia, Corea, Inglaterra, Israel, Jap\u00f3n, Suiza, Taiw\u00e1n y Venezuela. Ha sido profesor en el Conservatorio Oberlin (1982-87) y en el Instituto Peabody (1987-2002). Martin realiz\u00f3 sus estudios principales en el Conservatorio Peabody con Leon Fleisher. Tambi\u00e9n estudi\u00f3 con Guido Agosti en Italia y con Robert Casadesus y Nadia Boulanger en Francia.<\/p>","protected":false},"author":1,"featured_media":0,"parent":0,"menu_order":0,"comment_status":"closed","ping_status":"closed","template":"","meta":{"_monsterinsights_skip_tracking":false,"_monsterinsights_sitenote_active":false,"_monsterinsights_sitenote_note":"","_monsterinsights_sitenote_category":0,"site-sidebar-layout":"no-sidebar","site-content-layout":"page-builder","ast-site-content-layout":"full-width-container","site-content-style":"default","site-sidebar-style":"default","ast-global-header-display":"","ast-banner-title-visibility":"","ast-main-header-display":"","ast-hfb-above-header-display":"","ast-hfb-below-header-display":"","ast-hfb-mobile-header-display":"","site-post-title":"disabled","ast-breadcrumbs-content":"","ast-featured-img":"disabled","footer-sml-layout":"","theme-transparent-header-meta":"","adv-header-id-meta":"","stick-header-meta":"","header-above-stick-meta":"","header-main-stick-meta":"","header-below-stick-meta":"","astra-migrate-meta-layouts":"set","ast-page-background-enabled":"default","ast-page-background-meta":{"desktop":{"background-color":"var(--ast-global-color-4)","background-image":"","background-repeat":"repeat","background-position":"center center","background-size":"auto","background-attachment":"scroll","background-type":"","background-media":"","overlay-type":"","overlay-color":"","overlay-opacity":"","overlay-gradient":""},"tablet":{"background-color":"","background-image":"","background-repeat":"repeat","background-position":"center center","background-size":"auto","background-attachment":"scroll","background-type":"","background-media":"","overlay-type":"","overlay-color":"","overlay-opacity":"","overlay-gradient":""},"mobile":{"background-color":"","background-image":"","background-repeat":"repeat","background-position":"center center","background-size":"auto","background-attachment":"scroll","background-type":"","background-media":"","overlay-type":"","overlay-color":"","overlay-opacity":"","overlay-gradient":""}},"ast-content-background-meta":{"desktop":{"background-color":"var(--ast-global-color-5)","background-image":"","background-repeat":"repeat","background-position":"center center","background-size":"auto","background-attachment":"scroll","background-type":"","background-media":"","overlay-type":"","overlay-color":"","overlay-opacity":"","overlay-gradient":""},"tablet":{"background-color":"var(--ast-global-color-5)","background-image":"","background-repeat":"repeat","background-position":"center center","background-size":"auto","background-attachment":"scroll","background-type":"","background-media":"","overlay-type":"","overlay-color":"","overlay-opacity":"","overlay-gradient":""},"mobile":{"background-color":"var(--ast-global-color-5)","background-image":"","background-repeat":"repeat","background-position":"center center","background-size":"auto","background-attachment":"scroll","background-type":"","background-media":"","overlay-type":"","overlay-color":"","overlay-opacity":"","overlay-gradient":""}},"_joinchat":[],"footnotes":""},"class_list":["post-3089","page","type-page","status-publish","hentry"],"aioseo_notices":[],"_links":{"self":[{"href":"https:\/\/blancauribepianocompetition.co\/en\/wp-json\/wp\/v2\/pages\/3089","targetHints":{"allow":["GET"]}}],"collection":[{"href":"https:\/\/blancauribepianocompetition.co\/en\/wp-json\/wp\/v2\/pages"}],"about":[{"href":"https:\/\/blancauribepianocompetition.co\/en\/wp-json\/wp\/v2\/types\/page"}],"author":[{"embeddable":true,"href":"https:\/\/blancauribepianocompetition.co\/en\/wp-json\/wp\/v2\/users\/1"}],"replies":[{"embeddable":true,"href":"https:\/\/blancauribepianocompetition.co\/en\/wp-json\/wp\/v2\/comments?post=3089"}],"version-history":[{"count":7,"href":"https:\/\/blancauribepianocompetition.co\/en\/wp-json\/wp\/v2\/pages\/3089\/revisions"}],"predecessor-version":[{"id":3142,"href":"https:\/\/blancauribepianocompetition.co\/en\/wp-json\/wp\/v2\/pages\/3089\/revisions\/3142"}],"wp:attachment":[{"href":"https:\/\/blancauribepianocompetition.co\/en\/wp-json\/wp\/v2\/media?parent=3089"}],"curies":[{"name":"wp","href":"https:\/\/api.w.org\/{rel}","templated":true}]}}