{"id":3008,"date":"2024-02-12T14:22:33","date_gmt":"2024-02-12T14:22:33","guid":{"rendered":"https:\/\/blancauribepianocompetition.co\/?page_id=3008"},"modified":"2024-02-12T16:37:02","modified_gmt":"2024-02-12T16:37:02","slug":"angela-rodriguez","status":"publish","type":"page","link":"https:\/\/blancauribepianocompetition.co\/en\/angela-rodriguez\/","title":{"rendered":"Angela Rodriguez"},"content":{"rendered":"<div data-elementor-type=\"wp-page\" data-elementor-id=\"3008\" class=\"elementor elementor-3008\">\n\t\t\t\t\t\t<section class=\"elementor-section elementor-top-section elementor-element elementor-element-97612f9 elementor-section-height-min-height elementor-section-full_width elementor-section-height-default elementor-section-items-middle wpr-particle-no wpr-jarallax-no wpr-parallax-no wpr-sticky-section-no\" data-id=\"97612f9\" data-element_type=\"section\" data-settings=\"{&quot;background_background&quot;:&quot;classic&quot;}\">\n\t\t\t\t\t\t<div class=\"elementor-container elementor-column-gap-default\">\n\t\t\t\t\t<div class=\"elementor-column elementor-col-100 elementor-top-column elementor-element elementor-element-7f00203\" data-id=\"7f00203\" data-element_type=\"column\">\n\t\t\t<div class=\"elementor-widget-wrap elementor-element-populated\">\n\t\t\t\t\t\t<div class=\"elementor-element elementor-element-1e4e25b7 elementor-widget elementor-widget-heading\" data-id=\"1e4e25b7\" data-element_type=\"widget\" data-widget_type=\"heading.default\">\n\t\t\t\t<div class=\"elementor-widget-container\">\n\t\t\t\t\t<h1 class=\"elementor-heading-title elementor-size-default\">Angela Rodriguez<\/h1>\t\t\t\t<\/div>\n\t\t\t\t<\/div>\n\t\t\t\t\t<\/div>\n\t\t<\/div>\n\t\t\t\t\t<\/div>\n\t\t<\/section>\n\t\t<div class=\"elementor-element elementor-element-9e47a75 e-flex e-con-boxed wpr-particle-no wpr-jarallax-no wpr-parallax-no wpr-sticky-section-no e-con e-parent\" data-id=\"9e47a75\" data-element_type=\"container\">\n\t\t\t\t\t<div class=\"e-con-inner\">\n\t\t<div class=\"elementor-element elementor-element-7c92258 e-con-full e-flex wpr-particle-no wpr-jarallax-no wpr-parallax-no wpr-sticky-section-no e-con e-child\" data-id=\"7c92258\" data-element_type=\"container\">\n\t\t\t\t<div class=\"elementor-element elementor-element-2285793 elementor-widget elementor-widget-image\" data-id=\"2285793\" data-element_type=\"widget\" data-widget_type=\"image.default\">\n\t\t\t\t<div class=\"elementor-widget-container\">\n\t\t\t\t\t\t\t\t\t\t\t\t\t\t\t<img fetchpriority=\"high\" decoding=\"async\" width=\"1024\" height=\"1024\" src=\"https:\/\/blancauribepianocompetition.co\/wp-content\/uploads\/2024\/02\/ANGELA-RODRIGUEZ-1024x1024.jpg\" class=\"attachment-large size-large wp-image-2956\" alt=\"\" srcset=\"https:\/\/blancauribepianocompetition.co\/wp-content\/uploads\/2024\/02\/ANGELA-RODRIGUEZ-1024x1024.jpg 1024w, https:\/\/blancauribepianocompetition.co\/wp-content\/uploads\/2024\/02\/ANGELA-RODRIGUEZ-300x300.jpg 300w, https:\/\/blancauribepianocompetition.co\/wp-content\/uploads\/2024\/02\/ANGELA-RODRIGUEZ-150x150.jpg 150w, https:\/\/blancauribepianocompetition.co\/wp-content\/uploads\/2024\/02\/ANGELA-RODRIGUEZ-768x768.jpg 768w, https:\/\/blancauribepianocompetition.co\/wp-content\/uploads\/2024\/02\/ANGELA-RODRIGUEZ-1536x1536.jpg 1536w, https:\/\/blancauribepianocompetition.co\/wp-content\/uploads\/2024\/02\/ANGELA-RODRIGUEZ-2048x2048.jpg 2048w, https:\/\/blancauribepianocompetition.co\/wp-content\/uploads\/2024\/02\/ANGELA-RODRIGUEZ-12x12.jpg 12w, https:\/\/blancauribepianocompetition.co\/wp-content\/uploads\/2024\/02\/ANGELA-RODRIGUEZ-200x200.jpg 200w\" sizes=\"(max-width: 1024px) 100vw, 1024px\" \/>\t\t\t\t\t\t\t\t\t\t\t\t\t\t\t<\/div>\n\t\t\t\t<\/div>\n\t\t\t\t<\/div>\n\t\t<div class=\"elementor-element elementor-element-0d71639 e-con-full e-flex wpr-particle-no wpr-jarallax-no wpr-parallax-no wpr-sticky-section-no e-con e-child\" data-id=\"0d71639\" data-element_type=\"container\">\n\t\t\t\t<div class=\"elementor-element elementor-element-ef7ef23 elementor-widget elementor-widget-text-editor\" data-id=\"ef7ef23\" data-element_type=\"widget\" data-widget_type=\"text-editor.default\">\n\t\t\t\t<div class=\"elementor-widget-container\">\n\t\t\t\t\t\t\t\t\t<p style=\"text-align: justify;\">Born in Bogota. He completed his undergraduate studies at the Conservatory of the National University of Colombia. With a scholarship from the Colombian government, he pursued postgraduate studies at Indiana University, with Professor Sidney Foster. In 1982, with the prize won in the Pegasso competition, he traveled to Spain, where he studied with the pianist Rosa Sabater. Upon his return to the country, he deepened his knowledge with courses with important international and national pianists such as Blanca Uribe, Harold Martina and Eugene Alcalay. He has performed as a soloist with several orchestras: Colombia Symphony, Bogot\u00e1 Philharmonic, EAFIT of Medell\u00edn and the Ibagu\u00e9 Conservatory. He has performed as a soloist, member of chamber groups and accompanying pianist in various venues across the country such as the concert hall of the Luis \u00c1ngel Arango Library and the Le\u00f3n de Greiff Auditorium of the National University.<\/p><p>\u00a0<\/p><p style=\"text-align: justify;\">His research projects have allowed him to premiere, save and innovate contemporary pieces, which he has executed as premieres. Several of them have been broadcast on radio and television and recorded on compact discs. Among the latter, works by Jacqueline Nova, Jes\u00fas Pinz\u00f3n, Claudia Calder\u00f3n and Ra\u00fal Mojica stand out. His presentation of Makrokosmos I at the Bucaramanga International Piano Festival and George Crumb&#039;s Makrokosmos III at the Luis \u00c1ngel Arango Library stand out. She served as a tenured piano professor at the Conservatory of the National University of Colombia, being awarded the Teaching Excellence mention on several occasions.<\/p>\t\t\t\t\t\t\t\t<\/div>\n\t\t\t\t<\/div>\n\t\t\t\t<\/div>\n\t\t\t\t\t<\/div>\n\t\t\t\t<\/div>\n\t\t\t\t<\/div>","protected":false},"excerpt":{"rendered":"<p>\u00c1ngela Rodr\u00edguez Naci\u00f3 en Bogot\u00e1. Realiz\u00f3 sus estudios de pregrado en el Conservatorio de la Universidad Nacional de Colombia. Con una beca del gobierno colombiano adelant\u00f3 estudios de postgrado en la Universidad de Indiana, con el profesor Sidney Foster. En 1982, con el premio obtenido en el concurso Pegasso, viaj\u00f3 a Espa\u00f1a, en donde estudi\u00f3 con la pianista Rosa Sabater. A su regreso al pa\u00eds, profundiz\u00f3 sus conocimientos con cursos con importantes pianistas internacionales y nacionales como Blanca Uribe, Harold Martina y Eugene Alcalay. Ha actuado como solista con varias orquestas: Sinf\u00f3nica de Colombia, Filarm\u00f3nica de Bogot\u00e1, EAFIT de Medell\u00edn y del Conservatorio de Ibagu\u00e9. Se ha presentado como solista, integrante de grupos de c\u00e1mara y pianista acompa\u00f1ante en diversas salas del pa\u00eds como la sala de conciertos de la Biblioteca Luis \u00c1ngel Arango y el Auditorio Le\u00f3n de Greiff de la Universidad Nacional. \u00a0 Sus proyectos de investigaci\u00f3n le han permitido estrenar, salvar e innovar en piezas contempor\u00e1neas, las cuales ha ejecutado en calidad de estreno. Varias de ellas han sido transmitidas por radio y televisi\u00f3n y grabadas en discos compactos. Entre estas \u00faltimas se destacan obras de Jacqueline Nova, Jes\u00fas Pinz\u00f3n, Claudia Calder\u00f3n y Ra\u00fal Mojica. Se destaca su presentaci\u00f3n del Makrokosmos I en el Festival Internacional de Piano de Bucaramanga y el Makrokosmos III de George Crumb en la Biblioteca Luis \u00c1ngel Arango. Se desempe\u00f1o como profesora titular de piano del Conservatorio de la Universidad Nacional de Colombia, siendo galardonada en varias ocasiones con la menci\u00f3n de Excelencia Docente.<\/p>","protected":false},"author":1,"featured_media":0,"parent":0,"menu_order":0,"comment_status":"closed","ping_status":"closed","template":"","meta":{"_monsterinsights_skip_tracking":false,"_monsterinsights_sitenote_active":false,"_monsterinsights_sitenote_note":"","_monsterinsights_sitenote_category":0,"site-sidebar-layout":"no-sidebar","site-content-layout":"page-builder","ast-site-content-layout":"full-width-container","site-content-style":"default","site-sidebar-style":"default","ast-global-header-display":"","ast-banner-title-visibility":"","ast-main-header-display":"","ast-hfb-above-header-display":"","ast-hfb-below-header-display":"","ast-hfb-mobile-header-display":"","site-post-title":"disabled","ast-breadcrumbs-content":"","ast-featured-img":"disabled","footer-sml-layout":"","theme-transparent-header-meta":"","adv-header-id-meta":"","stick-header-meta":"","header-above-stick-meta":"","header-main-stick-meta":"","header-below-stick-meta":"","astra-migrate-meta-layouts":"set","ast-page-background-enabled":"default","ast-page-background-meta":{"desktop":{"background-color":"var(--ast-global-color-4)","background-image":"","background-repeat":"repeat","background-position":"center center","background-size":"auto","background-attachment":"scroll","background-type":"","background-media":"","overlay-type":"","overlay-color":"","overlay-opacity":"","overlay-gradient":""},"tablet":{"background-color":"","background-image":"","background-repeat":"repeat","background-position":"center center","background-size":"auto","background-attachment":"scroll","background-type":"","background-media":"","overlay-type":"","overlay-color":"","overlay-opacity":"","overlay-gradient":""},"mobile":{"background-color":"","background-image":"","background-repeat":"repeat","background-position":"center center","background-size":"auto","background-attachment":"scroll","background-type":"","background-media":"","overlay-type":"","overlay-color":"","overlay-opacity":"","overlay-gradient":""}},"ast-content-background-meta":{"desktop":{"background-color":"var(--ast-global-color-5)","background-image":"","background-repeat":"repeat","background-position":"center center","background-size":"auto","background-attachment":"scroll","background-type":"","background-media":"","overlay-type":"","overlay-color":"","overlay-opacity":"","overlay-gradient":""},"tablet":{"background-color":"var(--ast-global-color-5)","background-image":"","background-repeat":"repeat","background-position":"center center","background-size":"auto","background-attachment":"scroll","background-type":"","background-media":"","overlay-type":"","overlay-color":"","overlay-opacity":"","overlay-gradient":""},"mobile":{"background-color":"var(--ast-global-color-5)","background-image":"","background-repeat":"repeat","background-position":"center center","background-size":"auto","background-attachment":"scroll","background-type":"","background-media":"","overlay-type":"","overlay-color":"","overlay-opacity":"","overlay-gradient":""}},"_joinchat":[],"footnotes":""},"class_list":["post-3008","page","type-page","status-publish","hentry"],"aioseo_notices":[],"_links":{"self":[{"href":"https:\/\/blancauribepianocompetition.co\/en\/wp-json\/wp\/v2\/pages\/3008","targetHints":{"allow":["GET"]}}],"collection":[{"href":"https:\/\/blancauribepianocompetition.co\/en\/wp-json\/wp\/v2\/pages"}],"about":[{"href":"https:\/\/blancauribepianocompetition.co\/en\/wp-json\/wp\/v2\/types\/page"}],"author":[{"embeddable":true,"href":"https:\/\/blancauribepianocompetition.co\/en\/wp-json\/wp\/v2\/users\/1"}],"replies":[{"embeddable":true,"href":"https:\/\/blancauribepianocompetition.co\/en\/wp-json\/wp\/v2\/comments?post=3008"}],"version-history":[{"count":13,"href":"https:\/\/blancauribepianocompetition.co\/en\/wp-json\/wp\/v2\/pages\/3008\/revisions"}],"predecessor-version":[{"id":3168,"href":"https:\/\/blancauribepianocompetition.co\/en\/wp-json\/wp\/v2\/pages\/3008\/revisions\/3168"}],"wp:attachment":[{"href":"https:\/\/blancauribepianocompetition.co\/en\/wp-json\/wp\/v2\/media?parent=3008"}],"curies":[{"name":"wp","href":"https:\/\/api.w.org\/{rel}","templated":true}]}}