{"id":2991,"date":"2024-02-12T14:01:52","date_gmt":"2024-02-12T14:01:52","guid":{"rendered":"https:\/\/blancauribepianocompetition.co\/?page_id=2991"},"modified":"2024-02-12T14:19:41","modified_gmt":"2024-02-12T14:19:41","slug":"blanca-uribe-resena","status":"publish","type":"page","link":"https:\/\/blancauribepianocompetition.co\/en\/blanca-uribe-resena\/","title":{"rendered":"Blanca Uribe Rese\u00f1a"},"content":{"rendered":"<div data-elementor-type=\"wp-page\" data-elementor-id=\"2991\" class=\"elementor elementor-2991\">\n\t\t\t\t\t\t<section class=\"elementor-section elementor-top-section elementor-element elementor-element-499432b3 elementor-section-height-min-height elementor-section-full_width elementor-section-height-default elementor-section-items-middle wpr-particle-no wpr-jarallax-no wpr-parallax-no wpr-sticky-section-no\" data-id=\"499432b3\" data-element_type=\"section\" data-settings=\"{&quot;background_background&quot;:&quot;classic&quot;}\">\n\t\t\t\t\t\t<div class=\"elementor-container elementor-column-gap-default\">\n\t\t\t\t\t<div class=\"elementor-column elementor-col-100 elementor-top-column elementor-element elementor-element-3d27823d\" data-id=\"3d27823d\" data-element_type=\"column\">\n\t\t\t<div class=\"elementor-widget-wrap elementor-element-populated\">\n\t\t\t\t\t\t<div class=\"elementor-element elementor-element-6d797208 elementor-widget elementor-widget-heading\" data-id=\"6d797208\" data-element_type=\"widget\" data-widget_type=\"heading.default\">\n\t\t\t\t<div class=\"elementor-widget-container\">\n\t\t\t\t\t<h1 class=\"elementor-heading-title elementor-size-default\">Blanca Uribe<\/h1>\t\t\t\t<\/div>\n\t\t\t\t<\/div>\n\t\t\t\t\t<\/div>\n\t\t<\/div>\n\t\t\t\t\t<\/div>\n\t\t<\/section>\n\t\t<div class=\"elementor-element elementor-element-5548256 e-flex e-con-boxed wpr-particle-no wpr-jarallax-no wpr-parallax-no wpr-sticky-section-no e-con e-parent\" data-id=\"5548256\" data-element_type=\"container\">\n\t\t\t\t\t<div class=\"e-con-inner\">\n\t\t<div class=\"elementor-element elementor-element-c703a8a e-con-full e-flex wpr-particle-no wpr-jarallax-no wpr-parallax-no wpr-sticky-section-no e-con e-child\" data-id=\"c703a8a\" data-element_type=\"container\">\n\t\t\t\t<div class=\"elementor-element elementor-element-20195e9 elementor-widget elementor-widget-image\" data-id=\"20195e9\" data-element_type=\"widget\" data-widget_type=\"image.default\">\n\t\t\t\t<div class=\"elementor-widget-container\">\n\t\t\t\t\t\t\t\t\t\t\t\t\t\t\t<img fetchpriority=\"high\" decoding=\"async\" width=\"580\" height=\"580\" src=\"https:\/\/blancauribepianocompetition.co\/wp-content\/uploads\/2023\/11\/Blanca-uribe-Color.png\" class=\"attachment-large size-large wp-image-1602\" alt=\"\" srcset=\"https:\/\/blancauribepianocompetition.co\/wp-content\/uploads\/2023\/11\/Blanca-uribe-Color.png 580w, https:\/\/blancauribepianocompetition.co\/wp-content\/uploads\/2023\/11\/Blanca-uribe-Color-300x300.png 300w, https:\/\/blancauribepianocompetition.co\/wp-content\/uploads\/2023\/11\/Blanca-uribe-Color-150x150.png 150w, https:\/\/blancauribepianocompetition.co\/wp-content\/uploads\/2023\/11\/Blanca-uribe-Color-12x12.png 12w, https:\/\/blancauribepianocompetition.co\/wp-content\/uploads\/2023\/11\/Blanca-uribe-Color-100x100.png 100w\" sizes=\"(max-width: 580px) 100vw, 580px\" \/>\t\t\t\t\t\t\t\t\t\t\t\t\t\t\t<\/div>\n\t\t\t\t<\/div>\n\t\t\t\t<\/div>\n\t\t<div class=\"elementor-element elementor-element-ee0179a e-con-full e-flex wpr-particle-no wpr-jarallax-no wpr-parallax-no wpr-sticky-section-no e-con e-child\" data-id=\"ee0179a\" data-element_type=\"container\">\n\t\t\t\t<div class=\"elementor-element elementor-element-b63e107 elementor-widget elementor-widget-text-editor\" data-id=\"b63e107\" data-element_type=\"widget\" data-widget_type=\"text-editor.default\">\n\t\t\t\t<div class=\"elementor-widget-container\">\n\t\t\t\t\t\t\t\t\t<p style=\"text-align: justify;\">Blanca Uribe, originally from Bogot\u00e1, moved to Medell\u00edn, growing up in a family of musicians. He began his studies with his grandmother and then with the Italian teacher Luisa Manighetti. At the age of 11, he debuted with the Colombian Symphony Orchestra and continued his training in the United States and Vienna, standing out with academic honors. Her career as a pianist led her to performances on prestigious international stages and to be a soloist with renowned orchestras.<\/p><p style=\"text-align: justify;\">\u00a0<\/p><p style=\"text-align: justify;\">From 1969 to 2005, she was a professor at Vassar College in New York, receiving the title &quot;George Shermann Dickinson Chair.&quot; In addition, he taught at institutions such as the Eastman School in Rochester and New York University, extending his influence to universities and conservatories in various countries. Uribe obtained awards and recognition in classical music competitions, standing out in the Chopin Competition in Warsaw and in Rio de Janeiro.<\/p><p style=\"text-align: justify;\">\u00a0<\/p><p style=\"text-align: justify;\">During her time in Europe, she received the Elena Rombro-Stepanov Prize and the Gold Medal at the world competition in Geneva. His contribution as a jury member in prominent international competitions reflects his influence on the global music scene. Blanca Uribe is a distinguished pianist, educator and internationally recognized juror.<\/p>\t\t\t\t\t\t\t\t<\/div>\n\t\t\t\t<\/div>\n\t\t\t\t<\/div>\n\t\t\t\t\t<\/div>\n\t\t\t\t<\/div>\n\t\t\t\t<\/div>","protected":false},"excerpt":{"rendered":"<p>Blanca Uribe Blanca Uribe, originaria de Bogot\u00e1, se traslad\u00f3 a Medell\u00edn, creciendo en una familia de m\u00fasicos. Comenz\u00f3 sus estudios con su abuela y luego con la maestra italiana Luisa Manighetti. A los 11 a\u00f1os, debut\u00f3 con la Orquesta Sinf\u00f3nica de Colombia y continu\u00f3 su formaci\u00f3n en Estados Unidos y Viena, destac\u00e1ndose con honores acad\u00e9micos. Su carrera como pianista la llev\u00f3 a actuaciones en prestigiosos escenarios internacionales y a ser solista de renombradas orquestas. \u00a0 Desde 1969 hasta 2005, fue profesora en Vassar College de Nueva York, recibiendo el t\u00edtulo \u00abGeorge Shermann Dickinson Chair\u00bb. Adem\u00e1s, imparti\u00f3 clases en instituciones como la Escuela Eastman de Rochester y la Universidad de Nueva York, extendiendo su influencia a universidades y conservatorios en diversos pa\u00edses. Uribe obtuvo premios y reconocimientos en competiciones de m\u00fasica cl\u00e1sica, destacando en el Concurso Chopin de Varsovia y en R\u00edo de Janeiro. \u00a0 Durante su tiempo en Europa, recibi\u00f3 el Premio Elena Rombro-Stepanov y la Medalla de Oro en la competencia mundial en Ginebra. Su contribuci\u00f3n como miembro del jurado en destacados concursos internacionales refleja su influencia en la escena musical global. Blanca Uribe es una pianista distinguida, educadora y jurado reconocida internacionalmente<\/p>","protected":false},"author":1,"featured_media":0,"parent":0,"menu_order":0,"comment_status":"closed","ping_status":"closed","template":"","meta":{"_monsterinsights_skip_tracking":false,"_monsterinsights_sitenote_active":false,"_monsterinsights_sitenote_note":"","_monsterinsights_sitenote_category":0,"site-sidebar-layout":"no-sidebar","site-content-layout":"page-builder","ast-site-content-layout":"full-width-container","site-content-style":"default","site-sidebar-style":"default","ast-global-header-display":"","ast-banner-title-visibility":"","ast-main-header-display":"","ast-hfb-above-header-display":"","ast-hfb-below-header-display":"","ast-hfb-mobile-header-display":"","site-post-title":"disabled","ast-breadcrumbs-content":"","ast-featured-img":"disabled","footer-sml-layout":"","theme-transparent-header-meta":"","adv-header-id-meta":"","stick-header-meta":"","header-above-stick-meta":"","header-main-stick-meta":"","header-below-stick-meta":"","astra-migrate-meta-layouts":"set","ast-page-background-enabled":"default","ast-page-background-meta":{"desktop":{"background-color":"var(--ast-global-color-4)","background-image":"","background-repeat":"repeat","background-position":"center center","background-size":"auto","background-attachment":"scroll","background-type":"","background-media":"","overlay-type":"","overlay-color":"","overlay-opacity":"","overlay-gradient":""},"tablet":{"background-color":"","background-image":"","background-repeat":"repeat","background-position":"center center","background-size":"auto","background-attachment":"scroll","background-type":"","background-media":"","overlay-type":"","overlay-color":"","overlay-opacity":"","overlay-gradient":""},"mobile":{"background-color":"","background-image":"","background-repeat":"repeat","background-position":"center center","background-size":"auto","background-attachment":"scroll","background-type":"","background-media":"","overlay-type":"","overlay-color":"","overlay-opacity":"","overlay-gradient":""}},"ast-content-background-meta":{"desktop":{"background-color":"var(--ast-global-color-5)","background-image":"","background-repeat":"repeat","background-position":"center center","background-size":"auto","background-attachment":"scroll","background-type":"","background-media":"","overlay-type":"","overlay-color":"","overlay-opacity":"","overlay-gradient":""},"tablet":{"background-color":"var(--ast-global-color-5)","background-image":"","background-repeat":"repeat","background-position":"center center","background-size":"auto","background-attachment":"scroll","background-type":"","background-media":"","overlay-type":"","overlay-color":"","overlay-opacity":"","overlay-gradient":""},"mobile":{"background-color":"var(--ast-global-color-5)","background-image":"","background-repeat":"repeat","background-position":"center center","background-size":"auto","background-attachment":"scroll","background-type":"","background-media":"","overlay-type":"","overlay-color":"","overlay-opacity":"","overlay-gradient":""}},"_joinchat":[],"footnotes":""},"class_list":["post-2991","page","type-page","status-publish","hentry"],"aioseo_notices":[],"_links":{"self":[{"href":"https:\/\/blancauribepianocompetition.co\/en\/wp-json\/wp\/v2\/pages\/2991","targetHints":{"allow":["GET"]}}],"collection":[{"href":"https:\/\/blancauribepianocompetition.co\/en\/wp-json\/wp\/v2\/pages"}],"about":[{"href":"https:\/\/blancauribepianocompetition.co\/en\/wp-json\/wp\/v2\/types\/page"}],"author":[{"embeddable":true,"href":"https:\/\/blancauribepianocompetition.co\/en\/wp-json\/wp\/v2\/users\/1"}],"replies":[{"embeddable":true,"href":"https:\/\/blancauribepianocompetition.co\/en\/wp-json\/wp\/v2\/comments?post=2991"}],"version-history":[{"count":10,"href":"https:\/\/blancauribepianocompetition.co\/en\/wp-json\/wp\/v2\/pages\/2991\/revisions"}],"predecessor-version":[{"id":3001,"href":"https:\/\/blancauribepianocompetition.co\/en\/wp-json\/wp\/v2\/pages\/2991\/revisions\/3001"}],"wp:attachment":[{"href":"https:\/\/blancauribepianocompetition.co\/en\/wp-json\/wp\/v2\/media?parent=2991"}],"curies":[{"name":"wp","href":"https:\/\/api.w.org\/{rel}","templated":true}]}}