{"id":3357,"date":"2024-04-25T13:41:00","date_gmt":"2024-04-25T13:41:00","guid":{"rendered":"https:\/\/blancauribepianocompetition.co\/?page_id=3357"},"modified":"2024-04-25T13:53:20","modified_gmt":"2024-04-25T13:53:20","slug":"obra-inedita","status":"publish","type":"page","link":"https:\/\/blancauribepianocompetition.co\/de\/obra-inedita\/","title":{"rendered":"Obra in\u00e9dita"},"content":{"rendered":"<div data-elementor-type=\"wp-page\" data-elementor-id=\"3357\" class=\"elementor elementor-3357\">\n\t\t\t\t\t\t<section class=\"elementor-section elementor-top-section elementor-element elementor-element-2dd3e310 elementor-section-height-min-height elementor-section-full_width elementor-section-height-default elementor-section-items-middle wpr-particle-no wpr-jarallax-no wpr-parallax-no wpr-sticky-section-no\" data-id=\"2dd3e310\" data-element_type=\"section\" data-settings=\"{&quot;background_background&quot;:&quot;classic&quot;}\">\n\t\t\t\t\t\t<div class=\"elementor-container elementor-column-gap-default\">\n\t\t\t\t\t<div class=\"elementor-column elementor-col-100 elementor-top-column elementor-element elementor-element-73345a90\" data-id=\"73345a90\" data-element_type=\"column\">\n\t\t\t<div class=\"elementor-widget-wrap elementor-element-populated\">\n\t\t\t\t\t\t<div class=\"elementor-element elementor-element-4d15d364 elementor-widget elementor-widget-heading\" data-id=\"4d15d364\" data-element_type=\"widget\" data-widget_type=\"heading.default\">\n\t\t\t\t<div class=\"elementor-widget-container\">\n\t\t\t\t\t<h1 class=\"elementor-heading-title elementor-size-default\">Obra in\u00e9dita<\/h1>\t\t\t\t<\/div>\n\t\t\t\t<\/div>\n\t\t\t\t\t<\/div>\n\t\t<\/div>\n\t\t\t\t\t<\/div>\n\t\t<\/section>\n\t\t<div class=\"elementor-element elementor-element-281192c e-flex e-con-boxed wpr-particle-no wpr-jarallax-no wpr-parallax-no wpr-sticky-section-no e-con e-parent\" data-id=\"281192c\" data-element_type=\"container\">\n\t\t\t\t\t<div class=\"e-con-inner\">\n\t\t\t\t<div class=\"elementor-element elementor-element-d9e1578 elementor-widget elementor-widget-text-editor\" data-id=\"d9e1578\" data-element_type=\"widget\" data-widget_type=\"text-editor.default\">\n\t\t\t\t<div class=\"elementor-widget-container\">\n\t\t\t\t\t\t\t\t\t<h2><strong><img fetchpriority=\"high\" decoding=\"async\" class=\"alignleft wp-image-3358\" src=\"https:\/\/blancauribepianocompetition.co\/wp-content\/uploads\/2024\/04\/Amparo-Angel-scaled-e1714052709800-300x277.jpg\" alt=\"\" width=\"433\" height=\"400\" srcset=\"https:\/\/blancauribepianocompetition.co\/wp-content\/uploads\/2024\/04\/Amparo-Angel-scaled-e1714052709800-300x277.jpg 300w, https:\/\/blancauribepianocompetition.co\/wp-content\/uploads\/2024\/04\/Amparo-Angel-scaled-e1714052709800-1024x947.jpg 1024w, https:\/\/blancauribepianocompetition.co\/wp-content\/uploads\/2024\/04\/Amparo-Angel-scaled-e1714052709800-768x710.jpg 768w, https:\/\/blancauribepianocompetition.co\/wp-content\/uploads\/2024\/04\/Amparo-Angel-scaled-e1714052709800-1536x1421.jpg 1536w, https:\/\/blancauribepianocompetition.co\/wp-content\/uploads\/2024\/04\/Amparo-Angel-scaled-e1714052709800-13x12.jpg 13w, https:\/\/blancauribepianocompetition.co\/wp-content\/uploads\/2024\/04\/Amparo-Angel-scaled-e1714052709800-200x185.jpg 200w, https:\/\/blancauribepianocompetition.co\/wp-content\/uploads\/2024\/04\/Amparo-Angel-scaled-e1714052709800.jpg 1557w\" sizes=\"(max-width: 433px) 100vw, 433px\" \/>Amparo \u00c1ngel<\/strong><\/h2><p>\u00a0<\/p><p style=\"text-align: justify;\">Amparo \u00c1ngel naci\u00f3 en Popay\u00e1n Colombia. Inici\u00f3 sus estudios musicales a la edad de 5 a\u00f1os en el Conservatorio de la Universidad del Cauca. Estudi\u00f3 en Bogot\u00e1 con las pianistas, Luisa Manighetti y Luc\u00eda P\u00e9rez. Obtuvo el grado de Pianista-Concertista en el Conservatorio de la Universidad Nacional de Colombia, siendo alumna del maestro Eduardo de Heredia.<\/p><p style=\"text-align: justify;\">\u00a0<\/p><p style=\"text-align: justify;\">Ha actuado como recitalista y solista de diversas orquestas en Colombia y el exterior. Realiz\u00f3 sus estudios de composici\u00f3n con los maestros Luis Antonio Escobar y Blas Atehort\u00faa en el Conservatorio de Bogot\u00e1.<\/p><p style=\"text-align: justify;\">\u00a0<\/p><p style=\"text-align: justify;\">Autora de libros para ni\u00f1os con temas de m\u00fasica e historia, entre otros, Xochi y Pilli, historia de la m\u00fasica para los ni\u00f1os, y Crist\u00f3bal Col\u00f3n. Ha realizados permanentemente labores pedag\u00f3gicas a trav\u00e9s de la c\u00e1tedra y en los programas infantiles de TV, la Flauta M\u00e1gica.<\/p><p style=\"text-align: justify;\">\u00a0<\/p><p style=\"text-align: justify;\">Su producci\u00f3n musical abarcan todos los g\u00e9neros: coral, sinf\u00f3nico y de c\u00e1mara. Para los ni\u00f1os ha compuestos canciones infantiles y obras basadas en cuentos escritos por ella. Su m\u00fasica se cataloga dentro de los estilos neocl\u00e1sico y neorom\u00e1ntico, con las obligadas innovaciones contempor\u00e1neas.<\/p><p style=\"text-align: justify;\">\u00a0<\/p><p style=\"text-align: justify;\">Desempe\u00f1a su labor docente como profesora particular de piano, cursos de historia de la m\u00fasica y, desde el a\u00f1o 2003 hasta la actualidad, tiene a su cargo la c\u00e1tedra de composici\u00f3n y orquestaci\u00f3n en el departamento de m\u00fasica de la Universidad Sergio Arboleda de Bogot\u00e1. Semanalmente, de manera virtual, realiza un ciclo de conferencias de apreciaci\u00f3n de la m\u00fasica.<\/p><p style=\"text-align: justify;\">\u00a0<\/p><p style=\"text-align: justify;\">Contin\u00faa en su labor permanente de salvaguardar y difundir la obra de su esposo el compositor colombiano Luis Antonio Escobar, cuyos manuscritos de m\u00e1s de 300 obras, ser\u00e1n donados en un futuro pr\u00f3ximo al Banco de la Rep\u00fablica y al cual tendr\u00e1n acceso m\u00fasicos, investigadores y p\u00fablico en general.<\/p>\t\t\t\t\t\t\t\t<\/div>\n\t\t\t\t<\/div>\n\t\t\t\t\t<\/div>\n\t\t\t\t<\/div>\n\t\t\t\t<\/div>","protected":false},"excerpt":{"rendered":"<p>Obra in\u00e9dita Amparo \u00c1ngel \u00a0 Amparo \u00c1ngel naci\u00f3 en Popay\u00e1n Colombia. Inici\u00f3 sus estudios musicales a la edad de 5 a\u00f1os en el Conservatorio de la Universidad del Cauca. Estudi\u00f3 en Bogot\u00e1 con las pianistas, Luisa Manighetti y Luc\u00eda P\u00e9rez. Obtuvo el grado de Pianista-Concertista en el Conservatorio de la Universidad Nacional de Colombia, siendo alumna del maestro Eduardo de Heredia. \u00a0 Ha actuado como recitalista y solista de diversas orquestas en Colombia y el exterior. Realiz\u00f3 sus estudios de composici\u00f3n con los maestros Luis Antonio Escobar y Blas Atehort\u00faa en el Conservatorio de Bogot\u00e1. \u00a0 Autora de libros para ni\u00f1os con temas de m\u00fasica e historia, entre otros, Xochi y Pilli, historia de la m\u00fasica para los ni\u00f1os, y Crist\u00f3bal Col\u00f3n. Ha realizados permanentemente labores pedag\u00f3gicas a trav\u00e9s de la c\u00e1tedra y en los programas infantiles de TV, la Flauta M\u00e1gica. \u00a0 Su producci\u00f3n musical abarcan todos los g\u00e9neros: coral, sinf\u00f3nico y de c\u00e1mara. Para los ni\u00f1os ha compuestos canciones infantiles y obras basadas en cuentos escritos por ella. Su m\u00fasica se cataloga dentro de los estilos neocl\u00e1sico y neorom\u00e1ntico, con las obligadas innovaciones contempor\u00e1neas. \u00a0 Desempe\u00f1a su labor docente como profesora particular de piano, cursos de historia de la m\u00fasica y, desde el a\u00f1o 2003 hasta la actualidad, tiene a su cargo la c\u00e1tedra de composici\u00f3n y orquestaci\u00f3n en el departamento de m\u00fasica de la Universidad Sergio Arboleda de Bogot\u00e1. Semanalmente, de manera virtual, realiza un ciclo de conferencias de apreciaci\u00f3n de la m\u00fasica. \u00a0 Contin\u00faa en su labor permanente de salvaguardar y difundir la obra de su esposo el compositor colombiano Luis Antonio Escobar, cuyos manuscritos de m\u00e1s de 300 obras, ser\u00e1n donados en un futuro pr\u00f3ximo al Banco de la Rep\u00fablica y al cual tendr\u00e1n acceso m\u00fasicos, investigadores y p\u00fablico en general.<\/p>","protected":false},"author":1,"featured_media":0,"parent":0,"menu_order":0,"comment_status":"closed","ping_status":"closed","template":"","meta":{"_monsterinsights_skip_tracking":false,"_monsterinsights_sitenote_active":false,"_monsterinsights_sitenote_note":"","_monsterinsights_sitenote_category":0,"site-sidebar-layout":"no-sidebar","site-content-layout":"page-builder","ast-site-content-layout":"full-width-container","site-content-style":"default","site-sidebar-style":"default","ast-global-header-display":"","ast-banner-title-visibility":"","ast-main-header-display":"","ast-hfb-above-header-display":"","ast-hfb-below-header-display":"","ast-hfb-mobile-header-display":"","site-post-title":"disabled","ast-breadcrumbs-content":"","ast-featured-img":"disabled","footer-sml-layout":"","theme-transparent-header-meta":"","adv-header-id-meta":"","stick-header-meta":"","header-above-stick-meta":"","header-main-stick-meta":"","header-below-stick-meta":"","astra-migrate-meta-layouts":"default","ast-page-background-enabled":"default","ast-page-background-meta":{"desktop":{"background-color":"var(--ast-global-color-4)","background-image":"","background-repeat":"repeat","background-position":"center center","background-size":"auto","background-attachment":"scroll","background-type":"","background-media":"","overlay-type":"","overlay-color":"","overlay-opacity":"","overlay-gradient":""},"tablet":{"background-color":"","background-image":"","background-repeat":"repeat","background-position":"center center","background-size":"auto","background-attachment":"scroll","background-type":"","background-media":"","overlay-type":"","overlay-color":"","overlay-opacity":"","overlay-gradient":""},"mobile":{"background-color":"","background-image":"","background-repeat":"repeat","background-position":"center center","background-size":"auto","background-attachment":"scroll","background-type":"","background-media":"","overlay-type":"","overlay-color":"","overlay-opacity":"","overlay-gradient":""}},"ast-content-background-meta":{"desktop":{"background-color":"var(--ast-global-color-5)","background-image":"","background-repeat":"repeat","background-position":"center center","background-size":"auto","background-attachment":"scroll","background-type":"","background-media":"","overlay-type":"","overlay-color":"","overlay-opacity":"","overlay-gradient":""},"tablet":{"background-color":"var(--ast-global-color-5)","background-image":"","background-repeat":"repeat","background-position":"center center","background-size":"auto","background-attachment":"scroll","background-type":"","background-media":"","overlay-type":"","overlay-color":"","overlay-opacity":"","overlay-gradient":""},"mobile":{"background-color":"var(--ast-global-color-5)","background-image":"","background-repeat":"repeat","background-position":"center center","background-size":"auto","background-attachment":"scroll","background-type":"","background-media":"","overlay-type":"","overlay-color":"","overlay-opacity":"","overlay-gradient":""}},"_joinchat":[],"footnotes":""},"class_list":["post-3357","page","type-page","status-publish","hentry"],"aioseo_notices":[],"_links":{"self":[{"href":"https:\/\/blancauribepianocompetition.co\/de\/wp-json\/wp\/v2\/pages\/3357","targetHints":{"allow":["GET"]}}],"collection":[{"href":"https:\/\/blancauribepianocompetition.co\/de\/wp-json\/wp\/v2\/pages"}],"about":[{"href":"https:\/\/blancauribepianocompetition.co\/de\/wp-json\/wp\/v2\/types\/page"}],"author":[{"embeddable":true,"href":"https:\/\/blancauribepianocompetition.co\/de\/wp-json\/wp\/v2\/users\/1"}],"replies":[{"embeddable":true,"href":"https:\/\/blancauribepianocompetition.co\/de\/wp-json\/wp\/v2\/comments?post=3357"}],"version-history":[{"count":6,"href":"https:\/\/blancauribepianocompetition.co\/de\/wp-json\/wp\/v2\/pages\/3357\/revisions"}],"predecessor-version":[{"id":3365,"href":"https:\/\/blancauribepianocompetition.co\/de\/wp-json\/wp\/v2\/pages\/3357\/revisions\/3365"}],"wp:attachment":[{"href":"https:\/\/blancauribepianocompetition.co\/de\/wp-json\/wp\/v2\/media?parent=3357"}],"curies":[{"name":"wp","href":"https:\/\/api.w.org\/{rel}","templated":true}]}}