{"id":3239,"date":"2024-03-01T12:54:34","date_gmt":"2024-03-01T12:54:34","guid":{"rendered":"https:\/\/blancauribepianocompetition.co\/?page_id=3239"},"modified":"2024-03-01T12:58:39","modified_gmt":"2024-03-01T12:58:39","slug":"juan-alonso-mendoza","status":"publish","type":"page","link":"https:\/\/blancauribepianocompetition.co\/de\/juan-alonso-mendoza\/","title":{"rendered":"Juan Alonso Mendoza"},"content":{"rendered":"<div data-elementor-type=\"wp-page\" data-elementor-id=\"3239\" class=\"elementor elementor-3239\">\n\t\t\t\t\t\t<section class=\"elementor-section elementor-top-section elementor-element elementor-element-4dcf5633 elementor-section-height-min-height elementor-section-full_width elementor-section-height-default elementor-section-items-middle wpr-particle-no wpr-jarallax-no wpr-parallax-no wpr-sticky-section-no\" data-id=\"4dcf5633\" data-element_type=\"section\" data-settings=\"{&quot;background_background&quot;:&quot;classic&quot;}\">\n\t\t\t\t\t\t<div class=\"elementor-container elementor-column-gap-default\">\n\t\t\t\t\t<div class=\"elementor-column elementor-col-100 elementor-top-column elementor-element elementor-element-1407571e\" data-id=\"1407571e\" data-element_type=\"column\">\n\t\t\t<div class=\"elementor-widget-wrap elementor-element-populated\">\n\t\t\t\t\t\t<div class=\"elementor-element elementor-element-3e6df5e2 elementor-widget elementor-widget-heading\" data-id=\"3e6df5e2\" data-element_type=\"widget\" data-widget_type=\"heading.default\">\n\t\t\t\t<div class=\"elementor-widget-container\">\n\t\t\t\t\t<h1 class=\"elementor-heading-title elementor-size-default\">Juan Alonso Mendoza<\/h1>\t\t\t\t<\/div>\n\t\t\t\t<\/div>\n\t\t\t\t\t<\/div>\n\t\t<\/div>\n\t\t\t\t\t<\/div>\n\t\t<\/section>\n\t\t<div class=\"elementor-element elementor-element-80d3e72 e-flex e-con-boxed wpr-particle-no wpr-jarallax-no wpr-parallax-no wpr-sticky-section-no e-con e-parent\" data-id=\"80d3e72\" data-element_type=\"container\">\n\t\t\t\t\t<div class=\"e-con-inner\">\n\t\t\t\t<div class=\"elementor-element elementor-element-caddeb0 elementor-widget-tablet__width-initial elementor-widget elementor-widget-text-editor\" data-id=\"caddeb0\" data-element_type=\"widget\" data-widget_type=\"text-editor.default\">\n\t\t\t\t<div class=\"elementor-widget-container\">\n\t\t\t\t\t\t\t\t\t<p style=\"text-align: justify;\"><img fetchpriority=\"high\" decoding=\"async\" class=\"alignleft wp-image-3229 size-full\" src=\"https:\/\/blancauribepianocompetition.co\/wp-content\/uploads\/2024\/02\/Juan-Mendoza-V.png\" alt=\"\" width=\"600\" height=\"600\" srcset=\"https:\/\/blancauribepianocompetition.co\/wp-content\/uploads\/2024\/02\/Juan-Mendoza-V.png 600w, https:\/\/blancauribepianocompetition.co\/wp-content\/uploads\/2024\/02\/Juan-Mendoza-V-300x300.png 300w, https:\/\/blancauribepianocompetition.co\/wp-content\/uploads\/2024\/02\/Juan-Mendoza-V-150x150.png 150w, https:\/\/blancauribepianocompetition.co\/wp-content\/uploads\/2024\/02\/Juan-Mendoza-V-12x12.png 12w, https:\/\/blancauribepianocompetition.co\/wp-content\/uploads\/2024\/02\/Juan-Mendoza-V-200x200.png 200w\" sizes=\"(max-width: 600px) 100vw, 600px\" \/>Geboren in Bogot\u00e1 (Kolumbien), erhielt er seinen Abschluss als Oboensolist an der Universit\u00e4t Mozarteum Salzburg (\u00d6sterreich) und schloss anschlie\u00dfend ein Postgraduiertenstudium in Kulturmanagement mit einem Laureate-Master-Abschluss am Institut f\u00fcr Kulturverwaltung-IKM der Universit\u00e4t ab Musik aus Wien, dank eines Stipendiums der Mazda Foundation of Colombia. Als professioneller Musiker spielte er in verschiedenen Orchestern wie unter anderem der Akademischen Camerata Salzburg, dem Europ\u00e4ischen Symphonieorchester oder dem Symphonieorchester von Teneriffa (Kanarische Inseln). Als Solist trat er mit dem National Symphony Orchestra of Colombia, dem Bogot\u00e1 Philharmonic und dem Valle Chamber Orchestra auf. Der Schwerpunkt seiner T\u00e4tigkeit als P\u00e4dagoge lag im Privatunterricht f\u00fcr Oboe und Kammermusik in \u00d6sterreich, Spanien und Kolumbien. Seine Erfahrung im Kulturmanagement ist sehr umfangreich, sei es als K\u00fcnstlermanager bei der Agentur Melos Konzerte in Wien, bei Orchestern wie der Sinfonietta Baden oder auch als Opern- und Konzertproduzent bei der \u00f6sterreichischen Agentur Opera on Original Site. 1998 verlegte er seinen Wohnsitz nach Madrid, wo er in die Produktionsabteilung des Teatro Real wechselte. Seit 2000 ist er k\u00fcnstlerischer Leiter der Alb\u00e9niz-Stiftung und ihrer Hauptprogramme, der Musikhochschule Reina Sof\u00eda und des Internationalen Kammermusikinstituts von Madrid, au\u00dferdem Produktionsleiter des Santander Music Meeting and Academy und des \u201ePaloma O Internationaler Klavierwettbewerb \u201eShea\u201c Santander. Er wurde als Jury zu mehreren Wettbewerben sowohl in Spanien als auch in Kolumbien eingeladen und seine Arbeit in Madrid wurde im Rahmen des \u201e100 Latinos\u201c-Programms der FUSIONARTE-Vereinigung anerkannt. 2019 wurde er von der kolumbianischen Botschaft als einer der zehn prominentesten Kolumbianer Spaniens geehrt. Seit ihrer Gr\u00fcndung im Jahr 2008 hat die Nationale Fl\u00f6tenakademie Kolumbiens den \u201eLuis Antonio Escobar\u201c-Preis erhalten, der aus zwei Studienstipendien besteht; Ebenso genie\u00dfen das Musikprogramm \u201eTocar y Batalla\u201c von CAFAM-Bogot\u00e1 und die Studenten des Oboenlehrstuhls der Reina Sof\u00eda Higher School of Music mehrere Instrumente, die Juan A. Mendoza V. altruistisch zur Verf\u00fcgung gestellt hat.<\/p>\t\t\t\t\t\t\t\t<\/div>\n\t\t\t\t<\/div>\n\t\t\t\t\t<\/div>\n\t\t\t\t<\/div>\n\t\t\t\t<\/div>","protected":false},"excerpt":{"rendered":"<p>Juan Alonso Mendoza Nacido en Bogot\u00e1 (Colombia), recibi\u00f3 su grado de Solista de oboe en la Universidad Mozarteum de Salzburgo (Austria) y realiz\u00f3 posteriormente un posgrado en Gesti\u00f3n cultural, con diploma de m\u00e1ster laureado, en el Instituto de Administraci\u00f3n Cultural-IKM de la Universidad de m\u00fasica de Viena, gracias a una beca de la Fundaci\u00f3n Mazda de Colombia. Como m\u00fasico profesional, ha tocado en diferentes orquestas como la Camerata Acad\u00e9mica de Salzburgo, la European Symphony Orchestra o la Sinf\u00f3nica de Tenerife (Islas Canarias), entre otras. Ha actuado como solista con la Orquesta Sinf\u00f3nica Nacional de Colombia, la Filarm\u00f3nica de Bogot\u00e1 y la Orquesta de c\u00e1mara del Valle. Su actividad como pedagogo se ha centrado en la ense\u00f1anza privada del oboe y de la m\u00fasica de c\u00e1mara, en Austria, Espa\u00f1a y Colombia. Su experiencia en la gesti\u00f3n cultural es muy amplia, siendo m\u00e1nager de artistas en la agencia Melos Konzerte de Viena, orquestas como la Sinfonietta Baden, o tambi\u00e9n productor de \u00f3pera y concierto en la agencia austriaca Opera on Original Site. En 1998 traslad\u00f3 su residencia a Madrid, en donde se vincul\u00f3 al departamento de producci\u00f3n del Teatro Real. Desde el a\u00f1o 2000 se desempe\u00f1a como Director Art\u00edstico de la Fundaci\u00f3n Alb\u00e9niz y sus principales programas, la Escuela Superior de M\u00fasica Reina Sof\u00eda y el Instituto Internacional de m\u00fasica de c\u00e1mara de Madrid, siendo tambi\u00e9n director de producci\u00f3n del Encuentro de M\u00fasica y Academia de Santander y del Concurso Internacional de piano de Santander \u201cPaloma O\u00b4Shea\u201d. Ha sido invitado como jurado en varios concursos tanto en Espa\u00f1a como en Colombia, y su labor en Madrid ha sido reconocida dentro del programa \u201c100 Latinos\u201d de la Asociaci\u00f3n FUSIONARTE. En 2019 fue distinguido por la Embajada de Colombia como uno de los diez colombianos m\u00e1s destacados en Espa\u00f1a. La Academia Nacional de flauta de Colombia disfruta desde su creaci\u00f3n en 2008 del Premio \u201cLuis Antonio Escobar\u201d, que consiste en dos becas de matr\u00edcula; de la misma forma, el programa de m\u00fasica \u201cTocar y luchar\u201d de CAFAM-Bogot\u00e1 y los alumnos de la c\u00e1tedra de oboe de la Escuela Superior de M\u00fasica Reina Sof\u00eda, disfrutan de varios instrumentos aportados de forma altruista por Juan A. Mendoza V.<\/p>","protected":false},"author":1,"featured_media":0,"parent":0,"menu_order":0,"comment_status":"closed","ping_status":"closed","template":"","meta":{"_monsterinsights_skip_tracking":false,"_monsterinsights_sitenote_active":false,"_monsterinsights_sitenote_note":"","_monsterinsights_sitenote_category":0,"site-sidebar-layout":"no-sidebar","site-content-layout":"page-builder","ast-site-content-layout":"full-width-container","site-content-style":"default","site-sidebar-style":"default","ast-global-header-display":"","ast-banner-title-visibility":"","ast-main-header-display":"","ast-hfb-above-header-display":"","ast-hfb-below-header-display":"","ast-hfb-mobile-header-display":"","site-post-title":"disabled","ast-breadcrumbs-content":"","ast-featured-img":"disabled","footer-sml-layout":"","theme-transparent-header-meta":"","adv-header-id-meta":"","stick-header-meta":"","header-above-stick-meta":"","header-main-stick-meta":"","header-below-stick-meta":"","astra-migrate-meta-layouts":"set","ast-page-background-enabled":"default","ast-page-background-meta":{"desktop":{"background-color":"var(--ast-global-color-4)","background-image":"","background-repeat":"repeat","background-position":"center center","background-size":"auto","background-attachment":"scroll","background-type":"","background-media":"","overlay-type":"","overlay-color":"","overlay-opacity":"","overlay-gradient":""},"tablet":{"background-color":"","background-image":"","background-repeat":"repeat","background-position":"center center","background-size":"auto","background-attachment":"scroll","background-type":"","background-media":"","overlay-type":"","overlay-color":"","overlay-opacity":"","overlay-gradient":""},"mobile":{"background-color":"","background-image":"","background-repeat":"repeat","background-position":"center center","background-size":"auto","background-attachment":"scroll","background-type":"","background-media":"","overlay-type":"","overlay-color":"","overlay-opacity":"","overlay-gradient":""}},"ast-content-background-meta":{"desktop":{"background-color":"var(--ast-global-color-5)","background-image":"","background-repeat":"repeat","background-position":"center center","background-size":"auto","background-attachment":"scroll","background-type":"","background-media":"","overlay-type":"","overlay-color":"","overlay-opacity":"","overlay-gradient":""},"tablet":{"background-color":"var(--ast-global-color-5)","background-image":"","background-repeat":"repeat","background-position":"center center","background-size":"auto","background-attachment":"scroll","background-type":"","background-media":"","overlay-type":"","overlay-color":"","overlay-opacity":"","overlay-gradient":""},"mobile":{"background-color":"var(--ast-global-color-5)","background-image":"","background-repeat":"repeat","background-position":"center center","background-size":"auto","background-attachment":"scroll","background-type":"","background-media":"","overlay-type":"","overlay-color":"","overlay-opacity":"","overlay-gradient":""}},"_joinchat":[],"footnotes":""},"class_list":["post-3239","page","type-page","status-publish","hentry"],"aioseo_notices":[],"_links":{"self":[{"href":"https:\/\/blancauribepianocompetition.co\/de\/wp-json\/wp\/v2\/pages\/3239","targetHints":{"allow":["GET"]}}],"collection":[{"href":"https:\/\/blancauribepianocompetition.co\/de\/wp-json\/wp\/v2\/pages"}],"about":[{"href":"https:\/\/blancauribepianocompetition.co\/de\/wp-json\/wp\/v2\/types\/page"}],"author":[{"embeddable":true,"href":"https:\/\/blancauribepianocompetition.co\/de\/wp-json\/wp\/v2\/users\/1"}],"replies":[{"embeddable":true,"href":"https:\/\/blancauribepianocompetition.co\/de\/wp-json\/wp\/v2\/comments?post=3239"}],"version-history":[{"count":4,"href":"https:\/\/blancauribepianocompetition.co\/de\/wp-json\/wp\/v2\/pages\/3239\/revisions"}],"predecessor-version":[{"id":3243,"href":"https:\/\/blancauribepianocompetition.co\/de\/wp-json\/wp\/v2\/pages\/3239\/revisions\/3243"}],"wp:attachment":[{"href":"https:\/\/blancauribepianocompetition.co\/de\/wp-json\/wp\/v2\/media?parent=3239"}],"curies":[{"name":"wp","href":"https:\/\/api.w.org\/{rel}","templated":true}]}}