{"id":3105,"date":"2024-02-12T15:22:32","date_gmt":"2024-02-12T15:22:32","guid":{"rendered":"https:\/\/blancauribepianocompetition.co\/?page_id=3105"},"modified":"2024-02-12T17:00:02","modified_gmt":"2024-02-12T17:00:02","slug":"juan-carlos-lopez","status":"publish","type":"page","link":"https:\/\/blancauribepianocompetition.co\/de\/juan-carlos-lopez\/","title":{"rendered":"Juan Carlos Lopez"},"content":{"rendered":"<div data-elementor-type=\"wp-page\" data-elementor-id=\"3105\" class=\"elementor elementor-3105\">\n\t\t\t\t\t\t<section class=\"elementor-section elementor-top-section elementor-element elementor-element-2b1a32a7 elementor-section-height-min-height elementor-section-full_width elementor-section-height-default elementor-section-items-middle wpr-particle-no wpr-jarallax-no wpr-parallax-no wpr-sticky-section-no\" data-id=\"2b1a32a7\" data-element_type=\"section\" data-settings=\"{&quot;background_background&quot;:&quot;classic&quot;}\">\n\t\t\t\t\t\t<div class=\"elementor-container elementor-column-gap-default\">\n\t\t\t\t\t<div class=\"elementor-column elementor-col-100 elementor-top-column elementor-element elementor-element-4f70ba7\" data-id=\"4f70ba7\" data-element_type=\"column\">\n\t\t\t<div class=\"elementor-widget-wrap elementor-element-populated\">\n\t\t\t\t\t\t<div class=\"elementor-element elementor-element-358418cf elementor-widget elementor-widget-heading\" data-id=\"358418cf\" data-element_type=\"widget\" data-widget_type=\"heading.default\">\n\t\t\t\t<div class=\"elementor-widget-container\">\n\t\t\t\t\t<h1 class=\"elementor-heading-title elementor-size-default\">Juan Carlos Lopez<\/h1>\t\t\t\t<\/div>\n\t\t\t\t<\/div>\n\t\t\t\t\t<\/div>\n\t\t<\/div>\n\t\t\t\t\t<\/div>\n\t\t<\/section>\n\t\t<div class=\"elementor-element elementor-element-d29dda7 e-flex e-con-boxed wpr-particle-no wpr-jarallax-no wpr-parallax-no wpr-sticky-section-no e-con e-parent\" data-id=\"d29dda7\" data-element_type=\"container\">\n\t\t\t\t\t<div class=\"e-con-inner\">\n\t\t\t\t<div class=\"elementor-element elementor-element-63966d5 elementor-widget elementor-widget-text-editor\" data-id=\"63966d5\" data-element_type=\"widget\" data-widget_type=\"text-editor.default\">\n\t\t\t\t<div class=\"elementor-widget-container\">\n\t\t\t\t\t\t\t\t\t<p style=\"text-align: justify;\"><img fetchpriority=\"high\" decoding=\"async\" class=\"wp-image-3143 alignleft\" src=\"https:\/\/blancauribepianocompetition.co\/wp-content\/uploads\/2024\/02\/Juan-Carlos-Lopez-300x300.jpg\" alt=\"\" width=\"500\" height=\"500\" srcset=\"https:\/\/blancauribepianocompetition.co\/wp-content\/uploads\/2024\/02\/Juan-Carlos-Lopez-300x300.jpg 300w, https:\/\/blancauribepianocompetition.co\/wp-content\/uploads\/2024\/02\/Juan-Carlos-Lopez-1024x1024.jpg 1024w, https:\/\/blancauribepianocompetition.co\/wp-content\/uploads\/2024\/02\/Juan-Carlos-Lopez-150x150.jpg 150w, https:\/\/blancauribepianocompetition.co\/wp-content\/uploads\/2024\/02\/Juan-Carlos-Lopez-768x768.jpg 768w, https:\/\/blancauribepianocompetition.co\/wp-content\/uploads\/2024\/02\/Juan-Carlos-Lopez-1536x1536.jpg 1536w, https:\/\/blancauribepianocompetition.co\/wp-content\/uploads\/2024\/02\/Juan-Carlos-Lopez-2048x2048.jpg 2048w, https:\/\/blancauribepianocompetition.co\/wp-content\/uploads\/2024\/02\/Juan-Carlos-Lopez-12x12.jpg 12w, https:\/\/blancauribepianocompetition.co\/wp-content\/uploads\/2024\/02\/Juan-Carlos-Lopez-200x200.jpg 200w\" sizes=\"(max-width: 500px) 100vw, 500px\" \/>Der 1988 in Ibagu\u00e9 geborene Pianist und Musiker ist f\u00fcr sein herausragendes Talent und seine akademische Ausbildung bekannt. Er begann sein Klavierstudium im Alter von vierzehn Jahren an der Musikschule des Tolima-Konservatoriums unter der Anleitung von Maestro Carlos Ceballos. Anschlie\u00dfend trat er in das Konservatorium f\u00fcr Musik der Nationalen Universit\u00e4t von Kolumbien ein, wo er sein Grundstudium bei der Lehrerin Piedad P\u00e9rez abschloss und anschlie\u00dfend ein Masterstudium in Klavierp\u00e4dagogik unter der Leitung des renommierten Lehrers Mac McClure, einem Sch\u00fcler von Alicia de la, abschloss Rocha schloss sein Studium 2015 mit Auszeichnung ab.<\/p><p style=\"text-align: justify;\">\u00a0<\/p><p style=\"text-align: justify;\">Bemerkenswert ist seine Karriere als Konzertpianist, Solist, Korrepetitor und Klavierp\u00e4dagoge. Seit 2011 arbeitet er am Tolima-Konservatorium, wo er verschiedene Lehr- und Managementaufgaben wahrnimmt. Er erhielt eine erg\u00e4nzende Ausbildung bei renommierten Lehrern und nahm an zahlreichen Konzerten und Festivals sowohl in Kolumbien als auch international teil, wobei er sich als Klavier- und Orgelsolist hervortat.<\/p><p style=\"text-align: justify;\">\u00a0<\/p><p style=\"text-align: justify;\">Sein Engagement f\u00fcr die Verbreitung klassischer Musik veranlasst ihn zur Entwicklung des Projekts \u201eToca 88\u201c, das darauf abzielt, Klavierabende an verschiedene Orte im Land zu bringen, insbesondere dort, wo klassische Musik weniger zug\u00e4nglich ist, mit dem Ziel, die Bildung zu f\u00f6rdern. Musikalische und Wertsch\u00e4tzung f\u00fcr Klangkunst.<\/p><p style=\"text-align: justify;\">\u00a0<\/p><p style=\"text-align: justify;\">Zus\u00e4tzlich zu seiner k\u00fcnstlerischen Karriere wurde er f\u00fcr seine Teilnahme an internationalen Veranstaltungen und f\u00fcr den Erhalt von Auszeichnungen wie dem Stipendium der Salvi-Stiftung und dem ersten Platz beim Musikeon-Klavierwettbewerb in Spanien gew\u00fcrdigt, was seine Exzellenz und Vielseitigkeit als Pianist unter Beweis stellt.<\/p>\t\t\t\t\t\t\t\t<\/div>\n\t\t\t\t<\/div>\n\t\t\t\t\t<\/div>\n\t\t\t\t<\/div>\n\t\t\t\t<\/div>","protected":false},"excerpt":{"rendered":"<p>Juan Carlos L\u00f3pez El m\u00fasico pianista, nacido en Ibagu\u00e9 en 1988, es reconocido por su destacado talento y formaci\u00f3n acad\u00e9mica. Inici\u00f3 sus estudios de piano a los catorce a\u00f1os en la Escuela de M\u00fasica del Conservatorio del Tolima bajo la tutela del maestro Carlos Ceballos. Posteriormente, ingres\u00f3 al Conservatorio de M\u00fasica de la Universidad Nacional de Colombia, donde complet\u00f3 su pregrado con la maestra Piedad P\u00e9rez y luego realiz\u00f3 una maestr\u00eda en Pedagog\u00eda del Piano bajo la gu\u00eda del renombrado maestro Mac McClure, disc\u00edpulo de Alicia de la Rocha, culminando sus estudios con honores en 2015. \u00a0 Su trayectoria como pianista concertista, solista, correpetidor y pedagogo del piano es notable. Desde el a\u00f1o 2011, trabaja en el Conservatorio del Tolima, donde desempe\u00f1a diversas labores docentes y de direcci\u00f3n. Ha recibido formaci\u00f3n complementaria con reconocidos maestros y ha participado en numerosos conciertos y festivales tanto en Colombia como internacionalmente, destac\u00e1ndose como solista de piano y \u00f3rgano. \u00a0 Su compromiso con la difusi\u00f3n de la m\u00fasica cl\u00e1sica lo lleva a desarrollar el proyecto \u00abToca 88\u00bb, el cual busca llevar recitales de piano a diferentes lugares del pa\u00eds, especialmente aquellos donde la m\u00fasica cl\u00e1sica es menos accesible, con el objetivo de fomentar la educaci\u00f3n musical y el aprecio por el arte sonoro. \u00a0 Adem\u00e1s de su carrera art\u00edstica, ha sido reconocido por su participaci\u00f3n en eventos internacionales y por recibir premios como la beca de la fundaci\u00f3n Salvi y el primer lugar en el concurso de Piano Musikeon en Espa\u00f1a, demostrando su excelencia y versatilidad como pianista.<\/p>","protected":false},"author":1,"featured_media":0,"parent":0,"menu_order":0,"comment_status":"closed","ping_status":"closed","template":"","meta":{"_monsterinsights_skip_tracking":false,"_monsterinsights_sitenote_active":false,"_monsterinsights_sitenote_note":"","_monsterinsights_sitenote_category":0,"site-sidebar-layout":"no-sidebar","site-content-layout":"page-builder","ast-site-content-layout":"full-width-container","site-content-style":"default","site-sidebar-style":"default","ast-global-header-display":"","ast-banner-title-visibility":"","ast-main-header-display":"","ast-hfb-above-header-display":"","ast-hfb-below-header-display":"","ast-hfb-mobile-header-display":"","site-post-title":"disabled","ast-breadcrumbs-content":"","ast-featured-img":"disabled","footer-sml-layout":"","theme-transparent-header-meta":"","adv-header-id-meta":"","stick-header-meta":"","header-above-stick-meta":"","header-main-stick-meta":"","header-below-stick-meta":"","astra-migrate-meta-layouts":"set","ast-page-background-enabled":"default","ast-page-background-meta":{"desktop":{"background-color":"var(--ast-global-color-4)","background-image":"","background-repeat":"repeat","background-position":"center center","background-size":"auto","background-attachment":"scroll","background-type":"","background-media":"","overlay-type":"","overlay-color":"","overlay-opacity":"","overlay-gradient":""},"tablet":{"background-color":"","background-image":"","background-repeat":"repeat","background-position":"center center","background-size":"auto","background-attachment":"scroll","background-type":"","background-media":"","overlay-type":"","overlay-color":"","overlay-opacity":"","overlay-gradient":""},"mobile":{"background-color":"","background-image":"","background-repeat":"repeat","background-position":"center center","background-size":"auto","background-attachment":"scroll","background-type":"","background-media":"","overlay-type":"","overlay-color":"","overlay-opacity":"","overlay-gradient":""}},"ast-content-background-meta":{"desktop":{"background-color":"var(--ast-global-color-5)","background-image":"","background-repeat":"repeat","background-position":"center center","background-size":"auto","background-attachment":"scroll","background-type":"","background-media":"","overlay-type":"","overlay-color":"","overlay-opacity":"","overlay-gradient":""},"tablet":{"background-color":"var(--ast-global-color-5)","background-image":"","background-repeat":"repeat","background-position":"center center","background-size":"auto","background-attachment":"scroll","background-type":"","background-media":"","overlay-type":"","overlay-color":"","overlay-opacity":"","overlay-gradient":""},"mobile":{"background-color":"var(--ast-global-color-5)","background-image":"","background-repeat":"repeat","background-position":"center center","background-size":"auto","background-attachment":"scroll","background-type":"","background-media":"","overlay-type":"","overlay-color":"","overlay-opacity":"","overlay-gradient":""}},"_joinchat":[],"footnotes":""},"class_list":["post-3105","page","type-page","status-publish","hentry"],"aioseo_notices":[],"_links":{"self":[{"href":"https:\/\/blancauribepianocompetition.co\/de\/wp-json\/wp\/v2\/pages\/3105","targetHints":{"allow":["GET"]}}],"collection":[{"href":"https:\/\/blancauribepianocompetition.co\/de\/wp-json\/wp\/v2\/pages"}],"about":[{"href":"https:\/\/blancauribepianocompetition.co\/de\/wp-json\/wp\/v2\/types\/page"}],"author":[{"embeddable":true,"href":"https:\/\/blancauribepianocompetition.co\/de\/wp-json\/wp\/v2\/users\/1"}],"replies":[{"embeddable":true,"href":"https:\/\/blancauribepianocompetition.co\/de\/wp-json\/wp\/v2\/comments?post=3105"}],"version-history":[{"count":7,"href":"https:\/\/blancauribepianocompetition.co\/de\/wp-json\/wp\/v2\/pages\/3105\/revisions"}],"predecessor-version":[{"id":3199,"href":"https:\/\/blancauribepianocompetition.co\/de\/wp-json\/wp\/v2\/pages\/3105\/revisions\/3199"}],"wp:attachment":[{"href":"https:\/\/blancauribepianocompetition.co\/de\/wp-json\/wp\/v2\/media?parent=3105"}],"curies":[{"name":"wp","href":"https:\/\/api.w.org\/{rel}","templated":true}]}}