{"id":3097,"date":"2024-02-12T15:15:18","date_gmt":"2024-02-12T15:15:18","guid":{"rendered":"https:\/\/blancauribepianocompetition.co\/?page_id=3097"},"modified":"2024-02-12T16:52:59","modified_gmt":"2024-02-12T16:52:59","slug":"luis-fernando-perez","status":"publish","type":"page","link":"https:\/\/blancauribepianocompetition.co\/de\/luis-fernando-perez\/","title":{"rendered":"Luis Fernando P\u00e9rez"},"content":{"rendered":"<div data-elementor-type=\"wp-page\" data-elementor-id=\"3097\" class=\"elementor elementor-3097\">\n\t\t\t\t\t\t<section class=\"elementor-section elementor-top-section elementor-element elementor-element-7e878940 elementor-section-height-min-height elementor-section-full_width elementor-section-height-default elementor-section-items-middle wpr-particle-no wpr-jarallax-no wpr-parallax-no wpr-sticky-section-no\" data-id=\"7e878940\" data-element_type=\"section\" data-settings=\"{&quot;background_background&quot;:&quot;classic&quot;}\">\n\t\t\t\t\t\t<div class=\"elementor-container elementor-column-gap-default\">\n\t\t\t\t\t<div class=\"elementor-column elementor-col-100 elementor-top-column elementor-element elementor-element-a1442e3\" data-id=\"a1442e3\" data-element_type=\"column\">\n\t\t\t<div class=\"elementor-widget-wrap elementor-element-populated\">\n\t\t\t\t\t\t<div class=\"elementor-element elementor-element-48fc5867 elementor-widget elementor-widget-heading\" data-id=\"48fc5867\" data-element_type=\"widget\" data-widget_type=\"heading.default\">\n\t\t\t\t<div class=\"elementor-widget-container\">\n\t\t\t\t\t<h1 class=\"elementor-heading-title elementor-size-default\">Luis Fernando P\u00e9rez<\/h1>\t\t\t\t<\/div>\n\t\t\t\t<\/div>\n\t\t\t\t\t<\/div>\n\t\t<\/div>\n\t\t\t\t\t<\/div>\n\t\t<\/section>\n\t\t<div class=\"elementor-element elementor-element-e380eae e-flex e-con-boxed wpr-particle-no wpr-jarallax-no wpr-parallax-no wpr-sticky-section-no e-con e-parent\" data-id=\"e380eae\" data-element_type=\"container\">\n\t\t\t\t\t<div class=\"e-con-inner\">\n\t\t\t\t<div class=\"elementor-element elementor-element-308c4f9 elementor-widget elementor-widget-text-editor\" data-id=\"308c4f9\" data-element_type=\"widget\" data-widget_type=\"text-editor.default\">\n\t\t\t\t<div class=\"elementor-widget-container\">\n\t\t\t\t\t\t\t\t\t<p style=\"text-align: justify;\"><img fetchpriority=\"high\" decoding=\"async\" class=\"alignleft wp-image-2965\" src=\"https:\/\/blancauribepianocompetition.co\/wp-content\/uploads\/2024\/02\/Luis-Fernando-Perez-300x300.jpg\" alt=\"\" width=\"450\" height=\"450\" srcset=\"https:\/\/blancauribepianocompetition.co\/wp-content\/uploads\/2024\/02\/Luis-Fernando-Perez-300x300.jpg 300w, https:\/\/blancauribepianocompetition.co\/wp-content\/uploads\/2024\/02\/Luis-Fernando-Perez-1024x1024.jpg 1024w, https:\/\/blancauribepianocompetition.co\/wp-content\/uploads\/2024\/02\/Luis-Fernando-Perez-150x150.jpg 150w, https:\/\/blancauribepianocompetition.co\/wp-content\/uploads\/2024\/02\/Luis-Fernando-Perez-768x768.jpg 768w, https:\/\/blancauribepianocompetition.co\/wp-content\/uploads\/2024\/02\/Luis-Fernando-Perez-1536x1536.jpg 1536w\" sizes=\"(max-width: 450px) 100vw, 450px\" \/>Luis Fernando P\u00e9rez wird f\u00fcr seine Technik und Farbpalette gelobt und gilt als einer der au\u00dfergew\u00f6hnlichsten Musiker seiner Generation und als \u201eRenaissance des spanischen Klaviers\u201c (Le Monde).\u00a0<span style=\"font-style: inherit; font-weight: inherit; background-color: var(--ast-global-color-5); text-decoration-line: initial;\">Nach seinem Studium bei Dimitri Bashkirov und Galina Egyazarova an der Musikhochschule Reina Sof\u00eda in Madrid setzte er seine Ausbildung bei Pierre Laurent Aimard an der Hochschule in K\u00f6ln und Alicia de Larrocha an der Marshall Academy in Barcelona fort. Er erhielt Meisterkurse von mehreren au\u00dfergew\u00f6hnlich talentierten Interpreten wie Leon Fleisher, Andras Schiff, Bruno-Leonardo Gelber und Menahen Pressler.<\/span><\/p><p style=\"text-align: justify;\">\u00a0<\/p><p style=\"text-align: justify;\">Er hat neben vielen anderen Orchestern mit dem Nationalorchester von Spanien, dem Philharmonischen Orchester von Monte Carlo, den Warschauer Symphonikern, dem Franz-Liszt-Kammerorchester und dem Baltycka Filharmonia Orchestra zusammen mit Dirigenten wie Georges Tchitchinadze, Ros Marb\u00e1 und Kazuki zusammengearbeitet Yamada, Jes\u00fas L\u00f3pez Cobos und Jean-Jacques Kantorow.\u00a0<span style=\"font-style: inherit; font-weight: inherit; background-color: var(--ast-global-color-5); text-decoration-line: initial;\">Er ist regelm\u00e4\u00dfiger Gast bei Festivals wie La Roque d&#039;Antheron, der Musika-Musika von Bilbao, dem Richter Festival (Tours), dem Granada International Festival, den Donostiarra Fortnight, dem Santander International Festival... und arbeitet h\u00e4ufig mit dem zusammen Casals Quartett, das Ardeo Quartett und das Modigliani Quartett.<\/span><\/p><p style=\"text-align: justify;\">\u00a0<\/p><p style=\"text-align: justify;\">Trotz seiner Jugend ist seine Diskographie sehr umfangreich und wurde vielfach gelobt. Alle ihre Alben wurden vom Scherzo Magazine als \u201eau\u00dfergew\u00f6hnliches Album\u201c ausgezeichnet. Sein \u201eIberia\u201c brachte ihm die Alb\u00e9niz-Medaille ein und wird vom Grammophone Magazine (Alicia de Larrocha, Esteban S\u00e1nchez, Rafael Orozco) als \u201edas vierte mythische Iberia\u201c bezeichnet. Seine beim franz\u00f6sischen Label Mirare aufgenommenen Goyescas de Granados wurden vom Magazin Classica mit dem Diapas\u00f3n de Oro und dem Choc des Jahres ausgezeichnet. K\u00fcrzlich hat er ein Album aufgenommen, das Federico Mompou gewidmet ist (FFFF de T\u00e9l\u00e9rama und Diapas\u00f3n 5 Estrellas) und arbeitet derzeit an der Aufnahme seines n\u00e4chsten Werks.<\/p><p style=\"text-align: justify;\">\u00a0<\/p><p style=\"text-align: justify;\">Neben seiner rege Konzertt\u00e4tigkeit entwickelt er ein intensives Engagement f\u00fcr den Unterricht am Katarina Gurska Higher Center und an der Marshall Academy (und tritt damit in die Fu\u00dfstapfen seiner Lehrerin Alicia de Larrocha). Er ist au\u00dferdem Professor f\u00fcr den Masterstudiengang Klavier und Kammermusik am H\u00f6heren Konservatorium von Aragon sowie Gastprofessor an der Universit\u00e4t Senzoku (Tokio).<\/p>\t\t\t\t\t\t\t\t<\/div>\n\t\t\t\t<\/div>\n\t\t\t\t\t<\/div>\n\t\t\t\t<\/div>\n\t\t\t\t<\/div>","protected":false},"excerpt":{"rendered":"<p>Luis Fernando P\u00e9rez Alabado por su t\u00e9cnica y su paleta de colores, Luis Fernando P\u00e9rez es considerado uno de los m\u00fasicos m\u00e1s excepcionales de su generaci\u00f3n y \u201cEl Renacimiento del Piano Espa\u00f1ol\u201d (Le Monde).\u00a0Tras estudiar con Dimitri Bashkirov y Galina Egyazarova en la Escuela Superior de M\u00fasica Reina Sof\u00eda de Madrid, continu\u00f3 su formaci\u00f3n con Pierre Laurent Aimard en la Hochschule de Colonia y Alicia de Larrocha en la Academia Marshall de Barcelona. Ha recibido lecciones magistrales de m\u00faltiples int\u00e9rpretes de excepcional talento como Leon Fleisher, Andras Schiff, Bruno-Leonardo Gelber y Menahen Pressler. \u00a0 Ha colaborado, entre otras muchas orquestas, con la Orquesta Nacional de Espa\u00f1a, la Orquesta Filarm\u00f3nica de Montecarlo, Sinfon\u00eda Varsovia, la Orquesta de C\u00e1mara Franz Liszt y la Orquesta Filharmonia Baltycka junto con directores de la talla de Georges Tchitchinadze, Ros Marb\u00e1, Kazuki Yamada, Jes\u00fas L\u00f3pez Cobos y Jean-Jacques Kantorow.\u00a0Es invitado asiduo de festivales como La Roque d\u2019Antheron, el Musika-Musika de Bilbao, el Festival Richter (Tours), el Festival Internacional de Granada, la Quincena Donostiarra, el Festival Internacional de Santander\u2026 y colabora frecuentemente con el Cuarteto Casals, el Cuarteto Ardeo y el Cuarteto Modigliani. \u00a0 A pesar de su juventud su discograf\u00eda es muy extensa y ha recibido m\u00faltiples alabanzas. Todos sus discos han recibido la menci\u00f3n de \u201cdisco excepcional\u201d de la Revista Scherzo. Su \u201cIberia\u201d le otorg\u00f3 la Medalla Alb\u00e9niz y es considerada \u201cLa cuarta Iberia m\u00edtica\u201d por la Revista Grammophone (Alicia de Larrocha, Esteban S\u00e1nchez, Rafael Orozco). Sus Goyescas de Granados, grabadas en el sello franc\u00e9s Mirare, recibieron el Diapas\u00f3n de Oro y el Choc del a\u00f1o de la revista Classica. Recientemente ha grabado un disco dedicado a Federico Mompou (FFFF de T\u00e9l\u00e9rama y Diapas\u00f3n 5 estrellas) y actualmente est\u00e1 trabajando en la grabaci\u00f3n de su pr\u00f3ximo trabajo. \u00a0 Junto a su fren\u00e9tica actividad concert\u00edstica desarrolla una intensa dedicaci\u00f3n a la ense\u00f1anza en el Centro Superior Katarina Gurska y la Academia Marshall (siguiendo la estela de su profesora Alicia de Larrocha). Adem\u00e1s es profesor del M\u00e1ster de Piano y de M\u00fasica de C\u00e1mara en el Conservatorio Superior de Arag\u00f3n adem\u00e1s de Guest Professor de la Universidad de Senzoku (Tokyo).<\/p>","protected":false},"author":1,"featured_media":0,"parent":0,"menu_order":0,"comment_status":"closed","ping_status":"closed","template":"","meta":{"_monsterinsights_skip_tracking":false,"_monsterinsights_sitenote_active":false,"_monsterinsights_sitenote_note":"","_monsterinsights_sitenote_category":0,"site-sidebar-layout":"no-sidebar","site-content-layout":"page-builder","ast-site-content-layout":"full-width-container","site-content-style":"default","site-sidebar-style":"default","ast-global-header-display":"","ast-banner-title-visibility":"","ast-main-header-display":"","ast-hfb-above-header-display":"","ast-hfb-below-header-display":"","ast-hfb-mobile-header-display":"","site-post-title":"disabled","ast-breadcrumbs-content":"","ast-featured-img":"disabled","footer-sml-layout":"","theme-transparent-header-meta":"","adv-header-id-meta":"","stick-header-meta":"","header-above-stick-meta":"","header-main-stick-meta":"","header-below-stick-meta":"","astra-migrate-meta-layouts":"set","ast-page-background-enabled":"default","ast-page-background-meta":{"desktop":{"background-color":"var(--ast-global-color-4)","background-image":"","background-repeat":"repeat","background-position":"center center","background-size":"auto","background-attachment":"scroll","background-type":"","background-media":"","overlay-type":"","overlay-color":"","overlay-opacity":"","overlay-gradient":""},"tablet":{"background-color":"","background-image":"","background-repeat":"repeat","background-position":"center center","background-size":"auto","background-attachment":"scroll","background-type":"","background-media":"","overlay-type":"","overlay-color":"","overlay-opacity":"","overlay-gradient":""},"mobile":{"background-color":"","background-image":"","background-repeat":"repeat","background-position":"center center","background-size":"auto","background-attachment":"scroll","background-type":"","background-media":"","overlay-type":"","overlay-color":"","overlay-opacity":"","overlay-gradient":""}},"ast-content-background-meta":{"desktop":{"background-color":"var(--ast-global-color-5)","background-image":"","background-repeat":"repeat","background-position":"center center","background-size":"auto","background-attachment":"scroll","background-type":"","background-media":"","overlay-type":"","overlay-color":"","overlay-opacity":"","overlay-gradient":""},"tablet":{"background-color":"var(--ast-global-color-5)","background-image":"","background-repeat":"repeat","background-position":"center center","background-size":"auto","background-attachment":"scroll","background-type":"","background-media":"","overlay-type":"","overlay-color":"","overlay-opacity":"","overlay-gradient":""},"mobile":{"background-color":"var(--ast-global-color-5)","background-image":"","background-repeat":"repeat","background-position":"center center","background-size":"auto","background-attachment":"scroll","background-type":"","background-media":"","overlay-type":"","overlay-color":"","overlay-opacity":"","overlay-gradient":""}},"_joinchat":[],"footnotes":""},"class_list":["post-3097","page","type-page","status-publish","hentry"],"aioseo_notices":[],"_links":{"self":[{"href":"https:\/\/blancauribepianocompetition.co\/de\/wp-json\/wp\/v2\/pages\/3097","targetHints":{"allow":["GET"]}}],"collection":[{"href":"https:\/\/blancauribepianocompetition.co\/de\/wp-json\/wp\/v2\/pages"}],"about":[{"href":"https:\/\/blancauribepianocompetition.co\/de\/wp-json\/wp\/v2\/types\/page"}],"author":[{"embeddable":true,"href":"https:\/\/blancauribepianocompetition.co\/de\/wp-json\/wp\/v2\/users\/1"}],"replies":[{"embeddable":true,"href":"https:\/\/blancauribepianocompetition.co\/de\/wp-json\/wp\/v2\/comments?post=3097"}],"version-history":[{"count":7,"href":"https:\/\/blancauribepianocompetition.co\/de\/wp-json\/wp\/v2\/pages\/3097\/revisions"}],"predecessor-version":[{"id":3190,"href":"https:\/\/blancauribepianocompetition.co\/de\/wp-json\/wp\/v2\/pages\/3097\/revisions\/3190"}],"wp:attachment":[{"href":"https:\/\/blancauribepianocompetition.co\/de\/wp-json\/wp\/v2\/media?parent=3097"}],"curies":[{"name":"wp","href":"https:\/\/api.w.org\/{rel}","templated":true}]}}