{"id":3075,"date":"2024-02-12T15:04:09","date_gmt":"2024-02-12T15:04:09","guid":{"rendered":"https:\/\/blancauribepianocompetition.co\/?page_id=3075"},"modified":"2024-02-12T16:50:44","modified_gmt":"2024-02-12T16:50:44","slug":"harold-martina","status":"publish","type":"page","link":"https:\/\/blancauribepianocompetition.co\/de\/harold-martina\/","title":{"rendered":"Harold Martina"},"content":{"rendered":"<div data-elementor-type=\"wp-page\" data-elementor-id=\"3075\" class=\"elementor elementor-3075\">\n\t\t\t\t\t\t<section class=\"elementor-section elementor-top-section elementor-element elementor-element-678bea0f elementor-section-height-min-height elementor-section-full_width elementor-section-height-default elementor-section-items-middle wpr-particle-no wpr-jarallax-no wpr-parallax-no wpr-sticky-section-no\" data-id=\"678bea0f\" data-element_type=\"section\" data-settings=\"{&quot;background_background&quot;:&quot;classic&quot;}\">\n\t\t\t\t\t\t<div class=\"elementor-container elementor-column-gap-default\">\n\t\t\t\t\t<div class=\"elementor-column elementor-col-100 elementor-top-column elementor-element elementor-element-7ff04aeb\" data-id=\"7ff04aeb\" data-element_type=\"column\">\n\t\t\t<div class=\"elementor-widget-wrap elementor-element-populated\">\n\t\t\t\t\t\t<div class=\"elementor-element elementor-element-22c73bb1 elementor-widget elementor-widget-heading\" data-id=\"22c73bb1\" data-element_type=\"widget\" data-widget_type=\"heading.default\">\n\t\t\t\t<div class=\"elementor-widget-container\">\n\t\t\t\t\t<h1 class=\"elementor-heading-title elementor-size-default\">Harold Martina<\/h1>\t\t\t\t<\/div>\n\t\t\t\t<\/div>\n\t\t\t\t\t<\/div>\n\t\t<\/div>\n\t\t\t\t\t<\/div>\n\t\t<\/section>\n\t\t<div class=\"elementor-element elementor-element-c6d0b45 e-flex e-con-boxed wpr-particle-no wpr-jarallax-no wpr-parallax-no wpr-sticky-section-no e-con e-parent\" data-id=\"c6d0b45\" data-element_type=\"container\">\n\t\t\t\t\t<div class=\"e-con-inner\">\n\t\t\t\t<div class=\"elementor-element elementor-element-b69abdb elementor-widget elementor-widget-text-editor\" data-id=\"b69abdb\" data-element_type=\"widget\" data-widget_type=\"text-editor.default\">\n\t\t\t\t<div class=\"elementor-widget-container\">\n\t\t\t\t\t\t\t\t\t<p style=\"text-align: justify;\"><img fetchpriority=\"high\" decoding=\"async\" class=\"alignleft wp-image-2963\" src=\"https:\/\/blancauribepianocompetition.co\/wp-content\/uploads\/2024\/02\/Harold-Martina-300x300.jpg\" alt=\"\" width=\"450\" height=\"450\" srcset=\"https:\/\/blancauribepianocompetition.co\/wp-content\/uploads\/2024\/02\/Harold-Martina-300x300.jpg 300w, https:\/\/blancauribepianocompetition.co\/wp-content\/uploads\/2024\/02\/Harold-Martina-1024x1024.jpg 1024w, https:\/\/blancauribepianocompetition.co\/wp-content\/uploads\/2024\/02\/Harold-Martina-150x150.jpg 150w, https:\/\/blancauribepianocompetition.co\/wp-content\/uploads\/2024\/02\/Harold-Martina-768x768.jpg 768w, https:\/\/blancauribepianocompetition.co\/wp-content\/uploads\/2024\/02\/Harold-Martina-1536x1536.jpg 1536w, https:\/\/blancauribepianocompetition.co\/wp-content\/uploads\/2024\/02\/Harold-Martina-2048x2048.jpg 2048w, https:\/\/blancauribepianocompetition.co\/wp-content\/uploads\/2024\/02\/Harold-Martina-12x12.jpg 12w, https:\/\/blancauribepianocompetition.co\/wp-content\/uploads\/2024\/02\/Harold-Martina-200x200.jpg 200w\" sizes=\"(max-width: 450px) 100vw, 450px\" \/>Harold Martina. Regisseur, Pianist. Er wurde 1935 in Curacao, Niederl\u00e4ndische Antillen, geboren. Schon in jungen Jahren begann er Klavier und Musik bei den Lehrern Patrick und Teun Don zu studieren. Im Alter von neun Jahren entschloss er sich jedoch, auf dieses Studium zu verzichten, eine Einstellung, die er beibehielt, bis er sich 1954 auf Bitten von Professorin Anna Mar\u00eda Pennella, damals am Institut f\u00fcr Sch\u00f6ne K\u00fcnste von Medell\u00edn, an Due wandte Seine Kindheitsentscheidung war, dass er das Chemieingenieurwesen, f\u00fcr dessen Studium er in diese Stadt gekommen war, aufgab und sich ganz dem Klavier widmete.<\/p><p style=\"text-align: justify;\">\u00a0<\/p><p style=\"text-align: justify;\">Er heiratete 1958 und lie\u00df sich kurz darauf in Wien nieder, an dessen Musikakademie er unter der Leitung von Professor Richard Hauser vier Jahre sp\u00e4ter den Grad \u201eSumma cum laude\u201c erlangte, eine Auszeichnung, die seit mehr als 15 Jahren nicht mehr verliehen wurde in besagter Akademie. Von 1970 bis 1971 war er Direktor des Musikkonservatoriums der Universit\u00e4t von Antioquia. An derselben Einrichtung war er auch Klavierlehrer. 1975 wurde er von K\u00f6nigin Juliana der Niederlande mit dem Orden von Oranien-Nassau ausgezeichnet und 1990 zum National Associate of Arts im National Committee of Honorary Membership von Sigma Alpha Iota, einer internationalen Musikbruderschaft, gew\u00e4hlt. 1985 tourte er mit dem Geiger Frank Preuss durch Deutschland und mit dem Geiger Roni Rogoff durch Japan.<\/p><p style=\"text-align: justify;\">\u00a0<\/p><p style=\"text-align: justify;\">Eine weitere erfolgreiche Tournee durch Europa wurde mit dem Niederl\u00e4ndischen Kammerorchester durchgef\u00fchrt. Er tourte auch durch mehrere L\u00e4nder Lateinamerikas, Europas und der Vereinigten Staaten, stets mit au\u00dferordentlichem Erfolg bei Kritik und Publikum. Er ist Professor an der Texas School of Music der Fort Worth Christian University, wo er auch als Gastpianist aufgetreten ist. Schon in jungen Jahren begann er Klavier und Musik bei den Lehrern Patrick und Teun Don zu studieren. Im Alter von neun Jahren entschloss er sich jedoch, auf dieses Studium zu verzichten, eine Einstellung, die er beibehielt, bis er sich 1954 auf Bitten von Professorin Anna Mar\u00eda Pennella, damals am Institut f\u00fcr Sch\u00f6ne K\u00fcnste von Medell\u00edn, an Due wandte Seine Kindheitsentscheidung war, dass er das Chemieingenieurwesen, f\u00fcr dessen Studium er in diese Stadt gekommen war, aufgab und sich ganz dem Klavier widmete. Er heiratete 1958 und lie\u00df sich kurz darauf in Wien nieder, an dessen Musikakademie er unter der Leitung von Professor Richard Hauser vier Jahre sp\u00e4ter den Grad \u201eSumma cum laude\u201c erlangte, eine Auszeichnung, die seit mehr als 15 Jahren nicht mehr verliehen wurde in besagter Akademie. Von 1970 bis 1971 war er Direktor des Musikkonservatoriums der Universit\u00e4t von Antioquia. An derselben Einrichtung war er auch Klavierlehrer.<\/p><p style=\"text-align: justify;\">\u00a0<\/p><p style=\"text-align: justify;\">1975 wurde er von K\u00f6nigin Juliana der Niederlande mit dem Orden von Oranien-Nassau ausgezeichnet und 1990 zum National Associate of Arts im National Committee of Honorary Membership von Sigma Alpha Iota, einer internationalen Musikbruderschaft, gew\u00e4hlt. 1985 tourte er mit dem Geiger Frank Preuss durch Deutschland und mit dem Geiger Roni Rogoff durch Japan. Eine weitere erfolgreiche Tournee durch Europa wurde mit dem Niederl\u00e4ndischen Kammerorchester durchgef\u00fchrt. Er tourte auch durch mehrere L\u00e4nder Lateinamerikas, Europas und der Vereinigten Staaten, stets mit au\u00dferordentlichem Erfolg bei Kritik und Publikum. Er ist Professor an der Texas School of Music der Fort Worth Christian University, wo er auch als Gastpianist aufgetreten ist.<\/p>\t\t\t\t\t\t\t\t<\/div>\n\t\t\t\t<\/div>\n\t\t\t\t\t<\/div>\n\t\t\t\t<\/div>\n\t\t\t\t<\/div>","protected":false},"excerpt":{"rendered":"<p>Harold Martina Harold Martina. Director, pianista. Naci\u00f3 en Curazao, Antillas Holandesas en 1935. Desde muy peque\u00f1o inici\u00f3 estudios de piano y m\u00fasica con los profesores Patrick y Teun Don. Sin embargo, a la edad de nueve a\u00f1os tom\u00f3 la decisi\u00f3n de prescindir de dichos estudios, actitud que conserv\u00f3 hasta que, en 1954, a instancias de la profesora Anna Mar\u00eda Pennella, en ese entonces en el Instituto de Bellas Artes de Medell\u00edn, dio vuelta a la decisi\u00f3n infantil, abandon\u00f3 la Ingenier\u00eda Qu\u00edmica que hab\u00eda venido a estudiar a esta ciudad, y se dedic\u00f3 enteramente al piano. \u00a0 Contrajo matrimonio en 1958 y poco despu\u00e9s se radic\u00f3 en Viena en cuya Academia de M\u00fasica y bajo la direcci\u00f3n del profesor Richard Hauser obtuvo, cuatro a\u00f1os despu\u00e9s, el grado \u201cSumma cum laude\u201d, honor que no hab\u00eda sido otorgado por mas de 15 a\u00f1os en dicha academia. Fue director del Conservatorio de M\u00fasica de la Universidad de Antioquia en el periodo 1970-71. Adem\u00e1s fue profesor de piano en la misma instituci\u00f3n. En 1975 fue condecorado por la Reina Juliana de Holanda con la Orden de Orange-Nassau y en 1990 fue elegido como asociado nacional de artes en The National Comit\u00e9 of Honorary Membership de Sigma Alpha Iota, la cual es una fraternidad internacional de m\u00fasica. En 1985 realiz\u00f3 giras por Alemania con el violinista Frank Preuss, y por el Jap\u00f3n con el violinista Roni Rogoff. \u00a0 Otra exitosa correr\u00eda fue la efectuada por Europa con la Orquesta de C\u00e1mara de Holanda. Adem\u00e1s efectu\u00f3 giras en varios pa\u00edses de Latinoam\u00e9rica, Europa y Estados Unidos, siempre con extraordinario \u00e9xito de cr\u00edtica y p\u00fablico. Es profesor de la Escuela de M\u00fasica de Texas de la Universidad Cristiana de Fort Worth, donde tambi\u00e9n ha actuado como pianista invitado. Desde muy peque\u00f1o inici\u00f3 estudios de piano y m\u00fasica con los profesores Patrick y Teun Don. Sin embargo, a la edad de nueve a\u00f1os tom\u00f3 la decisi\u00f3n de prescindir de dichos estudios, actitud que conserv\u00f3 hasta que, en 1954, a instancias de la profesora Anna Mar\u00eda Pennella, en ese entonces en el Instituto de Bellas Artes de Medell\u00edn, dio vuelta a la decisi\u00f3n infantil, abandon\u00f3 la Ingenier\u00eda Qu\u00edmica que hab\u00eda venido a estudiar a esta ciudad, y se dedic\u00f3 enteramente al piano. Contrajo matrimonio en 1958 y poco despu\u00e9s se radic\u00f3 en Viena en cuya Academia de M\u00fasica y bajo la direcci\u00f3n del profesor Richard Hauser obtuvo, cuatro a\u00f1os despu\u00e9s, el grado \u201cSumma cum laude\u201d, honor que no hab\u00eda sido otorgado por mas de 15 a\u00f1os en dicha academia. Fue director del Conservatorio de M\u00fasica de la Universidad de Antioquia en el periodo 1970-71. Adem\u00e1s fue profesor de piano en la misma instituci\u00f3n. \u00a0 En 1975 fue condecorado por la Reina Juliana de Holanda con la Orden de Orange-Nassau y en 1990 fue elegido como asociado nacional de artes en The National Comit\u00e9 of Honorary Membership de Sigma Alpha Iota, la cual es una fraternidad internacional de m\u00fasica. En 1985 realiz\u00f3 giras por Alemania con el violinista Frank Preuss, y por el Jap\u00f3n con el violinista Roni Rogoff. Otra exitosa correr\u00eda fue la efectuada por Europa con la Orquesta de C\u00e1mara de Holanda. Adem\u00e1s efectu\u00f3 giras en varios pa\u00edses de Latinoam\u00e9rica, Europa y Estados Unidos, siempre con extraordinario \u00e9xito de cr\u00edtica y p\u00fablico. Es profesor de la Escuela de M\u00fasica de Texas de la Universidad Cristiana de Fort Worth, donde tambi\u00e9n ha actuado como pianista invitado.<\/p>","protected":false},"author":1,"featured_media":0,"parent":0,"menu_order":0,"comment_status":"closed","ping_status":"closed","template":"","meta":{"_monsterinsights_skip_tracking":false,"_monsterinsights_sitenote_active":false,"_monsterinsights_sitenote_note":"","_monsterinsights_sitenote_category":0,"site-sidebar-layout":"no-sidebar","site-content-layout":"page-builder","ast-site-content-layout":"full-width-container","site-content-style":"default","site-sidebar-style":"default","ast-global-header-display":"","ast-banner-title-visibility":"","ast-main-header-display":"","ast-hfb-above-header-display":"","ast-hfb-below-header-display":"","ast-hfb-mobile-header-display":"","site-post-title":"disabled","ast-breadcrumbs-content":"","ast-featured-img":"disabled","footer-sml-layout":"","theme-transparent-header-meta":"","adv-header-id-meta":"","stick-header-meta":"","header-above-stick-meta":"","header-main-stick-meta":"","header-below-stick-meta":"","astra-migrate-meta-layouts":"set","ast-page-background-enabled":"default","ast-page-background-meta":{"desktop":{"background-color":"var(--ast-global-color-4)","background-image":"","background-repeat":"repeat","background-position":"center center","background-size":"auto","background-attachment":"scroll","background-type":"","background-media":"","overlay-type":"","overlay-color":"","overlay-opacity":"","overlay-gradient":""},"tablet":{"background-color":"","background-image":"","background-repeat":"repeat","background-position":"center center","background-size":"auto","background-attachment":"scroll","background-type":"","background-media":"","overlay-type":"","overlay-color":"","overlay-opacity":"","overlay-gradient":""},"mobile":{"background-color":"","background-image":"","background-repeat":"repeat","background-position":"center center","background-size":"auto","background-attachment":"scroll","background-type":"","background-media":"","overlay-type":"","overlay-color":"","overlay-opacity":"","overlay-gradient":""}},"ast-content-background-meta":{"desktop":{"background-color":"var(--ast-global-color-5)","background-image":"","background-repeat":"repeat","background-position":"center center","background-size":"auto","background-attachment":"scroll","background-type":"","background-media":"","overlay-type":"","overlay-color":"","overlay-opacity":"","overlay-gradient":""},"tablet":{"background-color":"var(--ast-global-color-5)","background-image":"","background-repeat":"repeat","background-position":"center center","background-size":"auto","background-attachment":"scroll","background-type":"","background-media":"","overlay-type":"","overlay-color":"","overlay-opacity":"","overlay-gradient":""},"mobile":{"background-color":"var(--ast-global-color-5)","background-image":"","background-repeat":"repeat","background-position":"center center","background-size":"auto","background-attachment":"scroll","background-type":"","background-media":"","overlay-type":"","overlay-color":"","overlay-opacity":"","overlay-gradient":""}},"_joinchat":[],"footnotes":""},"class_list":["post-3075","page","type-page","status-publish","hentry"],"aioseo_notices":[],"_links":{"self":[{"href":"https:\/\/blancauribepianocompetition.co\/de\/wp-json\/wp\/v2\/pages\/3075","targetHints":{"allow":["GET"]}}],"collection":[{"href":"https:\/\/blancauribepianocompetition.co\/de\/wp-json\/wp\/v2\/pages"}],"about":[{"href":"https:\/\/blancauribepianocompetition.co\/de\/wp-json\/wp\/v2\/types\/page"}],"author":[{"embeddable":true,"href":"https:\/\/blancauribepianocompetition.co\/de\/wp-json\/wp\/v2\/users\/1"}],"replies":[{"embeddable":true,"href":"https:\/\/blancauribepianocompetition.co\/de\/wp-json\/wp\/v2\/comments?post=3075"}],"version-history":[{"count":16,"href":"https:\/\/blancauribepianocompetition.co\/de\/wp-json\/wp\/v2\/pages\/3075\/revisions"}],"predecessor-version":[{"id":3187,"href":"https:\/\/blancauribepianocompetition.co\/de\/wp-json\/wp\/v2\/pages\/3075\/revisions\/3187"}],"wp:attachment":[{"href":"https:\/\/blancauribepianocompetition.co\/de\/wp-json\/wp\/v2\/media?parent=3075"}],"curies":[{"name":"wp","href":"https:\/\/api.w.org\/{rel}","templated":true}]}}