{"id":3054,"date":"2024-02-12T14:52:41","date_gmt":"2024-02-12T14:52:41","guid":{"rendered":"https:\/\/blancauribepianocompetition.co\/?page_id=3054"},"modified":"2024-04-24T22:11:47","modified_gmt":"2024-04-24T22:11:47","slug":"teresita-gomez","status":"publish","type":"page","link":"https:\/\/blancauribepianocompetition.co\/de\/teresita-gomez\/","title":{"rendered":"Teresita Gomez"},"content":{"rendered":"<div data-elementor-type=\"wp-page\" data-elementor-id=\"3054\" class=\"elementor elementor-3054\">\n\t\t\t\t\t\t<section class=\"elementor-section elementor-top-section elementor-element elementor-element-a8e1068 elementor-section-height-min-height elementor-section-full_width elementor-section-height-default elementor-section-items-middle wpr-particle-no wpr-jarallax-no wpr-parallax-no wpr-sticky-section-no\" data-id=\"a8e1068\" data-element_type=\"section\" data-settings=\"{&quot;background_background&quot;:&quot;classic&quot;}\">\n\t\t\t\t\t\t<div class=\"elementor-container elementor-column-gap-default\">\n\t\t\t\t\t<div class=\"elementor-column elementor-col-100 elementor-top-column elementor-element elementor-element-52300d9e\" data-id=\"52300d9e\" data-element_type=\"column\">\n\t\t\t<div class=\"elementor-widget-wrap elementor-element-populated\">\n\t\t\t\t\t\t<div class=\"elementor-element elementor-element-311c7eaa elementor-widget elementor-widget-heading\" data-id=\"311c7eaa\" data-element_type=\"widget\" data-widget_type=\"heading.default\">\n\t\t\t\t<div class=\"elementor-widget-container\">\n\t\t\t\t\t<h1 class=\"elementor-heading-title elementor-size-default\">Teresita Gomez<\/h1>\t\t\t\t<\/div>\n\t\t\t\t<\/div>\n\t\t\t\t\t<\/div>\n\t\t<\/div>\n\t\t\t\t\t<\/div>\n\t\t<\/section>\n\t\t<div class=\"elementor-element elementor-element-134b5f2 elementor-hidden-mobile e-flex e-con-boxed wpr-particle-no wpr-jarallax-no wpr-parallax-no wpr-sticky-section-no e-con e-parent\" data-id=\"134b5f2\" data-element_type=\"container\">\n\t\t\t\t\t<div class=\"e-con-inner\">\n\t\t\t\t<div class=\"elementor-element elementor-element-762e0b8 elementor-widget elementor-widget-text-editor\" data-id=\"762e0b8\" data-element_type=\"widget\" data-widget_type=\"text-editor.default\">\n\t\t\t\t<div class=\"elementor-widget-container\">\n\t\t\t\t\t\t\t\t\t<p style=\"text-align: justify;\"><img fetchpriority=\"high\" decoding=\"async\" class=\"alignleft wp-image-2962\" src=\"https:\/\/blancauribepianocompetition.co\/wp-content\/uploads\/2024\/02\/Teresita-Gomez-1024x1024.jpg\" alt=\"\" width=\"420\" height=\"420\" srcset=\"https:\/\/blancauribepianocompetition.co\/wp-content\/uploads\/2024\/02\/Teresita-Gomez-1024x1024.jpg 1024w, https:\/\/blancauribepianocompetition.co\/wp-content\/uploads\/2024\/02\/Teresita-Gomez-300x300.jpg 300w, https:\/\/blancauribepianocompetition.co\/wp-content\/uploads\/2024\/02\/Teresita-Gomez-150x150.jpg 150w, https:\/\/blancauribepianocompetition.co\/wp-content\/uploads\/2024\/02\/Teresita-Gomez-768x768.jpg 768w, https:\/\/blancauribepianocompetition.co\/wp-content\/uploads\/2024\/02\/Teresita-Gomez-1536x1536.jpg 1536w, https:\/\/blancauribepianocompetition.co\/wp-content\/uploads\/2024\/02\/Teresita-Gomez-2048x2048.jpg 2048w, https:\/\/blancauribepianocompetition.co\/wp-content\/uploads\/2024\/02\/Teresita-Gomez-12x12.jpg 12w, https:\/\/blancauribepianocompetition.co\/wp-content\/uploads\/2024\/02\/Teresita-Gomez-200x200.jpg 200w\" sizes=\"(max-width: 420px) 100vw, 420px\" \/>Teresita G\u00f3mez wurde in Medell\u00edn geboren und begann ihre Klavierausbildung im Alter von vier Jahren am Institut f\u00fcr Bildende K\u00fcnste, unterrichtet von den Lehrerinnen Marta Agudelo de Maya und Anna Mar\u00eda Penella. Sie belegte Klavierkurse f\u00fcr Fortgeschrittene am Konservatorium der Nationalen Universit\u00e4t von Kolumbien bei den Pianisten Tatiana Goncharova und Hilde Adler und sp\u00e4ter am Konservatorium der Universit\u00e4t von Antioquia bei dem Lehrer Harold Martina, wo sie ihren Abschluss als Konzertistin und Klavierlehrerin mit Summa Cum Laude abschloss sagte Institution.<\/p><p>\u00a0<\/p><p style=\"text-align: justify;\">Er erhielt Meisterkurse bei Maestro Jaime Le\u00f3n in Bogot\u00e1 sowie bei B\u00e1rbara Hesse, Jacob Lateiner und Klauss Besslau (in Warschau, Weimar und Berlin). Er hat Konzerte sowohl in Kolumbien als auch im Ausland gegeben: Havanna, Panama-Stadt, Quito, Caracas, Maracaibo, Brasilia, Rio de Janeiro, Sao Paulo, Mexiko-Stadt, Asunci\u00f3n, Berlin, Paris, Le\u00f3n, Madrid, Bukarest, Warschau, Sofia, Bari , Hamburg, Budapest, M\u00fcnchen, Bern, Granada, Wien, Br\u00fcssel, Leipzig, Genf, Wassenar, Basel, Z\u00fcrich und Den Haag, unter anderem.<\/p><p>\u00a0<\/p><p style=\"text-align: justify;\">W\u00e4hrend seiner beruflichen Laufbahn hat er wichtige Lehrt\u00e4tigkeiten an der Universit\u00e4t Caldas, der Universit\u00e4t Cauca, der Universit\u00e4t der Anden und der EAFIT-Universit\u00e4t durchgef\u00fchrt. Derzeit von der University of Antioquia im Ruhestand, arbeitet aber weiterhin als Professor. Als Kulturattach\u00e9 der kolumbianischen Botschaft in der Deutschen Demokratischen Republik (1983-1987) \u00fcbte sie w\u00e4hrend der Regierung von Pr\u00e4sident Belisario Betancur eine fruchtbare musikalische T\u00e4tigkeit in ganz Europa aus und leistete beispiellose Arbeit bei der Verbreitung der herausragendsten kolumbianischen Komponisten. Er hat sein Land bei den vielf\u00e4ltigsten und wichtigsten internationalen Wettbewerben vertreten, darunter das Internationale Franz-Liszt-Festival (Weimar, Deutschland, 1986), das Internationale Winterfestival Campos do Jordao (Brasilien, 1995) am Liceo de Barcelona. , Konzert und Meisterklasse (Barcelona, 2004) und auf den kolumbianisch-katalanischen Musikfestivals der Eafit-Universit\u00e4t (Medell\u00edn, 2003, 2004).<\/p><p>\u00a0<\/p><p style=\"text-align: justify;\">Anl\u00e4sslich der Feierlichkeiten zu ihrem 50-j\u00e4hrigen k\u00fcnstlerischen Schaffen wurde sie von verschiedenen Institutionen ausgezeichnet. Sie wurde k\u00fcrzlich vom Bogot\u00e1 Philharmonic Orchestra mit dem Orden f\u00fcr philharmonische Verdienste ausgezeichnet, und die kolumbianische Regierung zeichnete sie mit dem Cruz de Boyac\u00e1 Comendador Degree aus. Sie wurde auch nach Kuba eingeladen, um Gershwins Konzert in F in Begleitung des Nationalen Symphonieorchesters von Havanna und unter der Leitung der Lehrerin Cecilia Espinosa, Direktorin des EAFIT-Universit\u00e4tsorchesters von Medell\u00edn, aufzuf\u00fchren.<\/p>\t\t\t\t\t\t\t\t<\/div>\n\t\t\t\t<\/div>\n\t\t\t\t\t<\/div>\n\t\t\t\t<\/div>\n\t\t<div class=\"elementor-element elementor-element-d400df8 elementor-hidden-desktop elementor-hidden-tablet e-flex e-con-boxed wpr-particle-no wpr-jarallax-no wpr-parallax-no wpr-sticky-section-no e-con e-parent\" data-id=\"d400df8\" data-element_type=\"container\">\n\t\t\t\t\t<div class=\"e-con-inner\">\n\t\t<div class=\"elementor-element elementor-element-24a3d70 e-con-full e-flex wpr-particle-no wpr-jarallax-no wpr-parallax-no wpr-sticky-section-no e-con e-child\" data-id=\"24a3d70\" data-element_type=\"container\">\n\t\t\t\t<div class=\"elementor-element elementor-element-571e1fc elementor-widget elementor-widget-image\" data-id=\"571e1fc\" data-element_type=\"widget\" data-widget_type=\"image.default\">\n\t\t\t\t<div class=\"elementor-widget-container\">\n\t\t\t\t\t\t\t\t\t\t\t\t\t\t\t<img decoding=\"async\" width=\"1024\" height=\"1024\" src=\"https:\/\/blancauribepianocompetition.co\/wp-content\/uploads\/2024\/02\/Teresita-Gomez-1024x1024.jpg\" class=\"attachment-large size-large wp-image-2962\" alt=\"\" srcset=\"https:\/\/blancauribepianocompetition.co\/wp-content\/uploads\/2024\/02\/Teresita-Gomez-1024x1024.jpg 1024w, https:\/\/blancauribepianocompetition.co\/wp-content\/uploads\/2024\/02\/Teresita-Gomez-300x300.jpg 300w, https:\/\/blancauribepianocompetition.co\/wp-content\/uploads\/2024\/02\/Teresita-Gomez-150x150.jpg 150w, https:\/\/blancauribepianocompetition.co\/wp-content\/uploads\/2024\/02\/Teresita-Gomez-768x768.jpg 768w, https:\/\/blancauribepianocompetition.co\/wp-content\/uploads\/2024\/02\/Teresita-Gomez-1536x1536.jpg 1536w, https:\/\/blancauribepianocompetition.co\/wp-content\/uploads\/2024\/02\/Teresita-Gomez-2048x2048.jpg 2048w, https:\/\/blancauribepianocompetition.co\/wp-content\/uploads\/2024\/02\/Teresita-Gomez-12x12.jpg 12w, https:\/\/blancauribepianocompetition.co\/wp-content\/uploads\/2024\/02\/Teresita-Gomez-200x200.jpg 200w\" sizes=\"(max-width: 1024px) 100vw, 1024px\" \/>\t\t\t\t\t\t\t\t\t\t\t\t\t\t\t<\/div>\n\t\t\t\t<\/div>\n\t\t\t\t<\/div>\n\t\t<div class=\"elementor-element elementor-element-4ab8f66 e-con-full e-flex wpr-particle-no wpr-jarallax-no wpr-parallax-no wpr-sticky-section-no e-con e-child\" data-id=\"4ab8f66\" data-element_type=\"container\">\n\t\t\t\t<div class=\"elementor-element elementor-element-f3a9f24 elementor-widget elementor-widget-text-editor\" data-id=\"f3a9f24\" data-element_type=\"widget\" data-widget_type=\"text-editor.default\">\n\t\t\t\t<div class=\"elementor-widget-container\">\n\t\t\t\t\t\t\t\t\t<p style=\"text-align: justify;\">Teresita G\u00f3mez wurde in Medell\u00edn geboren und begann ihre Klavierausbildung im Alter von vier Jahren am Institut f\u00fcr Bildende K\u00fcnste, unterrichtet von den Lehrerinnen Marta Agudelo de Maya und Anna Mar\u00eda Penella. Sie belegte Klavierkurse f\u00fcr Fortgeschrittene am Konservatorium der Nationalen Universit\u00e4t von Kolumbien bei den Pianisten Tatiana Goncharova und Hilde Adler und sp\u00e4ter am Konservatorium der Universit\u00e4t von Antioquia bei dem Lehrer Harold Martina, wo sie ihren Abschluss als Konzertistin und Klavierlehrerin mit Summa Cum Laude abschloss sagte Institution.<\/p><p>\u00a0<\/p><p style=\"text-align: justify;\">Er erhielt Meisterkurse bei Maestro Jaime Le\u00f3n in Bogot\u00e1 sowie bei B\u00e1rbara Hesse, Jacob Lateiner und Klauss Besslau (in Warschau, Weimar und Berlin). Er hat Konzerte sowohl in Kolumbien als auch im Ausland gegeben: Havanna, Panama-Stadt, Quito, Caracas, Maracaibo, Brasilia, Rio de Janeiro, Sao Paulo, Mexiko-Stadt, Asunci\u00f3n, Berlin, Paris, Le\u00f3n, Madrid, Bukarest, Warschau, Sofia, Bari , Hamburg, Budapest, M\u00fcnchen, Bern, Granada, Wien, Br\u00fcssel, Leipzig, Genf, Wassenar, Basel, Z\u00fcrich und Den Haag, unter anderem.<\/p><p>\u00a0<\/p><p style=\"text-align: justify;\">W\u00e4hrend seiner beruflichen Laufbahn hat er wichtige Lehrt\u00e4tigkeiten an der Universit\u00e4t Caldas, der Universit\u00e4t Cauca, der Universit\u00e4t der Anden und der EAFIT-Universit\u00e4t durchgef\u00fchrt. Derzeit von der University of Antioquia im Ruhestand, arbeitet aber weiterhin als Professor. Als Kulturattach\u00e9 der kolumbianischen Botschaft in der Deutschen Demokratischen Republik (1983-1987) \u00fcbte sie w\u00e4hrend der Regierung von Pr\u00e4sident Belisario Betancur eine fruchtbare musikalische T\u00e4tigkeit in ganz Europa aus und leistete beispiellose Arbeit bei der Verbreitung der herausragendsten kolumbianischen Komponisten. Er hat sein Land bei den vielf\u00e4ltigsten und wichtigsten internationalen Wettbewerben vertreten, darunter das Internationale Franz-Liszt-Festival (Weimar, Deutschland, 1986), das Internationale Winterfestival Campos do Jordao (Brasilien, 1995) am Liceo de Barcelona. , Konzert und Meisterklasse (Barcelona, 2004) und auf den kolumbianisch-katalanischen Musikfestivals der Eafit-Universit\u00e4t (Medell\u00edn, 2003, 2004).<\/p><p>\u00a0<\/p><p style=\"text-align: justify;\">Anl\u00e4sslich der Feierlichkeiten zu ihrem 50-j\u00e4hrigen k\u00fcnstlerischen Schaffen wurde sie von verschiedenen Institutionen ausgezeichnet. Sie wurde k\u00fcrzlich vom Bogot\u00e1 Philharmonic Orchestra mit dem Orden f\u00fcr philharmonische Verdienste ausgezeichnet, und die kolumbianische Regierung zeichnete sie mit dem Cruz de Boyac\u00e1 Comendador Degree aus. Sie wurde auch nach Kuba eingeladen, um Gershwins Konzert in F in Begleitung des Nationalen Symphonieorchesters von Havanna und unter der Leitung der Lehrerin Cecilia Espinosa, Direktorin des EAFIT-Universit\u00e4tsorchesters von Medell\u00edn, aufzuf\u00fchren.<\/p>\t\t\t\t\t\t\t\t<\/div>\n\t\t\t\t<\/div>\n\t\t\t\t<\/div>\n\t\t\t\t\t<\/div>\n\t\t\t\t<\/div>\n\t\t<div class=\"elementor-element elementor-element-2643c0c e-flex e-con-boxed wpr-particle-no wpr-jarallax-no wpr-parallax-no wpr-sticky-section-no e-con e-parent\" data-id=\"2643c0c\" data-element_type=\"container\">\n\t\t\t\t\t<div class=\"e-con-inner\">\n\t\t\t\t<div class=\"elementor-element elementor-element-19c7641 elementor-widget elementor-widget-video\" data-id=\"19c7641\" data-element_type=\"widget\" data-settings=\"{&quot;youtube_url&quot;:&quot;https:\\\/\\\/youtu.be\\\/tfm9jmmFYM0&quot;,&quot;video_type&quot;:&quot;youtube&quot;,&quot;controls&quot;:&quot;yes&quot;}\" data-widget_type=\"video.default\">\n\t\t\t\t<div class=\"elementor-widget-container\">\n\t\t\t\t\t\t\t<div class=\"elementor-wrapper elementor-open-inline\">\n\t\t\t<div class=\"elementor-video\"><\/div>\t\t<\/div>\n\t\t\t\t\t\t<\/div>\n\t\t\t\t<\/div>\n\t\t\t\t\t<\/div>\n\t\t\t\t<\/div>\n\t\t\t\t<\/div>","protected":false},"excerpt":{"rendered":"<p>Teresita G\u00f3mez Teresita G\u00f3mez naci\u00f3 en Medell\u00edn e inici\u00f3 su formaci\u00f3n pian\u00edstica a los cuatro a\u00f1os de edad en el Instituto de Bellas Artes, de la mano de las profesoras Marta Agudelo de Maya y Anna Mar\u00eda Penella. Realiz\u00f3 cursos de piano superior en el Conservatorio de la Universidad Nacional de Colombia con las pianistas Tatiana Goncharova e Hilde Adler y posteriormente en el Conservatorio de la Universidad de Antioquia con el maestro Harold Martina, obteniendo su grado de Concertista y Profesora de Piano Summa Cum Laude en dicha instituci\u00f3n. \u00a0 Recibi\u00f3 clases maestras del maestro Jaime Le\u00f3n, en la ciudad de Bogot\u00e1, y de B\u00e1rbara Hesse, Jacob Lateiner y Klauss Besslau (en Varsovia, Weimar y Berl\u00edn respectivamente). Ha ofrecido recitales tanto en Colombia como en el exterior: La Habana, Ciudad de Panam\u00e1, Quito, Caracas, Maracaibo, Brasilia, Rio de Janeiro, Sao Paulo, Ciudad de M\u00e9xico, Asunci\u00f3n, Berl\u00edn, Par\u00eds, Le\u00f3n, Madrid, Bucarest, Varsovia, Sof\u00eda, Bari, Hamburgo, Budapest, Munich, Berna, Granada, Viena, Bruselas, Leipzig, Ginebra, Wassenar, Basilea, Zurich y La Haya, entre otras. \u00a0 Durante su carrera profesional ha desarrollado una importante labor docente en la Universidad de Caldas, la Universidad del Cauca, la Universidad de los Andes y la Universidad EAFIT. En la actualidad pensionada de la Universidad de Antioquia pero continua vinculada como profesora. Como Agregada Cultural de la Embajada de Colombia en la Rep\u00fablica Democr\u00e1tica Alemana (1983- 1987), durante el gobierno del presidente Belisario Betancur, llev\u00f3 a cabo una f\u00e9rtil actividad musical en toda Europa y realiz\u00f3 una labor sin precedentes en la divulgaci\u00f3n de los m\u00e1s destacados compositores colombianos. Ha representado a su pa\u00eds en los m\u00e1s diversos e importantes cert\u00e1menes internacionales, entre los que sobresalen el Festival Internacional Franz Liszt (Weimar, Alemania, 1986), el Festival Internacional de Invierno Campos do Jordao (Brasil, 1995), en el Liceo de Barcelona, recital y clase maestra (Barcelona, 2004) y en los festivales de m\u00fasica colombo-catalana, Universidad de Eafit (Medell\u00edn, 2003, 2004). \u00a0 Durante la celebraci\u00f3n de sus 50 a\u00f1os de vida art\u00edstica, ha sido reconocida por diferentes instituciones. Recientemente fue condecorada por la orquesta Filarm\u00f3nica de Bogot\u00e1 con la Orden al Merito filarm\u00f3nico y el gobierno Colombiano la condecor\u00f3 con la Cruz de Boyac\u00e1 Grado Comendador. Tambi\u00e9n fue invitada a Cuba para interpretar el Concierto en Fa de Gershwin, en compa\u00f1\u00eda de la Orquesta Sinf\u00f3nica Nacional de la Habana y con la direcci\u00f3n de la maestra Cecilia Espinosa, directora de la Orquesta de la Universidad EAFIT de Medell\u00edn. Teresita G\u00f3mez naci\u00f3 en Medell\u00edn e inici\u00f3 su formaci\u00f3n pian\u00edstica a los cuatro a\u00f1os de edad en el Instituto de Bellas Artes, de la mano de las profesoras Marta Agudelo de Maya y Anna Mar\u00eda Penella. Realiz\u00f3 cursos de piano superior en el Conservatorio de la Universidad Nacional de Colombia con las pianistas Tatiana Goncharova e Hilde Adler y posteriormente en el Conservatorio de la Universidad de Antioquia con el maestro Harold Martina, obteniendo su grado de Concertista y Profesora de Piano Summa Cum Laude en dicha instituci\u00f3n. \u00a0 Recibi\u00f3 clases maestras del maestro Jaime Le\u00f3n, en la ciudad de Bogot\u00e1, y de B\u00e1rbara Hesse, Jacob Lateiner y Klauss Besslau (en Varsovia, Weimar y Berl\u00edn respectivamente). Ha ofrecido recitales tanto en Colombia como en el exterior: La Habana, Ciudad de Panam\u00e1, Quito, Caracas, Maracaibo, Brasilia, Rio de Janeiro, Sao Paulo, Ciudad de M\u00e9xico, Asunci\u00f3n, Berl\u00edn, Par\u00eds, Le\u00f3n, Madrid, Bucarest, Varsovia, Sof\u00eda, Bari, Hamburgo, Budapest, Munich, Berna, Granada, Viena, Bruselas, Leipzig, Ginebra, Wassenar, Basilea, Zurich y La Haya, entre otras. \u00a0 Durante su carrera profesional ha desarrollado una importante labor docente en la Universidad de Caldas, la Universidad del Cauca, la Universidad de los Andes y la Universidad EAFIT. En la actualidad pensionada de la Universidad de Antioquia pero continua vinculada como profesora. Como Agregada Cultural de la Embajada de Colombia en la Rep\u00fablica Democr\u00e1tica Alemana (1983- 1987), durante el gobierno del presidente Belisario Betancur, llev\u00f3 a cabo una f\u00e9rtil actividad musical en toda Europa y realiz\u00f3 una labor sin precedentes en la divulgaci\u00f3n de los m\u00e1s destacados compositores colombianos. Ha representado a su pa\u00eds en los m\u00e1s diversos e importantes cert\u00e1menes internacionales, entre los que sobresalen el Festival Internacional Franz Liszt (Weimar, Alemania, 1986), el Festival Internacional de Invierno Campos do Jordao (Brasil, 1995), en el Liceo de Barcelona, recital y clase maestra (Barcelona, 2004) y en los festivales de m\u00fasica colombo-catalana, Universidad de Eafit (Medell\u00edn, 2003, 2004). \u00a0 Durante la celebraci\u00f3n de sus 50 a\u00f1os de vida art\u00edstica, ha sido reconocida por diferentes instituciones. Recientemente fue condecorada por la orquesta Filarm\u00f3nica de Bogot\u00e1 con la Orden al Merito filarm\u00f3nico y el gobierno Colombiano la condecor\u00f3 con la Cruz de Boyac\u00e1 Grado Comendador. Tambi\u00e9n fue invitada a Cuba para interpretar el Concierto en Fa de Gershwin, en compa\u00f1\u00eda de la Orquesta Sinf\u00f3nica Nacional de la Habana y con la direcci\u00f3n de la maestra Cecilia Espinosa, directora de la Orquesta de la Universidad EAFIT de Medell\u00edn. https:\/\/youtu.be\/tfm9jmmFYM0<\/p>","protected":false},"author":1,"featured_media":0,"parent":0,"menu_order":0,"comment_status":"closed","ping_status":"closed","template":"","meta":{"_monsterinsights_skip_tracking":false,"_monsterinsights_sitenote_active":false,"_monsterinsights_sitenote_note":"","_monsterinsights_sitenote_category":0,"site-sidebar-layout":"no-sidebar","site-content-layout":"page-builder","ast-site-content-layout":"full-width-container","site-content-style":"default","site-sidebar-style":"default","ast-global-header-display":"","ast-banner-title-visibility":"","ast-main-header-display":"","ast-hfb-above-header-display":"","ast-hfb-below-header-display":"","ast-hfb-mobile-header-display":"","site-post-title":"disabled","ast-breadcrumbs-content":"","ast-featured-img":"disabled","footer-sml-layout":"","theme-transparent-header-meta":"","adv-header-id-meta":"","stick-header-meta":"","header-above-stick-meta":"","header-main-stick-meta":"","header-below-stick-meta":"","astra-migrate-meta-layouts":"set","ast-page-background-enabled":"default","ast-page-background-meta":{"desktop":{"background-color":"var(--ast-global-color-4)","background-image":"","background-repeat":"repeat","background-position":"center center","background-size":"auto","background-attachment":"scroll","background-type":"","background-media":"","overlay-type":"","overlay-color":"","overlay-opacity":"","overlay-gradient":""},"tablet":{"background-color":"","background-image":"","background-repeat":"repeat","background-position":"center center","background-size":"auto","background-attachment":"scroll","background-type":"","background-media":"","overlay-type":"","overlay-color":"","overlay-opacity":"","overlay-gradient":""},"mobile":{"background-color":"","background-image":"","background-repeat":"repeat","background-position":"center center","background-size":"auto","background-attachment":"scroll","background-type":"","background-media":"","overlay-type":"","overlay-color":"","overlay-opacity":"","overlay-gradient":""}},"ast-content-background-meta":{"desktop":{"background-color":"var(--ast-global-color-5)","background-image":"","background-repeat":"repeat","background-position":"center center","background-size":"auto","background-attachment":"scroll","background-type":"","background-media":"","overlay-type":"","overlay-color":"","overlay-opacity":"","overlay-gradient":""},"tablet":{"background-color":"var(--ast-global-color-5)","background-image":"","background-repeat":"repeat","background-position":"center center","background-size":"auto","background-attachment":"scroll","background-type":"","background-media":"","overlay-type":"","overlay-color":"","overlay-opacity":"","overlay-gradient":""},"mobile":{"background-color":"var(--ast-global-color-5)","background-image":"","background-repeat":"repeat","background-position":"center center","background-size":"auto","background-attachment":"scroll","background-type":"","background-media":"","overlay-type":"","overlay-color":"","overlay-opacity":"","overlay-gradient":""}},"_joinchat":[],"footnotes":""},"class_list":["post-3054","page","type-page","status-publish","hentry"],"aioseo_notices":[],"_links":{"self":[{"href":"https:\/\/blancauribepianocompetition.co\/de\/wp-json\/wp\/v2\/pages\/3054","targetHints":{"allow":["GET"]}}],"collection":[{"href":"https:\/\/blancauribepianocompetition.co\/de\/wp-json\/wp\/v2\/pages"}],"about":[{"href":"https:\/\/blancauribepianocompetition.co\/de\/wp-json\/wp\/v2\/types\/page"}],"author":[{"embeddable":true,"href":"https:\/\/blancauribepianocompetition.co\/de\/wp-json\/wp\/v2\/users\/1"}],"replies":[{"embeddable":true,"href":"https:\/\/blancauribepianocompetition.co\/de\/wp-json\/wp\/v2\/comments?post=3054"}],"version-history":[{"count":31,"href":"https:\/\/blancauribepianocompetition.co\/de\/wp-json\/wp\/v2\/pages\/3054\/revisions"}],"predecessor-version":[{"id":3346,"href":"https:\/\/blancauribepianocompetition.co\/de\/wp-json\/wp\/v2\/pages\/3054\/revisions\/3346"}],"wp:attachment":[{"href":"https:\/\/blancauribepianocompetition.co\/de\/wp-json\/wp\/v2\/media?parent=3054"}],"curies":[{"name":"wp","href":"https:\/\/api.w.org\/{rel}","templated":true}]}}