{"id":3030,"date":"2024-02-12T14:38:32","date_gmt":"2024-02-12T14:38:32","guid":{"rendered":"https:\/\/blancauribepianocompetition.co\/?page_id=3030"},"modified":"2024-02-12T16:54:50","modified_gmt":"2024-02-12T16:54:50","slug":"ana-maria-orduz","status":"publish","type":"page","link":"https:\/\/blancauribepianocompetition.co\/de\/ana-maria-orduz\/","title":{"rendered":"Ana Maria Orduz"},"content":{"rendered":"<div data-elementor-type=\"wp-page\" data-elementor-id=\"3030\" class=\"elementor elementor-3030\">\n\t\t\t\t\t\t<section class=\"elementor-section elementor-top-section elementor-element elementor-element-268f0694 elementor-section-height-min-height elementor-section-full_width elementor-section-height-default elementor-section-items-middle wpr-particle-no wpr-jarallax-no wpr-parallax-no wpr-sticky-section-no\" data-id=\"268f0694\" data-element_type=\"section\" data-settings=\"{&quot;background_background&quot;:&quot;classic&quot;}\">\n\t\t\t\t\t\t<div class=\"elementor-container elementor-column-gap-default\">\n\t\t\t\t\t<div class=\"elementor-column elementor-col-100 elementor-top-column elementor-element elementor-element-11f673be\" data-id=\"11f673be\" data-element_type=\"column\">\n\t\t\t<div class=\"elementor-widget-wrap elementor-element-populated\">\n\t\t\t\t\t\t<div class=\"elementor-element elementor-element-2126d08f elementor-widget elementor-widget-heading\" data-id=\"2126d08f\" data-element_type=\"widget\" data-widget_type=\"heading.default\">\n\t\t\t\t<div class=\"elementor-widget-container\">\n\t\t\t\t\t<h1 class=\"elementor-heading-title elementor-size-default\">Ana Maria Orduz<\/h1>\t\t\t\t<\/div>\n\t\t\t\t<\/div>\n\t\t\t\t\t<\/div>\n\t\t<\/div>\n\t\t\t\t\t<\/div>\n\t\t<\/section>\n\t\t<div class=\"elementor-element elementor-element-36811be e-flex e-con-boxed wpr-particle-no wpr-jarallax-no wpr-parallax-no wpr-sticky-section-no e-con e-parent\" data-id=\"36811be\" data-element_type=\"container\">\n\t\t\t\t\t<div class=\"e-con-inner\">\n\t\t<div class=\"elementor-element elementor-element-815318b e-con-full e-flex wpr-particle-no wpr-jarallax-no wpr-parallax-no wpr-sticky-section-no e-con e-child\" data-id=\"815318b\" data-element_type=\"container\">\n\t\t\t\t<div class=\"elementor-element elementor-element-f6ddab4 elementor-widget elementor-widget-image\" data-id=\"f6ddab4\" data-element_type=\"widget\" data-widget_type=\"image.default\">\n\t\t\t\t<div class=\"elementor-widget-container\">\n\t\t\t\t\t\t\t\t\t\t\t\t\t\t\t<img fetchpriority=\"high\" decoding=\"async\" width=\"1024\" height=\"1024\" src=\"https:\/\/blancauribepianocompetition.co\/wp-content\/uploads\/2024\/02\/Ana-Maria-Orduz-1024x1024.jpg\" class=\"attachment-large size-large wp-image-2960\" alt=\"\" srcset=\"https:\/\/blancauribepianocompetition.co\/wp-content\/uploads\/2024\/02\/Ana-Maria-Orduz-1024x1024.jpg 1024w, https:\/\/blancauribepianocompetition.co\/wp-content\/uploads\/2024\/02\/Ana-Maria-Orduz-300x300.jpg 300w, https:\/\/blancauribepianocompetition.co\/wp-content\/uploads\/2024\/02\/Ana-Maria-Orduz-150x150.jpg 150w, https:\/\/blancauribepianocompetition.co\/wp-content\/uploads\/2024\/02\/Ana-Maria-Orduz-768x768.jpg 768w, https:\/\/blancauribepianocompetition.co\/wp-content\/uploads\/2024\/02\/Ana-Maria-Orduz-1536x1536.jpg 1536w, https:\/\/blancauribepianocompetition.co\/wp-content\/uploads\/2024\/02\/Ana-Maria-Orduz-2048x2048.jpg 2048w, https:\/\/blancauribepianocompetition.co\/wp-content\/uploads\/2024\/02\/Ana-Maria-Orduz-12x12.jpg 12w, https:\/\/blancauribepianocompetition.co\/wp-content\/uploads\/2024\/02\/Ana-Maria-Orduz-200x200.jpg 200w\" sizes=\"(max-width: 1024px) 100vw, 1024px\" \/>\t\t\t\t\t\t\t\t\t\t\t\t\t\t\t<\/div>\n\t\t\t\t<\/div>\n\t\t\t\t<\/div>\n\t\t<div class=\"elementor-element elementor-element-760e038 e-con-full e-flex wpr-particle-no wpr-jarallax-no wpr-parallax-no wpr-sticky-section-no e-con e-child\" data-id=\"760e038\" data-element_type=\"container\">\n\t\t\t\t<div class=\"elementor-element elementor-element-a26103b elementor-widget elementor-widget-text-editor\" data-id=\"a26103b\" data-element_type=\"widget\" data-widget_type=\"text-editor.default\">\n\t\t\t\t<div class=\"elementor-widget-container\">\n\t\t\t\t\t\t\t\t\t<p style=\"text-align: justify;\">Die Pianistin, Lehrerin und Managerin Ana Mar\u00eda Orduz ist ein grundlegendes Element der Klavierkultur Antioquias und des Landes. Ana Mar\u00eda ist bekannt f\u00fcr \u201eihre Leidenschaft auf der B\u00fchne, ihre gro\u00dfe Ausdruckskraft, ihre umfangreiche musikalische Karriere und ihre Entschlossenheit, Kultur rund um das Klavier zu schaffen\u201c (Yamaha). Sie ist Gr\u00fcnderin und Co-Direktorin des Piano Festival of the Americas sowie Gr\u00fcnderin und Leiterin der Pianissimo-Stiftung, mit der sie Konzertreihen und den Pianissimo-Festival-Wettbewerb organisiert, an dem in seiner neuesten Version (2023) 600 Pianisten aus 11 L\u00e4ndern teilnahmen.<\/p><p style=\"text-align: justify;\"><br><\/p>\n<p style=\"text-align: justify;\">Er trat in der Carnegie Hall in New York auf und gab Solo-Klavier- und Kammermusikabende in Malaysia, Spanien, Costa Rica, Chile, Panama, Italien, Singapur, Brasilien, Kolumbien und den Vereinigten Staaten. Ana Mar\u00eda Orduz spielte als Solistin unter anderem mit den Medell\u00edn Philharmonic, dem Eafit Symphony und dem University of Memphis Symphony Orchestra.<\/p><p style=\"text-align: justify;\"><br><\/p>\n<p style=\"text-align: justify;\">Er erwarb seinen Bachelor-Abschluss Suma Cum Laude an der University of Memphis (USA) und seinen Master-Abschluss und Doktortitel an der University of Iowa (USA). Derzeit ist sie au\u00dferordentliche Professorin an der Universit\u00e4t von Antioquia und seit 2017 Yamaha-Klavierk\u00fcnstlerin.<\/p>\t\t\t\t\t\t\t\t<\/div>\n\t\t\t\t<\/div>\n\t\t\t\t<\/div>\n\t\t\t\t\t<\/div>\n\t\t\t\t<\/div>\n\t\t\t\t<\/div>","protected":false},"excerpt":{"rendered":"<p>Ana Mar\u00eda Orduz La pianista, docente y gestora Ana Mar\u00eda Orduz es una ficha fundamental en la cultura pian\u00edstica de Antioquia y del pa\u00eds. Reconocida por \u00absu pasi\u00f3n en el escenario, su gran expresividad, su amplia trayectoria musical y su empe\u00f1o por crear cultura alrededor del piano\u00bb (Yamaha), Ana Mar\u00eda es fundadora y co-directora del Piano Festival of the Americas y la fundadora y directora de la Fundacio\u0301n Pianissimo, con la que organiza series de conciertos y el Festival-Concurso Pianissimo, que en su \u00faltima versi\u00f3n (2023) cont\u00f3 con la participaci\u00f3n de 600 pianistas de 11 pa\u00edses. Se ha presentado en el Carnegie Hall de Nueva York y ha ofrecido recitales de piano solo y de mu\u0301sica de ca\u0301mara en Malasia, Espa\u00f1a, Costa Rica, Chile, Panam\u00e1, Italia, Singapur, Brasil, Colombia, Estados Unidos. Ana Mar\u00eda Orduz ha tocado como solista con las orquestas Filarmo\u0301nica de Medelli\u0301n, Sinfo\u0301nica Eafit, Sinfo\u0301nica de la Universidad de Memphis, entre otras. Obtuvo su pregrado Suma Cum Laude en la Universidad de Memphis (EE.UU.), y su maestri\u0301a y doctorado en la Universidad de Iowa (EE.UU.). Actualmente es profesora asociada de la Universidad de Antioquia, y desde 2017 es artista Yamaha de piano.<\/p>","protected":false},"author":1,"featured_media":0,"parent":0,"menu_order":0,"comment_status":"closed","ping_status":"closed","template":"","meta":{"_monsterinsights_skip_tracking":false,"_monsterinsights_sitenote_active":false,"_monsterinsights_sitenote_note":"","_monsterinsights_sitenote_category":0,"site-sidebar-layout":"no-sidebar","site-content-layout":"page-builder","ast-site-content-layout":"full-width-container","site-content-style":"default","site-sidebar-style":"default","ast-global-header-display":"","ast-banner-title-visibility":"","ast-main-header-display":"","ast-hfb-above-header-display":"","ast-hfb-below-header-display":"","ast-hfb-mobile-header-display":"","site-post-title":"disabled","ast-breadcrumbs-content":"","ast-featured-img":"disabled","footer-sml-layout":"","theme-transparent-header-meta":"","adv-header-id-meta":"","stick-header-meta":"","header-above-stick-meta":"","header-main-stick-meta":"","header-below-stick-meta":"","astra-migrate-meta-layouts":"default","ast-page-background-enabled":"default","ast-page-background-meta":{"desktop":{"background-color":"var(--ast-global-color-4)","background-image":"","background-repeat":"repeat","background-position":"center center","background-size":"auto","background-attachment":"scroll","background-type":"","background-media":"","overlay-type":"","overlay-color":"","overlay-opacity":"","overlay-gradient":""},"tablet":{"background-color":"","background-image":"","background-repeat":"repeat","background-position":"center center","background-size":"auto","background-attachment":"scroll","background-type":"","background-media":"","overlay-type":"","overlay-color":"","overlay-opacity":"","overlay-gradient":""},"mobile":{"background-color":"","background-image":"","background-repeat":"repeat","background-position":"center center","background-size":"auto","background-attachment":"scroll","background-type":"","background-media":"","overlay-type":"","overlay-color":"","overlay-opacity":"","overlay-gradient":""}},"ast-content-background-meta":{"desktop":{"background-color":"var(--ast-global-color-5)","background-image":"","background-repeat":"repeat","background-position":"center center","background-size":"auto","background-attachment":"scroll","background-type":"","background-media":"","overlay-type":"","overlay-color":"","overlay-opacity":"","overlay-gradient":""},"tablet":{"background-color":"var(--ast-global-color-5)","background-image":"","background-repeat":"repeat","background-position":"center center","background-size":"auto","background-attachment":"scroll","background-type":"","background-media":"","overlay-type":"","overlay-color":"","overlay-opacity":"","overlay-gradient":""},"mobile":{"background-color":"var(--ast-global-color-5)","background-image":"","background-repeat":"repeat","background-position":"center center","background-size":"auto","background-attachment":"scroll","background-type":"","background-media":"","overlay-type":"","overlay-color":"","overlay-opacity":"","overlay-gradient":""}},"_joinchat":[],"footnotes":""},"class_list":["post-3030","page","type-page","status-publish","hentry"],"aioseo_notices":[],"_links":{"self":[{"href":"https:\/\/blancauribepianocompetition.co\/de\/wp-json\/wp\/v2\/pages\/3030","targetHints":{"allow":["GET"]}}],"collection":[{"href":"https:\/\/blancauribepianocompetition.co\/de\/wp-json\/wp\/v2\/pages"}],"about":[{"href":"https:\/\/blancauribepianocompetition.co\/de\/wp-json\/wp\/v2\/types\/page"}],"author":[{"embeddable":true,"href":"https:\/\/blancauribepianocompetition.co\/de\/wp-json\/wp\/v2\/users\/1"}],"replies":[{"embeddable":true,"href":"https:\/\/blancauribepianocompetition.co\/de\/wp-json\/wp\/v2\/comments?post=3030"}],"version-history":[{"count":9,"href":"https:\/\/blancauribepianocompetition.co\/de\/wp-json\/wp\/v2\/pages\/3030\/revisions"}],"predecessor-version":[{"id":3193,"href":"https:\/\/blancauribepianocompetition.co\/de\/wp-json\/wp\/v2\/pages\/3030\/revisions\/3193"}],"wp:attachment":[{"href":"https:\/\/blancauribepianocompetition.co\/de\/wp-json\/wp\/v2\/media?parent=3030"}],"curies":[{"name":"wp","href":"https:\/\/api.w.org\/{rel}","templated":true}]}}