{"id":3019,"date":"2024-02-12T14:27:54","date_gmt":"2024-02-12T14:27:54","guid":{"rendered":"https:\/\/blancauribepianocompetition.co\/?page_id=3019"},"modified":"2024-02-12T16:38:36","modified_gmt":"2024-02-12T16:38:36","slug":"pedro-mejia-2","status":"publish","type":"page","link":"https:\/\/blancauribepianocompetition.co\/de\/pedro-mejia-2\/","title":{"rendered":"Pedro Mejia"},"content":{"rendered":"<div data-elementor-type=\"wp-page\" data-elementor-id=\"3019\" class=\"elementor elementor-3019\">\n\t\t\t\t\t\t<section class=\"elementor-section elementor-top-section elementor-element elementor-element-1d6b0988 elementor-section-height-min-height elementor-section-full_width elementor-section-height-default elementor-section-items-middle wpr-particle-no wpr-jarallax-no wpr-parallax-no wpr-sticky-section-no\" data-id=\"1d6b0988\" data-element_type=\"section\" data-settings=\"{&quot;background_background&quot;:&quot;classic&quot;}\">\n\t\t\t\t\t\t<div class=\"elementor-container elementor-column-gap-default\">\n\t\t\t\t\t<div class=\"elementor-column elementor-col-100 elementor-top-column elementor-element elementor-element-7b7b268e\" data-id=\"7b7b268e\" data-element_type=\"column\">\n\t\t\t<div class=\"elementor-widget-wrap elementor-element-populated\">\n\t\t\t\t\t\t<div class=\"elementor-element elementor-element-6dcaae18 elementor-widget elementor-widget-heading\" data-id=\"6dcaae18\" data-element_type=\"widget\" data-widget_type=\"heading.default\">\n\t\t\t\t<div class=\"elementor-widget-container\">\n\t\t\t\t\t<h1 class=\"elementor-heading-title elementor-size-default\">Pedro Mejia<\/h1>\t\t\t\t<\/div>\n\t\t\t\t<\/div>\n\t\t\t\t\t<\/div>\n\t\t<\/div>\n\t\t\t\t\t<\/div>\n\t\t<\/section>\n\t\t<div class=\"elementor-element elementor-element-9335bfb e-flex e-con-boxed wpr-particle-no wpr-jarallax-no wpr-parallax-no wpr-sticky-section-no e-con e-parent\" data-id=\"9335bfb\" data-element_type=\"container\">\n\t\t\t\t\t<div class=\"e-con-inner\">\n\t\t<div class=\"elementor-element elementor-element-08b7304 e-con-full e-flex wpr-particle-no wpr-jarallax-no wpr-parallax-no wpr-sticky-section-no e-con e-child\" data-id=\"08b7304\" data-element_type=\"container\">\n\t\t\t\t<div class=\"elementor-element elementor-element-11a3137 elementor-widget elementor-widget-image\" data-id=\"11a3137\" data-element_type=\"widget\" data-widget_type=\"image.default\">\n\t\t\t\t<div class=\"elementor-widget-container\">\n\t\t\t\t\t\t\t\t\t\t\t\t\t\t\t<img fetchpriority=\"high\" decoding=\"async\" width=\"1024\" height=\"1024\" src=\"https:\/\/blancauribepianocompetition.co\/wp-content\/uploads\/2024\/02\/Pedro-Mejia-1024x1024.jpg\" class=\"attachment-large size-large wp-image-2959\" alt=\"\" srcset=\"https:\/\/blancauribepianocompetition.co\/wp-content\/uploads\/2024\/02\/Pedro-Mejia-1024x1024.jpg 1024w, https:\/\/blancauribepianocompetition.co\/wp-content\/uploads\/2024\/02\/Pedro-Mejia-300x300.jpg 300w, https:\/\/blancauribepianocompetition.co\/wp-content\/uploads\/2024\/02\/Pedro-Mejia-150x150.jpg 150w, https:\/\/blancauribepianocompetition.co\/wp-content\/uploads\/2024\/02\/Pedro-Mejia-768x768.jpg 768w, https:\/\/blancauribepianocompetition.co\/wp-content\/uploads\/2024\/02\/Pedro-Mejia-1536x1536.jpg 1536w, https:\/\/blancauribepianocompetition.co\/wp-content\/uploads\/2024\/02\/Pedro-Mejia-2048x2048.jpg 2048w, https:\/\/blancauribepianocompetition.co\/wp-content\/uploads\/2024\/02\/Pedro-Mejia-12x12.jpg 12w, https:\/\/blancauribepianocompetition.co\/wp-content\/uploads\/2024\/02\/Pedro-Mejia-200x200.jpg 200w\" sizes=\"(max-width: 1024px) 100vw, 1024px\" \/>\t\t\t\t\t\t\t\t\t\t\t\t\t\t\t<\/div>\n\t\t\t\t<\/div>\n\t\t\t\t<\/div>\n\t\t<div class=\"elementor-element elementor-element-961a898 e-con-full e-flex wpr-particle-no wpr-jarallax-no wpr-parallax-no wpr-sticky-section-no e-con e-child\" data-id=\"961a898\" data-element_type=\"container\">\n\t\t\t\t<div class=\"elementor-element elementor-element-5285e3d elementor-widget elementor-widget-text-editor\" data-id=\"5285e3d\" data-element_type=\"widget\" data-widget_type=\"text-editor.default\">\n\t\t\t\t<div class=\"elementor-widget-container\">\n\t\t\t\t\t\t\t\t\t<p style=\"text-align: justify;\">Der kolumbianische Pianist Pedro Mej\u00eda hat an renommierten Universit\u00e4ten wie der National University of Colombia unter der Leitung von Piedad P\u00e9rez und Helvia Mendoza, an der Hochschule f\u00fcr Musik der Johannes Gutenberg-Universit\u00e4t in Mainz, Deutschland, beim argentinischen Maestro Oscar Vetre und k\u00fcrzlich studiert , promovierte er in Klavierspiel an der Frost School of Music der University of Miami in der Klasse von Prof. Tian Ying. Seine Doktorarbeit widmete sich dem Leben und Klavierwerk des aus Colombo stammenden italienischen Komponisten Mauricio Nasi Lignarolo (1949\u20132023).<\/p><p>\u00a0<\/p><p style=\"text-align: justify;\">Derzeit ist er im Zusammenhang mit seiner T\u00e4tigkeit als Konzertpianist hauptberuflich Klavierlehrer an der Universidad del Atl\u00e1ntico in Barranquilla, Kolumbien, wo er sich durch seine akademische Leistung als Forscher f\u00fcr die Arte-Acci\u00f3n-Gruppe auszeichnet, wie er entwickelt einen Dokumentarfilm \u00fcber das Leben und Werk von Mauricio Nasi sowie die Aufnahme und Ver\u00f6ffentlichung seiner Klavierwerke.<\/p><p>\u00a0<\/p><p style=\"text-align: justify;\">Pedro hat mehrere Konzerte f\u00fcr Klavier und Orchester unter der Leitung herausragender Dirigenten gespielt und Preise und Erw\u00e4hnungen bei verschiedenen Wettbewerben gewonnen. Sein Repertoire an Kammermusik und als Wiederholungspianist ist umfangreich, da er zu mehreren Opern-, Streich- und Blechbl\u00e4serfestivals eingeladen wurde. Zus\u00e4tzlich zu seinem Klavierstudium wagte er sich in die Alte Musik und spielte unter anderem Werke von Buxtehude, Benda, Frescobali, Rameau auf dem Cembalo.<\/p>\t\t\t\t\t\t\t\t<\/div>\n\t\t\t\t<\/div>\n\t\t\t\t<\/div>\n\t\t\t\t\t<\/div>\n\t\t\t\t<\/div>\n\t\t\t\t<\/div>","protected":false},"excerpt":{"rendered":"<p>Pedro Mej\u00eda El pianista colombiano Pedro Mej\u00eda ha cursado sus estudios en reconocidas universidades como lo son la Universidad Nacional de Colombia, bajo la gu\u00eda de Piedad P\u00e9rez y HelviaMendoza, en la Hochschule f\u00fcr Musik der Johannes Gutenberg Universit\u00e4t en Mainz, Alemania, con el Maestro argentino Oscar Vetre, y recientemente, concluy\u00f3 su doctorado en interpretaci\u00f3n del piano en la Frost School of Music, de la University of Miami en la clase del Prof. Tian Ying. Su tesis doctoral la dedic\u00f3 a la vida y obra pian\u00edstica del compositor Colombo-Italiano Mauricio Nasi Lignarolo (1949-2023). \u00a0 Actualmente, en conjunto con su actividad como concertista, es docente de piano de planta de la Universidad del Atl\u00e1ntico en Barranquilla, Colombia, donde se destaca por su producci\u00f3n acad\u00e9mica como investigador del grupo Arte-Acci\u00f3n, pues se encuentradesarrollando un documental sobre la vida y obra de Mauricio Nasi, as\u00ed como la grabaci\u00f3n y publicaci\u00f3n de sus obras pian\u00edsticas. \u00a0 Pedro ha tocado varios conciertos para piano y orquesta bajo la batuta de destacados directores y ha ganado premios y menciones en diferentes concursos. Su repertorio de m\u00fasica de c\u00e1mara y como pianista correpetidor es extenso, pues ha sido invitado a acompa\u00f1ar varios festivales de \u00f3pera, cuerdas y brass. Adem\u00e1s de sus estudios pian\u00edsticos, ha incursionado en la m\u00fasica antigua interpretando en el clavec\u00edn de obras de Buxtehude, Benda, Frescobali, Rameau, entre otros.<\/p>","protected":false},"author":1,"featured_media":0,"parent":0,"menu_order":0,"comment_status":"closed","ping_status":"closed","template":"","meta":{"_monsterinsights_skip_tracking":false,"_monsterinsights_sitenote_active":false,"_monsterinsights_sitenote_note":"","_monsterinsights_sitenote_category":0,"site-sidebar-layout":"no-sidebar","site-content-layout":"page-builder","ast-site-content-layout":"full-width-container","site-content-style":"default","site-sidebar-style":"default","ast-global-header-display":"","ast-banner-title-visibility":"","ast-main-header-display":"","ast-hfb-above-header-display":"","ast-hfb-below-header-display":"","ast-hfb-mobile-header-display":"","site-post-title":"disabled","ast-breadcrumbs-content":"","ast-featured-img":"disabled","footer-sml-layout":"","theme-transparent-header-meta":"","adv-header-id-meta":"","stick-header-meta":"","header-above-stick-meta":"","header-main-stick-meta":"","header-below-stick-meta":"","astra-migrate-meta-layouts":"set","ast-page-background-enabled":"default","ast-page-background-meta":{"desktop":{"background-color":"var(--ast-global-color-4)","background-image":"","background-repeat":"repeat","background-position":"center center","background-size":"auto","background-attachment":"scroll","background-type":"","background-media":"","overlay-type":"","overlay-color":"","overlay-opacity":"","overlay-gradient":""},"tablet":{"background-color":"","background-image":"","background-repeat":"repeat","background-position":"center center","background-size":"auto","background-attachment":"scroll","background-type":"","background-media":"","overlay-type":"","overlay-color":"","overlay-opacity":"","overlay-gradient":""},"mobile":{"background-color":"","background-image":"","background-repeat":"repeat","background-position":"center center","background-size":"auto","background-attachment":"scroll","background-type":"","background-media":"","overlay-type":"","overlay-color":"","overlay-opacity":"","overlay-gradient":""}},"ast-content-background-meta":{"desktop":{"background-color":"var(--ast-global-color-5)","background-image":"","background-repeat":"repeat","background-position":"center center","background-size":"auto","background-attachment":"scroll","background-type":"","background-media":"","overlay-type":"","overlay-color":"","overlay-opacity":"","overlay-gradient":""},"tablet":{"background-color":"var(--ast-global-color-5)","background-image":"","background-repeat":"repeat","background-position":"center center","background-size":"auto","background-attachment":"scroll","background-type":"","background-media":"","overlay-type":"","overlay-color":"","overlay-opacity":"","overlay-gradient":""},"mobile":{"background-color":"var(--ast-global-color-5)","background-image":"","background-repeat":"repeat","background-position":"center center","background-size":"auto","background-attachment":"scroll","background-type":"","background-media":"","overlay-type":"","overlay-color":"","overlay-opacity":"","overlay-gradient":""}},"_joinchat":[],"footnotes":""},"class_list":["post-3019","page","type-page","status-publish","hentry"],"aioseo_notices":[],"_links":{"self":[{"href":"https:\/\/blancauribepianocompetition.co\/de\/wp-json\/wp\/v2\/pages\/3019","targetHints":{"allow":["GET"]}}],"collection":[{"href":"https:\/\/blancauribepianocompetition.co\/de\/wp-json\/wp\/v2\/pages"}],"about":[{"href":"https:\/\/blancauribepianocompetition.co\/de\/wp-json\/wp\/v2\/types\/page"}],"author":[{"embeddable":true,"href":"https:\/\/blancauribepianocompetition.co\/de\/wp-json\/wp\/v2\/users\/1"}],"replies":[{"embeddable":true,"href":"https:\/\/blancauribepianocompetition.co\/de\/wp-json\/wp\/v2\/comments?post=3019"}],"version-history":[{"count":13,"href":"https:\/\/blancauribepianocompetition.co\/de\/wp-json\/wp\/v2\/pages\/3019\/revisions"}],"predecessor-version":[{"id":3174,"href":"https:\/\/blancauribepianocompetition.co\/de\/wp-json\/wp\/v2\/pages\/3019\/revisions\/3174"}],"wp:attachment":[{"href":"https:\/\/blancauribepianocompetition.co\/de\/wp-json\/wp\/v2\/media?parent=3019"}],"curies":[{"name":"wp","href":"https:\/\/api.w.org\/{rel}","templated":true}]}}