{"id":2971,"date":"2024-02-12T12:52:36","date_gmt":"2024-02-12T12:52:36","guid":{"rendered":"https:\/\/blancauribepianocompetition.co\/?page_id=2971"},"modified":"2024-02-19T17:22:50","modified_gmt":"2024-02-19T17:22:50","slug":"mauricio-arias","status":"publish","type":"page","link":"https:\/\/blancauribepianocompetition.co\/de\/mauricio-arias\/","title":{"rendered":"Mauricio Arias"},"content":{"rendered":"<div data-elementor-type=\"wp-page\" data-elementor-id=\"2971\" class=\"elementor elementor-2971\">\n\t\t\t\t\t\t<section class=\"elementor-section elementor-top-section elementor-element elementor-element-15145c3 elementor-section-height-min-height elementor-section-full_width elementor-section-height-default elementor-section-items-middle wpr-particle-no wpr-jarallax-no wpr-parallax-no wpr-sticky-section-no\" data-id=\"15145c3\" data-element_type=\"section\" data-settings=\"{&quot;background_background&quot;:&quot;classic&quot;}\">\n\t\t\t\t\t\t<div class=\"elementor-container elementor-column-gap-default\">\n\t\t\t\t\t<div class=\"elementor-column elementor-col-100 elementor-top-column elementor-element elementor-element-943839b\" data-id=\"943839b\" data-element_type=\"column\">\n\t\t\t<div class=\"elementor-widget-wrap elementor-element-populated\">\n\t\t\t\t\t\t<div class=\"elementor-element elementor-element-d5c7c02 elementor-widget__width-inherit elementor-widget elementor-widget-heading\" data-id=\"d5c7c02\" data-element_type=\"widget\" data-widget_type=\"heading.default\">\n\t\t\t\t<div class=\"elementor-widget-container\">\n\t\t\t\t\t<h1 class=\"elementor-heading-title elementor-size-default\">Mauricio<br>Arien-Esguerra<\/h1>\t\t\t\t<\/div>\n\t\t\t\t<\/div>\n\t\t\t\t\t<\/div>\n\t\t<\/div>\n\t\t\t\t\t<\/div>\n\t\t<\/section>\n\t\t<div class=\"elementor-element elementor-element-48828f0 e-flex e-con-boxed wpr-particle-no wpr-jarallax-no wpr-parallax-no wpr-sticky-section-no e-con e-parent\" data-id=\"48828f0\" data-element_type=\"container\">\n\t\t\t\t\t<div class=\"e-con-inner\">\n\t\t<div class=\"elementor-element elementor-element-30a5f70 e-con-full e-flex wpr-particle-no wpr-jarallax-no wpr-parallax-no wpr-sticky-section-no e-con e-child\" data-id=\"30a5f70\" data-element_type=\"container\">\n\t\t\t\t<div class=\"elementor-element elementor-element-f3190cf elementor-widget elementor-widget-image\" data-id=\"f3190cf\" data-element_type=\"widget\" data-widget_type=\"image.default\">\n\t\t\t\t<div class=\"elementor-widget-container\">\n\t\t\t\t\t\t\t\t\t\t\t\t\t\t\t<img fetchpriority=\"high\" decoding=\"async\" width=\"1024\" height=\"1024\" src=\"https:\/\/blancauribepianocompetition.co\/wp-content\/uploads\/2024\/02\/Mauricio-Arias-1024x1024.jpg\" class=\"attachment-large size-large wp-image-2955\" alt=\"\" srcset=\"https:\/\/blancauribepianocompetition.co\/wp-content\/uploads\/2024\/02\/Mauricio-Arias-1024x1024.jpg 1024w, https:\/\/blancauribepianocompetition.co\/wp-content\/uploads\/2024\/02\/Mauricio-Arias-300x300.jpg 300w, https:\/\/blancauribepianocompetition.co\/wp-content\/uploads\/2024\/02\/Mauricio-Arias-150x150.jpg 150w, https:\/\/blancauribepianocompetition.co\/wp-content\/uploads\/2024\/02\/Mauricio-Arias-768x768.jpg 768w, https:\/\/blancauribepianocompetition.co\/wp-content\/uploads\/2024\/02\/Mauricio-Arias-1536x1536.jpg 1536w, https:\/\/blancauribepianocompetition.co\/wp-content\/uploads\/2024\/02\/Mauricio-Arias-2048x2048.jpg 2048w, https:\/\/blancauribepianocompetition.co\/wp-content\/uploads\/2024\/02\/Mauricio-Arias-12x12.jpg 12w, https:\/\/blancauribepianocompetition.co\/wp-content\/uploads\/2024\/02\/Mauricio-Arias-200x200.jpg 200w\" sizes=\"(max-width: 1024px) 100vw, 1024px\" \/>\t\t\t\t\t\t\t\t\t\t\t\t\t\t\t<\/div>\n\t\t\t\t<\/div>\n\t\t\t\t<\/div>\n\t\t<div class=\"elementor-element elementor-element-2dcbce9 e-con-full e-flex wpr-particle-no wpr-jarallax-no wpr-parallax-no wpr-sticky-section-no e-con e-child\" data-id=\"2dcbce9\" data-element_type=\"container\">\n\t\t<div class=\"elementor-element elementor-element-47aba08 e-flex e-con-boxed wpr-particle-no wpr-jarallax-no wpr-parallax-no wpr-sticky-section-no e-con e-child\" data-id=\"47aba08\" data-element_type=\"container\">\n\t\t\t\t\t<div class=\"e-con-inner\">\n\t\t\t\t<div class=\"elementor-element elementor-element-4c041df elementor-widget elementor-widget-text-editor\" data-id=\"4c041df\" data-element_type=\"widget\" data-widget_type=\"text-editor.default\">\n\t\t\t\t<div class=\"elementor-widget-container\">\n\t\t\t\t\t\t\t\t\t<p style=\"text-align: justify;\">Der Pianist, Komponist und Improvisator Mauricio Arias-Esguerra ist auf verschiedenen B\u00fchnen auf der ganzen Welt aufgetreten, darunter beim Festival di Spoleto (Italien) und in der Carnegie Hall in New York. Er hat die Alben \u201eColombia Viva!\u201c \u00fcber das Label Toccata ver\u00f6ffentlicht. Vol. 1 (2021) und \u00a1Colombia Viva! Vol. 2 (2023) konzentriert sich auf zeitgen\u00f6ssische kolumbianische Musik, die einige seiner Kompositionen und Improvisationen enth\u00e4lt. Au\u00dferdem ver\u00f6ffentlichte er zusammen mit dem Trompeter Randy Lee das Album \u201eLa trompeta camale\u00f3nica\u201c (2019), auf dem er als Komponist und Interpret auftritt. Arias-Esguerra absolvierte ihr Grundstudium im Klavierfach an der Juan N. Corpas University Foundation bei der polnischen Professorin Ludmi\u0142a Weber und ihr Doktoratsstudium an der Arizona State University bei Baruch Meir und Robert Hamilton.<\/p><p>\u00a0<\/p><p style=\"text-align: justify;\">Als Pianist wurde er bei verschiedenen Klavierwettbewerben ausgezeichnet (Kinsgville Solo \u2013 1. Preis, Schmidbauer, Panama, Universidad Industrial de Santander \u2013 1. Preis, Federico Chopin National Competition \u2013 1. Preis). Als Komponist haben verschiedene Institutionen Werke bei ihm in Auftrag gegeben: National Symphony Orchestra of Colombia, University of Florida Symphonic Band, Bildungsminister von Bogot\u00e1, Piano Teachers Congress von New York. Im Jahr 2022 feierte sie anl\u00e4sslich des 100. Geburtstags der Barranquilla-Dichterin Meira Delmar die Urauff\u00fchrung ihres Liederzyklus \u201eRosas del mar\u201c. Arias-Esguerra ist Pianist und Arrangeur des Bogot\u00e1 Piano Trios, mit dem er k\u00fcrzlich die komplette Kammermusik von Antonio Mar\u00eda Valencia f\u00fcr das Label Egea Latinoam\u00e9rica aufgenommen hat. Derzeit arbeitet er als ordentlicher Professor an der Universidad de los Andes in Bogot\u00e1. Die meisten seiner Partituren sind \u00fcber erh\u00e4ltlich <a class=\"waffle-rich-text-link\" href=\"http:\/\/filarmonika.com\/\">Filarmonika.com<\/a><\/p>\t\t\t\t\t\t\t\t<\/div>\n\t\t\t\t<\/div>\n\t\t\t\t\t<\/div>\n\t\t\t\t<\/div>\n\t\t\t\t<\/div>\n\t\t\t\t\t<\/div>\n\t\t\t\t<\/div>\n\t\t\t\t<\/div>","protected":false},"excerpt":{"rendered":"<p>MauricioArias-Esguerra El pianista, compositor e improvisador Mauricio Arias-Esguerra se ha presentado en distintos escenarios del mundo, incluidos el Festival di Spoleto (Italia) y el Carnegie Hall de Nueva York. Ha publicado a trav\u00e9s del sello Toccata los \u00e1lbumes \u00a1Colombia Viva! Vol. 1 (2021) y \u00a1Colombia Viva! Vol. 2 (2023), enfocados en m\u00fasica contempor\u00e1nea colombiana, donde incluye algunas de sus composiciones e improvisaciones. Tambi\u00e9n, junto al trompetista Randy Lee, public\u00f3 el \u00e1lbum \u201cLa trompeta camale\u00f3nica\u201d (2019), donde figura como compositor e int\u00e9rprete. Arias-Esguerra realiz\u00f3 sus estudios de pregrado en piano en la Fundaci\u00f3n Universitaria Juan N. Corpas junto a la profesora polaca Ludmi\u0142a Weber, y de doctorado en la Arizona State University junto a Baruch Meir y Robert Hamilton. \u00a0 Como pianista, ha sido galardonado en diferentes concursos de piano (Kinsgville Solo \u2013 1er premio, Schmidbauer, Panam\u00e1, Universidad Industrial de Santander \u2013 1er premio, Concurso Nacional Federico Chopin \u2013 1er premio). Como compositor, diferentes instituciones le han encargado obras: Orquesta Sinf\u00f3nica Nacional de Colombia, University of Florida Symphonic Band, Secretar\u00eda de Educaci\u00f3n de Bogot\u00e1, Piano Teachers Congress of New York. En 2022 estren\u00f3 su ciclo de canciones \u201cRosas del mar\u201d, celebrando el centenario de la poetisa barranquillera Meira Delmar. Arias-Esguerra es pianista y arreglista del Bogot\u00e1 Piano Trio, con quienes recientemente grab\u00f3 la integral de m\u00fasica de c\u00e1mara de Antonio Mar\u00eda Valencia para el sello Egea Latinoam\u00e9rica. Actualmente se desempe\u00f1a como profesor de planta en la Universidad de los Andes, en Bogot\u00e1. La mayor\u00eda de sus partituras est\u00e1n disponibles a trav\u00e9s de Filarmonika.com<\/p>","protected":false},"author":1,"featured_media":0,"parent":0,"menu_order":0,"comment_status":"closed","ping_status":"closed","template":"","meta":{"_monsterinsights_skip_tracking":false,"_monsterinsights_sitenote_active":false,"_monsterinsights_sitenote_note":"","_monsterinsights_sitenote_category":0,"site-sidebar-layout":"no-sidebar","site-content-layout":"page-builder","ast-site-content-layout":"full-width-container","site-content-style":"default","site-sidebar-style":"default","ast-global-header-display":"","ast-banner-title-visibility":"","ast-main-header-display":"","ast-hfb-above-header-display":"","ast-hfb-below-header-display":"","ast-hfb-mobile-header-display":"","site-post-title":"disabled","ast-breadcrumbs-content":"","ast-featured-img":"disabled","footer-sml-layout":"","theme-transparent-header-meta":"","adv-header-id-meta":"","stick-header-meta":"","header-above-stick-meta":"","header-main-stick-meta":"","header-below-stick-meta":"","astra-migrate-meta-layouts":"set","ast-page-background-enabled":"default","ast-page-background-meta":{"desktop":{"background-color":"var(--ast-global-color-4)","background-image":"","background-repeat":"repeat","background-position":"center center","background-size":"auto","background-attachment":"scroll","background-type":"","background-media":"","overlay-type":"","overlay-color":"","overlay-opacity":"","overlay-gradient":""},"tablet":{"background-color":"","background-image":"","background-repeat":"repeat","background-position":"center center","background-size":"auto","background-attachment":"scroll","background-type":"","background-media":"","overlay-type":"","overlay-color":"","overlay-opacity":"","overlay-gradient":""},"mobile":{"background-color":"","background-image":"","background-repeat":"repeat","background-position":"center center","background-size":"auto","background-attachment":"scroll","background-type":"","background-media":"","overlay-type":"","overlay-color":"","overlay-opacity":"","overlay-gradient":""}},"ast-content-background-meta":{"desktop":{"background-color":"var(--ast-global-color-5)","background-image":"","background-repeat":"repeat","background-position":"center center","background-size":"auto","background-attachment":"scroll","background-type":"","background-media":"","overlay-type":"","overlay-color":"","overlay-opacity":"","overlay-gradient":""},"tablet":{"background-color":"var(--ast-global-color-5)","background-image":"","background-repeat":"repeat","background-position":"center center","background-size":"auto","background-attachment":"scroll","background-type":"","background-media":"","overlay-type":"","overlay-color":"","overlay-opacity":"","overlay-gradient":""},"mobile":{"background-color":"var(--ast-global-color-5)","background-image":"","background-repeat":"repeat","background-position":"center center","background-size":"auto","background-attachment":"scroll","background-type":"","background-media":"","overlay-type":"","overlay-color":"","overlay-opacity":"","overlay-gradient":""}},"_joinchat":[],"footnotes":""},"class_list":["post-2971","page","type-page","status-publish","hentry"],"aioseo_notices":[],"_links":{"self":[{"href":"https:\/\/blancauribepianocompetition.co\/de\/wp-json\/wp\/v2\/pages\/2971","targetHints":{"allow":["GET"]}}],"collection":[{"href":"https:\/\/blancauribepianocompetition.co\/de\/wp-json\/wp\/v2\/pages"}],"about":[{"href":"https:\/\/blancauribepianocompetition.co\/de\/wp-json\/wp\/v2\/types\/page"}],"author":[{"embeddable":true,"href":"https:\/\/blancauribepianocompetition.co\/de\/wp-json\/wp\/v2\/users\/1"}],"replies":[{"embeddable":true,"href":"https:\/\/blancauribepianocompetition.co\/de\/wp-json\/wp\/v2\/comments?post=2971"}],"version-history":[{"count":23,"href":"https:\/\/blancauribepianocompetition.co\/de\/wp-json\/wp\/v2\/pages\/2971\/revisions"}],"predecessor-version":[{"id":3218,"href":"https:\/\/blancauribepianocompetition.co\/de\/wp-json\/wp\/v2\/pages\/2971\/revisions\/3218"}],"wp:attachment":[{"href":"https:\/\/blancauribepianocompetition.co\/de\/wp-json\/wp\/v2\/media?parent=2971"}],"curies":[{"name":"wp","href":"https:\/\/api.w.org\/{rel}","templated":true}]}}