{"id":1858,"date":"2023-11-23T20:56:21","date_gmt":"2023-11-23T20:56:21","guid":{"rendered":"https:\/\/blancauribepianocompetition.co\/?page_id=1858"},"modified":"2023-12-05T20:45:30","modified_gmt":"2023-12-05T20:45:30","slug":"artistas","status":"publish","type":"page","link":"https:\/\/blancauribepianocompetition.co\/de\/artistas\/","title":{"rendered":"K\u00fcnstler"},"content":{"rendered":"<div data-elementor-type=\"wp-page\" data-elementor-id=\"1858\" class=\"elementor elementor-1858\">\n\t\t\t\t\t\t<section class=\"elementor-section elementor-top-section elementor-element elementor-element-ini2a1q elementor-section-content-middle elementor-section-stretched elementor-section-boxed elementor-section-height-default elementor-section-height-default wpr-particle-no wpr-jarallax-no wpr-parallax-no wpr-sticky-section-no\" data-id=\"ini2a1q\" data-element_type=\"section\" data-settings=\"{&quot;background_background&quot;:&quot;classic&quot;,&quot;stretch_section&quot;:&quot;section-stretched&quot;}\">\n\t\t\t\t\t\t<div class=\"elementor-container elementor-column-gap-no\">\n\t\t\t\t\t<div class=\"elementor-column elementor-col-50 elementor-top-column elementor-element elementor-element-67577a4\" data-id=\"67577a4\" data-element_type=\"column\">\n\t\t\t<div class=\"elementor-widget-wrap elementor-element-populated\">\n\t\t\t\t\t\t<div class=\"elementor-element elementor-element-f1f53b2 elementor-widget-tablet__width-initial elementor-widget elementor-widget-heading\" data-id=\"f1f53b2\" data-element_type=\"widget\" data-widget_type=\"heading.default\">\n\t\t\t\t<div class=\"elementor-widget-container\">\n\t\t\t\t\t<h2 class=\"elementor-heading-title elementor-size-default\">symphonisches Orchester<\/h2>\t\t\t\t<\/div>\n\t\t\t\t<\/div>\n\t\t\t\t<div class=\"elementor-element elementor-element-65e1db3 elementor-widget elementor-widget-text-editor\" data-id=\"65e1db3\" data-element_type=\"widget\" data-widget_type=\"text-editor.default\">\n\t\t\t\t<div class=\"elementor-widget-container\">\n\t\t\t\t\t\t\t\t\t<p style=\"text-align: center;\">Tolima-Konservatorium<\/p>\t\t\t\t\t\t\t\t<\/div>\n\t\t\t\t<\/div>\n\t\t\t\t\t<\/div>\n\t\t<\/div>\n\t\t\t\t<div class=\"elementor-column elementor-col-50 elementor-top-column elementor-element elementor-element-b6474e1\" data-id=\"b6474e1\" data-element_type=\"column\">\n\t\t\t<div class=\"elementor-widget-wrap elementor-element-populated\">\n\t\t\t\t\t\t<div class=\"elementor-element elementor-element-00b2aad elementor-pagination-position-outside elementor-widget elementor-widget-image-carousel\" data-id=\"00b2aad\" data-element_type=\"widget\" data-settings=\"{&quot;slides_to_show&quot;:&quot;1&quot;,&quot;navigation&quot;:&quot;dots&quot;,&quot;autoplay&quot;:&quot;yes&quot;,&quot;pause_on_hover&quot;:&quot;yes&quot;,&quot;pause_on_interaction&quot;:&quot;yes&quot;,&quot;autoplay_speed&quot;:5000,&quot;infinite&quot;:&quot;yes&quot;,&quot;effect&quot;:&quot;slide&quot;,&quot;speed&quot;:500}\" data-widget_type=\"image-carousel.default\">\n\t\t\t\t<div class=\"elementor-widget-container\">\n\t\t\t\t\t\t\t<div class=\"elementor-image-carousel-wrapper swiper\" role=\"region\" aria-roledescription=\"carousel\" aria-label=\"Bild Karussell\" dir=\"ltr\">\n\t\t\t<div class=\"elementor-image-carousel swiper-wrapper\" aria-live=\"off\">\n\t\t\t\t\t\t\t\t<div class=\"swiper-slide\" role=\"group\" aria-roledescription=\"slide\" aria-label=\"1 von 7\"><figure class=\"swiper-slide-inner\"><img decoding=\"async\" class=\"swiper-slide-image\" src=\"https:\/\/blancauribepianocompetition.co\/wp-content\/uploads\/2023\/11\/DSC06460-scaled.jpg\" alt=\"DSC06460\" \/><\/figure><\/div><div class=\"swiper-slide\" role=\"group\" aria-roledescription=\"slide\" aria-label=\"2 von 7\"><figure class=\"swiper-slide-inner\"><img decoding=\"async\" class=\"swiper-slide-image\" src=\"https:\/\/blancauribepianocompetition.co\/wp-content\/uploads\/2023\/11\/DSC06462-scaled.jpg\" alt=\"DSC06462\" \/><\/figure><\/div><div class=\"swiper-slide\" role=\"group\" aria-roledescription=\"slide\" aria-label=\"3 von 7\"><figure class=\"swiper-slide-inner\"><img decoding=\"async\" class=\"swiper-slide-image\" src=\"https:\/\/blancauribepianocompetition.co\/wp-content\/uploads\/2023\/11\/DSC06730-scaled.jpg\" alt=\"DSC06730\" \/><\/figure><\/div><div class=\"swiper-slide\" role=\"group\" aria-roledescription=\"slide\" aria-label=\"4 von 7\"><figure class=\"swiper-slide-inner\"><img decoding=\"async\" class=\"swiper-slide-image\" src=\"https:\/\/blancauribepianocompetition.co\/wp-content\/uploads\/2023\/11\/DSC06734-scaled.jpg\" alt=\"DSC06734\" \/><\/figure><\/div><div class=\"swiper-slide\" role=\"group\" aria-roledescription=\"slide\" aria-label=\"5 von 7\"><figure class=\"swiper-slide-inner\"><img decoding=\"async\" class=\"swiper-slide-image\" src=\"https:\/\/blancauribepianocompetition.co\/wp-content\/uploads\/2023\/11\/Orquesta-scaled.jpg\" alt=\"Orquesta\" \/><\/figure><\/div><div class=\"swiper-slide\" role=\"group\" aria-roledescription=\"slide\" aria-label=\"6 von 7\"><figure class=\"swiper-slide-inner\"><img decoding=\"async\" class=\"swiper-slide-image\" src=\"https:\/\/blancauribepianocompetition.co\/wp-content\/uploads\/2023\/11\/DSC06706-scaled.jpg\" alt=\"Cello Orquesta Sinf\u00f3nica Conservatorio del Tolima\" \/><\/figure><\/div><div class=\"swiper-slide\" role=\"group\" aria-roledescription=\"slide\" aria-label=\"7 von 7\"><figure class=\"swiper-slide-inner\"><img decoding=\"async\" class=\"swiper-slide-image\" src=\"https:\/\/blancauribepianocompetition.co\/wp-content\/uploads\/2023\/11\/DSC06695-scaled.jpg\" alt=\"Viol\u00edn Orquesta Sinf\u00f3nica Conservatorio del Tolima\" \/><\/figure><\/div>\t\t\t<\/div>\n\t\t\t\t\t\t\t\n\t\t\t\t\t\t\t\t\t<div class=\"swiper-pagination\"><\/div>\n\t\t\t\t\t\t\t\t\t<\/div>\n\t\t\t\t\t\t<\/div>\n\t\t\t\t<\/div>\n\t\t\t\t\t<\/div>\n\t\t<\/div>\n\t\t\t\t\t<\/div>\n\t\t<\/section>\n\t\t<div class=\"elementor-element elementor-element-6f4a80b e-flex e-con-boxed wpr-particle-no wpr-jarallax-no wpr-parallax-no wpr-sticky-section-no e-con e-parent\" data-id=\"6f4a80b\" data-element_type=\"container\">\n\t\t\t\t\t<div class=\"e-con-inner\">\n\t\t\t\t<div class=\"elementor-element elementor-element-a4759fa elementor-widget elementor-widget-text-editor\" data-id=\"a4759fa\" data-element_type=\"widget\" data-widget_type=\"text-editor.default\">\n\t\t\t\t<div class=\"elementor-widget-container\">\n\t\t\t\t\t\t\t\t\t<p style=\"text-align: justify;\">Das Symphonieorchester begann seine T\u00e4tigkeit im Jahr 1906 unter der Leitung von Maestro Alberto Castilla. Es wurde von gro\u00dfartigen kolumbianischen und ausl\u00e4ndischen Lehrern geleitet und an verschiedenen Orten auf der ganzen Welt aufgef\u00fchrt, wodurch das Tolima-Konservatorium und die Stadt Ibagu\u00e9 (Tolima) bekannt wurden.\u00a0<\/p><p style=\"text-align: justify;\">\u00a0<\/p><p style=\"text-align: justify;\">Das Orchester wurde von bedeutenden Musikern wie Alfredo Squarcetta, Demetrio Haralambis, Giuiseppe Gagliano, Alfred Hering, Quarto Testa, Fritz V\u00f6gelin, Paul Dury, Leonid Mullaev, Christoph Hagel, Germ\u00e1n Guti\u00e9rrez, Dimitri Manolov, David Mc Kenzie, Felipe Aguirre, dirigiert. Deutsche C\u00e9spedes, Jos\u00e9 de los Santos P\u00e9rez, Guerasimm Voronkov, Andrea Vela und Tetsuo kagehira.<\/p><p style=\"text-align: justify;\">\u00a0<\/p><p style=\"text-align: justify;\">Diese Gruppe besteht aus Lehrenden, Studierenden und Absolventen der Studieng\u00e4nge Master of Music und Bachelor of Music. Derzeit steht es unter der Leitung von Maestro Sergio Andr\u00e9s S\u00e1nchez, einem renommierten Regisseur und Arrangeur.<\/p><p style=\"text-align: justify;\">\u00a0<\/p><p style=\"text-align: justify;\">Als Universit\u00e4tsorchester besteht sein Hauptziel darin, professionelle Musiker auf hohem Niveau auszubilden, indem es symphonische Werke aus verschiedenen Epochen, Genres und Stilen auff\u00fchrt. Dies wird durch die Entwicklung regelm\u00e4\u00dfiger Konzerte in der Alberto Castilla Hall und an verschiedenen Veranstaltungsorten auf regionaler, nationaler und internationaler Ebene erreicht, bei Veranstaltungen wie dem Internationalen Gitarrenfestival, dem Internationalen Violinwettbewerb Frank Preuss, dem Kolumbianischen Musikfestival und dem Dritten Treffen von Unter anderem Universit\u00e4tsch\u00f6re und -orchester.<\/p><p style=\"text-align: justify;\">\u00a0<\/p><p style=\"text-align: justify;\">Seit der Gr\u00fcndung des Internationalen Klavierfestivals des Tolima-Konservatoriums im Jahr 2008 begleitet das Institutional Symphony Orchestra nationale und internationale K\u00fcnstler wie Ching Yun Hu (Taiwan), Jorge Luis Prats (Kuba), Alexandre Moutouzkine (Russland) und Adonis Gonz\u00e1lez (Kuba). ), Sophia Liu (China-Kanada), Mac McClure (USA), Juan Andr\u00e9s Acosta (Kolumbien), Luis Andr\u00e9s Castellanos (Kolumbien), Vaclav Palc (Tschechische Republik), Sergei Sichkov (Russland), Radostina Petkova (Russland) und Lezlye Berrio (Kolumbien), unter anderem.<\/p>\t\t\t\t\t\t\t\t<\/div>\n\t\t\t\t<\/div>\n\t\t\t\t\t<\/div>\n\t\t\t\t<\/div>\n\t\t\t\t<\/div>","protected":false},"excerpt":{"rendered":"<p>Orquesta Sinf\u00f3nica Conservatorio del Tolima La Orquesta Sinf\u00f3nica inici\u00f3 su actividad en el a\u00f1o 1906 bajo la direcci\u00f3n del Maestro Alberto Castilla. Ha sido dirigida por grandes maestros colombianos y extranjeros y se ha presentado en distintos lugares del mundo, dejando en alto el nombre del Conservatorio del Tolima y de la ciudad de Ibagu\u00e9 (Tolima).\u00a0 \u00a0 La Orquesta ha sido dirigida por importantes m\u00fasicos como Alfredo\u00a0Squarcetta, Demetrio Haralambis, Giuiseppe Gagliano, Alfred Hering, Quarto\u00a0Testa, Fritz V\u00f6gelin, Paul Dury, Leonid Mullaev, Christoph Hagel, Germ\u00e1n\u00a0Guti\u00e9rrez, Dimitri Manolov, David Mc Kenzie, Felipe Aguirre, German C\u00e9spedes,\u00a0Jos\u00e9 de los Santos P\u00e9rez, Guerasimm Voronkov, Andrea Vela y Tetsuo\u00a0kagehira. \u00a0 Esta agrupaci\u00f3n est\u00e1 conformada por docentes, estudiantes y graduados\u00a0de los programas Maestro en M\u00fasica y Licenciatura en M\u00fasica. Actualmente,\u00a0se encuentra bajo la direcci\u00f3n del Maestro Sergio Andr\u00e9s S\u00e1nchez,\u00a0reconocido director y arreglista. \u00a0 Como Orquesta Universitaria, su principal objetivo es formar m\u00fasicos profesionales de alto nivel a partir del montaje de obras sinf\u00f3nicas de diferentes, \u00e9pocas, g\u00e9neros y estilos. Esto se logra a partir del desarrollo de\u00a0conciertos peri\u00f3dicos en el Sal\u00f3n Alberto Castilla y en diferentes escenarios\u00a0a nivel regional, nacional e internacional, en eventos como el Festival\u00a0Internacional de Guitarra, Concurso Internacional de Viol\u00edn Frank Preuss, el\u00a0Festival de m\u00fasica colombiana, Tercer encuentro de Coros y Orquestas\u00a0Universitarias, entre otros. \u00a0 Desde la Creaci\u00f3n del Festival Internacional de Piano del Conservatorio del\u00a0Tolima en el a\u00f1o 2008, la Orquesta Sinf\u00f3nica Institucional acompa\u00f1a a los\u00a0artistas nacionales e internacionales como Ching Yun Hu (Taiwan), Jorge Luis\u00a0Prats (Cuba), Alexandre Moutouzkine (Rusia), Adonis Gonz\u00e1lez(Cuba), Sophia\u00a0Liu (China- Canad\u00e1), Mac McClure(EE.UU), Juan Andr\u00e9s Acosta (Colombia),\u00a0Luis Andr\u00e9s Castellanos (Colombia), Vaclav Palc (Rep\u00fablica Checa), Sergei\u00a0Sichkov (Rusia), Radostina Petkova (Rusia) y Lezlye Berrio (Colombia), entre\u00a0otros.<\/p>","protected":false},"author":1,"featured_media":0,"parent":0,"menu_order":0,"comment_status":"closed","ping_status":"closed","template":"","meta":{"_monsterinsights_skip_tracking":false,"_monsterinsights_sitenote_active":false,"_monsterinsights_sitenote_note":"","_monsterinsights_sitenote_category":0,"site-sidebar-layout":"default","site-content-layout":"","ast-site-content-layout":"default","site-content-style":"default","site-sidebar-style":"default","ast-global-header-display":"","ast-banner-title-visibility":"","ast-main-header-display":"","ast-hfb-above-header-display":"","ast-hfb-below-header-display":"","ast-hfb-mobile-header-display":"","site-post-title":"disabled","ast-breadcrumbs-content":"","ast-featured-img":"","footer-sml-layout":"","theme-transparent-header-meta":"","adv-header-id-meta":"","stick-header-meta":"","header-above-stick-meta":"","header-main-stick-meta":"","header-below-stick-meta":"","astra-migrate-meta-layouts":"set","ast-page-background-enabled":"default","ast-page-background-meta":{"desktop":{"background-color":"var(--ast-global-color-4)","background-image":"","background-repeat":"repeat","background-position":"center center","background-size":"auto","background-attachment":"scroll","background-type":"","background-media":"","overlay-type":"","overlay-color":"","overlay-opacity":"","overlay-gradient":""},"tablet":{"background-color":"","background-image":"","background-repeat":"repeat","background-position":"center center","background-size":"auto","background-attachment":"scroll","background-type":"","background-media":"","overlay-type":"","overlay-color":"","overlay-opacity":"","overlay-gradient":""},"mobile":{"background-color":"","background-image":"","background-repeat":"repeat","background-position":"center center","background-size":"auto","background-attachment":"scroll","background-type":"","background-media":"","overlay-type":"","overlay-color":"","overlay-opacity":"","overlay-gradient":""}},"ast-content-background-meta":{"desktop":{"background-color":"var(--ast-global-color-5)","background-image":"","background-repeat":"repeat","background-position":"center center","background-size":"auto","background-attachment":"scroll","background-type":"","background-media":"","overlay-type":"","overlay-color":"","overlay-opacity":"","overlay-gradient":""},"tablet":{"background-color":"var(--ast-global-color-5)","background-image":"","background-repeat":"repeat","background-position":"center center","background-size":"auto","background-attachment":"scroll","background-type":"","background-media":"","overlay-type":"","overlay-color":"","overlay-opacity":"","overlay-gradient":""},"mobile":{"background-color":"var(--ast-global-color-5)","background-image":"","background-repeat":"repeat","background-position":"center center","background-size":"auto","background-attachment":"scroll","background-type":"","background-media":"","overlay-type":"","overlay-color":"","overlay-opacity":"","overlay-gradient":""}},"_joinchat":[],"footnotes":""},"class_list":["post-1858","page","type-page","status-publish","hentry"],"aioseo_notices":[],"_links":{"self":[{"href":"https:\/\/blancauribepianocompetition.co\/de\/wp-json\/wp\/v2\/pages\/1858","targetHints":{"allow":["GET"]}}],"collection":[{"href":"https:\/\/blancauribepianocompetition.co\/de\/wp-json\/wp\/v2\/pages"}],"about":[{"href":"https:\/\/blancauribepianocompetition.co\/de\/wp-json\/wp\/v2\/types\/page"}],"author":[{"embeddable":true,"href":"https:\/\/blancauribepianocompetition.co\/de\/wp-json\/wp\/v2\/users\/1"}],"replies":[{"embeddable":true,"href":"https:\/\/blancauribepianocompetition.co\/de\/wp-json\/wp\/v2\/comments?post=1858"}],"version-history":[{"count":37,"href":"https:\/\/blancauribepianocompetition.co\/de\/wp-json\/wp\/v2\/pages\/1858\/revisions"}],"predecessor-version":[{"id":2738,"href":"https:\/\/blancauribepianocompetition.co\/de\/wp-json\/wp\/v2\/pages\/1858\/revisions\/2738"}],"wp:attachment":[{"href":"https:\/\/blancauribepianocompetition.co\/de\/wp-json\/wp\/v2\/media?parent=1858"}],"curies":[{"name":"wp","href":"https:\/\/api.w.org\/{rel}","templated":true}]}}