{"id":1596,"date":"2023-11-15T06:34:28","date_gmt":"2023-11-15T06:34:28","guid":{"rendered":"https:\/\/blancauribepianocompetition.co\/?page_id=1596"},"modified":"2023-12-05T21:43:12","modified_gmt":"2023-12-05T21:43:12","slug":"quienes-somos","status":"publish","type":"page","link":"https:\/\/blancauribepianocompetition.co\/de\/quienes-somos\/","title":{"rendered":"\u00dcber uns"},"content":{"rendered":"<div data-elementor-type=\"wp-page\" data-elementor-id=\"1596\" class=\"elementor elementor-1596\">\n\t\t\t\t<div class=\"elementor-element elementor-element-14c6691 e-flex e-con-boxed wpr-particle-no wpr-jarallax-no wpr-parallax-no wpr-sticky-section-no e-con e-parent\" data-id=\"14c6691\" data-element_type=\"container\" data-settings=\"{&quot;background_background&quot;:&quot;classic&quot;}\">\n\t\t\t\t\t<div class=\"e-con-inner\">\n\t\t\t\t<div class=\"elementor-element elementor-element-dd01cc1 elementor-widget elementor-widget-heading\" data-id=\"dd01cc1\" data-element_type=\"widget\" data-widget_type=\"heading.default\">\n\t\t\t\t<div class=\"elementor-widget-container\">\n\t\t\t\t\t<h2 class=\"elementor-heading-title elementor-size-default\">\u00dcber uns<\/h2>\t\t\t\t<\/div>\n\t\t\t\t<\/div>\n\t\t\t\t\t<\/div>\n\t\t\t\t<\/div>\n\t\t\t\t<section class=\"elementor-section elementor-top-section elementor-element elementor-element-aeuzl9s elementor-section-full_width elementor-section-content-middle elementor-section-height-default elementor-section-height-default wpr-particle-no wpr-jarallax-no wpr-parallax-no wpr-sticky-section-no\" data-id=\"aeuzl9s\" data-element_type=\"section\" data-settings=\"{&quot;background_background&quot;:&quot;classic&quot;}\">\n\t\t\t\t\t\t<div class=\"elementor-container elementor-column-gap-no\">\n\t\t\t\t\t<div class=\"elementor-column elementor-col-50 elementor-top-column elementor-element elementor-element-4292f5a\" data-id=\"4292f5a\" data-element_type=\"column\">\n\t\t\t<div class=\"elementor-widget-wrap elementor-element-populated\">\n\t\t\t\t\t\t<div class=\"elementor-element elementor-element-6d93f44 elementor-widget elementor-widget-image\" data-id=\"6d93f44\" data-element_type=\"widget\" data-widget_type=\"image.default\">\n\t\t\t\t<div class=\"elementor-widget-container\">\n\t\t\t\t\t\t\t\t\t\t\t\t\t\t\t<img fetchpriority=\"high\" decoding=\"async\" width=\"580\" height=\"580\" src=\"https:\/\/blancauribepianocompetition.co\/wp-content\/uploads\/2023\/11\/Blanca-uribe-Color.png\" class=\"attachment-full size-full wp-image-1602\" alt=\"\" srcset=\"https:\/\/blancauribepianocompetition.co\/wp-content\/uploads\/2023\/11\/Blanca-uribe-Color.png 580w, https:\/\/blancauribepianocompetition.co\/wp-content\/uploads\/2023\/11\/Blanca-uribe-Color-300x300.png 300w, https:\/\/blancauribepianocompetition.co\/wp-content\/uploads\/2023\/11\/Blanca-uribe-Color-150x150.png 150w, https:\/\/blancauribepianocompetition.co\/wp-content\/uploads\/2023\/11\/Blanca-uribe-Color-12x12.png 12w, https:\/\/blancauribepianocompetition.co\/wp-content\/uploads\/2023\/11\/Blanca-uribe-Color-100x100.png 100w\" sizes=\"(max-width: 580px) 100vw, 580px\" \/>\t\t\t\t\t\t\t\t\t\t\t\t\t\t\t<\/div>\n\t\t\t\t<\/div>\n\t\t\t\t\t<\/div>\n\t\t<\/div>\n\t\t\t\t<div class=\"elementor-column elementor-col-50 elementor-top-column elementor-element elementor-element-a8c8ff0\" data-id=\"a8c8ff0\" data-element_type=\"column\">\n\t\t\t<div class=\"elementor-widget-wrap elementor-element-populated\">\n\t\t\t\t\t\t<section class=\"elementor-section elementor-inner-section elementor-element elementor-element-a893ccd elementor-section-boxed elementor-section-height-default elementor-section-height-default wpr-particle-no wpr-jarallax-no wpr-parallax-no wpr-sticky-section-no\" data-id=\"a893ccd\" data-element_type=\"section\">\n\t\t\t\t\t\t<div class=\"elementor-container elementor-column-gap-no\">\n\t\t\t\t\t<div class=\"elementor-column elementor-col-100 elementor-inner-column elementor-element elementor-element-6534f2c\" data-id=\"6534f2c\" data-element_type=\"column\">\n\t\t\t<div class=\"elementor-widget-wrap elementor-element-populated\">\n\t\t\t\t\t\t<div class=\"elementor-element elementor-element-fc9b946 elementor-widget elementor-widget-heading\" data-id=\"fc9b946\" data-element_type=\"widget\" data-widget_type=\"heading.default\">\n\t\t\t\t<div class=\"elementor-widget-container\">\n\t\t\t\t\t<h1 class=\"elementor-heading-title elementor-size-default\">Blanca Uribe<\/h1>\t\t\t\t<\/div>\n\t\t\t\t<\/div>\n\t\t\t\t<div class=\"elementor-element elementor-element-2d62856 elementor-widget__width-initial elementor-widget elementor-widget-text-editor\" data-id=\"2d62856\" data-element_type=\"widget\" data-widget_type=\"text-editor.default\">\n\t\t\t\t<div class=\"elementor-widget-container\">\n\t\t\t\t\t\t\t\t\t<p style=\"text-align: justify;\">Blanca Uribe, urspr\u00fcnglich aus Bogot\u00e1, zog nach Medell\u00edn und wuchs in einer Musikerfamilie auf. Er begann sein Studium bei seiner Gro\u00dfmutter und dann bei der Italienischlehrerin Luisa Manighetti. Im Alter von 11 Jahren deb\u00fctierte er mit dem kolumbianischen Symphonieorchester und setzte seine Ausbildung in den USA und Wien fort, wo er sich mit akademischen Auszeichnungen hervortat. Ihre Karriere als Pianistin f\u00fchrte sie zu Auftritten auf renommierten internationalen B\u00fchnen und als Solistin mit renommierten Orchestern.<\/p><p>\u00a0<\/p><p style=\"text-align: justify;\">Von 1969 bis 2005 war sie Professorin am Vassar College in New York und erhielt den Titel \u201eGeorge Shermann Dickinson Chair\u201c. Dar\u00fcber hinaus lehrte er an Institutionen wie der Eastman School in Rochester und der New York University und weitete seinen Einfluss auf Universit\u00e4ten und Konservatorien in verschiedenen L\u00e4ndern aus. Uribe erhielt Auszeichnungen und Anerkennung bei Wettbewerben f\u00fcr klassische Musik und stach beim Chopin-Wettbewerb in Warschau und in Rio de Janeiro heraus.<\/p><p>\u00a0<\/p><p style=\"text-align: justify;\">W\u00e4hrend ihrer Zeit in Europa erhielt sie den Elena Rombro-Stepanov-Preis und die Goldmedaille beim Weltwettbewerb in Genf. Sein Beitrag als Jurymitglied bei bedeutenden internationalen Wettbewerben spiegelt seinen Einfluss auf die globale Musikszene wider. Blanca Uribe ist eine angesehene Pianistin, P\u00e4dagogin und international anerkannte Jurorin.<\/p>\t\t\t\t\t\t\t\t<\/div>\n\t\t\t\t<\/div>\n\t\t\t\t\t<\/div>\n\t\t<\/div>\n\t\t\t\t\t<\/div>\n\t\t<\/section>\n\t\t\t\t\t<\/div>\n\t\t<\/div>\n\t\t\t\t\t<\/div>\n\t\t<\/section>\n\t\t\t\t<section class=\"elementor-section elementor-top-section elementor-element elementor-element-o87z6m1 elementor-section-boxed elementor-section-height-default elementor-section-height-default wpr-particle-no wpr-jarallax-no wpr-parallax-no wpr-sticky-section-no\" data-id=\"o87z6m1\" data-element_type=\"section\" data-settings=\"{&quot;background_background&quot;:&quot;classic&quot;,&quot;shape_divider_bottom&quot;:&quot;curve&quot;,&quot;shape_divider_bottom_negative&quot;:&quot;yes&quot;}\">\n\t\t\t\t\t\t\t<div class=\"elementor-background-overlay\"><\/div>\n\t\t\t\t\t\t<div class=\"elementor-shape elementor-shape-bottom\" aria-hidden=\"true\" data-negative=\"true\">\n\t\t\t<svg xmlns=\"http:\/\/www.w3.org\/2000\/svg\" viewbox=\"0 0 1000 100\" preserveaspectratio=\"none\">\n\t<path class=\"elementor-shape-fill\" d=\"M500,97C126.7,96.3,0.8,19.8,0,0v100l1000,0V1C1000,19.4,873.3,97.8,500,97z\"\/>\n<\/svg>\t\t<\/div>\n\t\t\t\t\t<div class=\"elementor-container elementor-column-gap-default\">\n\t\t\t\t\t<div class=\"elementor-column elementor-col-100 elementor-top-column elementor-element elementor-element-2005caa\" data-id=\"2005caa\" data-element_type=\"column\">\n\t\t\t<div class=\"elementor-widget-wrap elementor-element-populated\">\n\t\t\t\t\t\t<div class=\"elementor-element elementor-element-429ccfb elementor-widget elementor-widget-heading\" data-id=\"429ccfb\" data-element_type=\"widget\" data-widget_type=\"heading.default\">\n\t\t\t\t<div class=\"elementor-widget-container\">\n\t\t\t\t\t<h1 class=\"elementor-heading-title elementor-size-xl\">Erfahren Sie mehr \u00fcber das Wettbewerbserlebnis<\/h1>\t\t\t\t<\/div>\n\t\t\t\t<\/div>\n\t\t\t\t<section class=\"elementor-section elementor-inner-section elementor-element elementor-element-aa7e7d9 elementor-section-boxed elementor-section-height-default elementor-section-height-default wpr-particle-no wpr-jarallax-no wpr-parallax-no wpr-sticky-section-no\" data-id=\"aa7e7d9\" data-element_type=\"section\">\n\t\t\t\t\t\t<div class=\"elementor-container elementor-column-gap-default\">\n\t\t\t\t\t<div class=\"elementor-column elementor-col-100 elementor-inner-column elementor-element elementor-element-ccf50d6\" data-id=\"ccf50d6\" data-element_type=\"column\">\n\t\t\t<div class=\"elementor-widget-wrap elementor-element-populated\">\n\t\t\t\t\t\t<div class=\"elementor-element elementor-element-3904c5a elementor-mobile-align-center elementor-align-center elementor-widget elementor-widget-button\" data-id=\"3904c5a\" data-element_type=\"widget\" data-widget_type=\"button.default\">\n\t\t\t\t<div class=\"elementor-widget-container\">\n\t\t\t\t\t\t\t\t\t<div class=\"elementor-button-wrapper\">\n\t\t\t\t\t<a class=\"elementor-button elementor-button-link elementor-size-sm\" href=\"https:\/\/blancauribepianocompetition.co\/de\/bases-del-concurso\/\">\n\t\t\t\t\t\t<span class=\"elementor-button-content-wrapper\">\n\t\t\t\t\t\t\t\t\t<span class=\"elementor-button-text\">Wettbewerbsregeln<\/span>\n\t\t\t\t\t<\/span>\n\t\t\t\t\t<\/a>\n\t\t\t\t<\/div>\n\t\t\t\t\t\t\t\t<\/div>\n\t\t\t\t<\/div>\n\t\t\t\t\t<\/div>\n\t\t<\/div>\n\t\t\t\t\t<\/div>\n\t\t<\/section>\n\t\t\t\t<div class=\"elementor-element elementor-element-6a3b06b elementor-widget elementor-widget-video\" data-id=\"6a3b06b\" data-element_type=\"widget\" data-settings=\"{&quot;show_image_overlay&quot;:&quot;yes&quot;,&quot;image_overlay&quot;:{&quot;url&quot;:&quot;https:\\\/\\\/blancauribepianocompetition.co\\\/wp-content\\\/uploads\\\/2023\\\/10\\\/Desarrollo-scaled.jpg&quot;,&quot;id&quot;:7,&quot;size&quot;:&quot;&quot;,&quot;alt&quot;:&quot;Blanca Uribe Piano Competition&quot;,&quot;source&quot;:&quot;library&quot;},&quot;lightbox&quot;:&quot;yes&quot;,&quot;video_type&quot;:&quot;hosted&quot;,&quot;controls&quot;:&quot;yes&quot;}\" data-widget_type=\"video.default\">\n\t\t\t\t<div class=\"elementor-widget-container\">\n\t\t\t\t\t\t\t<div class=\"e-hosted-video elementor-wrapper elementor-open-lightbox\">\n\t\t\t\t\t\t\t<div class=\"elementor-custom-embed-image-overlay\" data-elementor-open-lightbox=\"yes\" data-elementor-lightbox=\"{&quot;type&quot;:&quot;video&quot;,&quot;videoType&quot;:&quot;hosted&quot;,&quot;url&quot;:&quot;https:\\\/\\\/blancauribepianocompetition.co\\\/wp-content\\\/uploads\\\/2023\\\/11\\\/Blanca-Pantalla.mp4&quot;,&quot;autoplay&quot;:&quot;&quot;,&quot;modalOptions&quot;:{&quot;id&quot;:&quot;elementor-lightbox-6a3b06b&quot;,&quot;entranceAnimation&quot;:&quot;&quot;,&quot;entranceAnimation_tablet&quot;:&quot;&quot;,&quot;entranceAnimation_mobile&quot;:&quot;&quot;,&quot;videoAspectRatio&quot;:&quot;169&quot;},&quot;videoParams&quot;:{&quot;controls&quot;:&quot;&quot;,&quot;preload&quot;:&quot;auto&quot;,&quot;controlsList&quot;:&quot;nodownload&quot;,&quot;poster&quot;:&quot;https:\\\/\\\/blancauribepianocompetition.co\\\/wp-content\\\/uploads\\\/2023\\\/10\\\/Desarrollo-scaled.jpg&quot;}}\" data-e-action-hash=\"#elementor-action%3Aaction%3Dlightbox%26settings%3DeyJ0eXBlIjoidmlkZW8iLCJ2aWRlb1R5cGUiOiJob3N0ZWQiLCJ1cmwiOiJodHRwczpcL1wvYmxhbmNhdXJpYmVwaWFub2NvbXBldGl0aW9uLmNvXC93cC1jb250ZW50XC91cGxvYWRzXC8yMDIzXC8xMVwvQmxhbmNhLVBhbnRhbGxhLm1wNCIsImF1dG9wbGF5IjoiIiwibW9kYWxPcHRpb25zIjp7ImlkIjoiZWxlbWVudG9yLWxpZ2h0Ym94LTZhM2IwNmIiLCJlbnRyYW5jZUFuaW1hdGlvbiI6IiIsImVudHJhbmNlQW5pbWF0aW9uX3RhYmxldCI6IiIsImVudHJhbmNlQW5pbWF0aW9uX21vYmlsZSI6IiIsInZpZGVvQXNwZWN0UmF0aW8iOiIxNjkifSwidmlkZW9QYXJhbXMiOnsiY29udHJvbHMiOiIiLCJwcmVsb2FkIjoiYXV0byIsImNvbnRyb2xzTGlzdCI6Im5vZG93bmxvYWQiLCJwb3N0ZXIiOiJodHRwczpcL1wvYmxhbmNhdXJpYmVwaWFub2NvbXBldGl0aW9uLmNvXC93cC1jb250ZW50XC91cGxvYWRzXC8yMDIzXC8xMFwvRGVzYXJyb2xsby1zY2FsZWQuanBnIn19\">\n\t\t\t\t\t\t\t\t\t\t\t<img decoding=\"async\" width=\"2560\" height=\"1440\" src=\"https:\/\/blancauribepianocompetition.co\/wp-content\/uploads\/2023\/10\/Desarrollo-scaled.jpg\" class=\"attachment-full size-full wp-image-7\" alt=\"Blanca Uribe Piano Competition\" srcset=\"https:\/\/blancauribepianocompetition.co\/wp-content\/uploads\/2023\/10\/Desarrollo-scaled.jpg 2560w, https:\/\/blancauribepianocompetition.co\/wp-content\/uploads\/2023\/10\/Desarrollo-scaled-600x338.jpg 600w, https:\/\/blancauribepianocompetition.co\/wp-content\/uploads\/2023\/10\/Desarrollo-300x169.jpg 300w, https:\/\/blancauribepianocompetition.co\/wp-content\/uploads\/2023\/10\/Desarrollo-1024x576.jpg 1024w, https:\/\/blancauribepianocompetition.co\/wp-content\/uploads\/2023\/10\/Desarrollo-768x432.jpg 768w, https:\/\/blancauribepianocompetition.co\/wp-content\/uploads\/2023\/10\/Desarrollo-1536x864.jpg 1536w, https:\/\/blancauribepianocompetition.co\/wp-content\/uploads\/2023\/10\/Desarrollo-2048x1152.jpg 2048w\" sizes=\"(max-width: 2560px) 100vw, 2560px\" \/>\t\t\t\t\t\t\t\t\t\t\t\t\t\t\t\t<div class=\"elementor-custom-embed-play\" role=\"button\" aria-label=\"Play Video about Blanca Uribe Piano Competition\" tabindex=\"0\">\n\t\t\t\t\t\t\t<i aria-hidden=\"true\" class=\"eicon-play\"><\/i>\t\t\t\t\t\t<\/div>\n\t\t\t\t\t\t\t\t\t<\/div>\n\t\t\t\t\t<\/div>\n\t\t\t\t\t\t<\/div>\n\t\t\t\t<\/div>\n\t\t\t\t\t<\/div>\n\t\t<\/div>\n\t\t\t\t\t<\/div>\n\t\t<\/section>\n\t\t\t\t<section class=\"elementor-section elementor-top-section elementor-element elementor-element-yrkdnvp elementor-section-boxed elementor-section-height-default elementor-section-height-default wpr-particle-no wpr-jarallax-no wpr-parallax-no wpr-sticky-section-no\" data-id=\"yrkdnvp\" data-element_type=\"section\">\n\t\t\t\t\t\t<div class=\"elementor-container elementor-column-gap-default\">\n\t\t\t\t\t<div class=\"elementor-column elementor-col-100 elementor-top-column elementor-element elementor-element-e43d330\" data-id=\"e43d330\" data-element_type=\"column\">\n\t\t\t<div class=\"elementor-widget-wrap\">\n\t\t\t\t\t\t\t<\/div>\n\t\t<\/div>\n\t\t\t\t\t<\/div>\n\t\t<\/section>\n\t\t\t\t<section class=\"elementor-section elementor-top-section elementor-element elementor-element-g3doj0n elementor-section-content-middle elementor-reverse-mobile elementor-section-boxed elementor-section-height-default elementor-section-height-default wpr-particle-no wpr-jarallax-no wpr-parallax-no wpr-sticky-section-no\" data-id=\"g3doj0n\" data-element_type=\"section\" data-settings=\"{&quot;background_background&quot;:&quot;classic&quot;}\">\n\t\t\t\t\t\t<div class=\"elementor-container elementor-column-gap-no\">\n\t\t\t\t\t<div class=\"elementor-column elementor-col-50 elementor-top-column elementor-element elementor-element-1205895\" data-id=\"1205895\" data-element_type=\"column\">\n\t\t\t<div class=\"elementor-widget-wrap elementor-element-populated\">\n\t\t\t\t\t\t<div class=\"elementor-element elementor-element-ab2f802 elementor-widget elementor-widget-heading\" data-id=\"ab2f802\" data-element_type=\"widget\" data-widget_type=\"heading.default\">\n\t\t\t\t<div class=\"elementor-widget-container\">\n\t\t\t\t\t<h1 class=\"elementor-heading-title elementor-size-default\">Tolima-Konservatorium<\/h1>\t\t\t\t<\/div>\n\t\t\t\t<\/div>\n\t\t\t\t<div class=\"elementor-element elementor-element-f250609 elementor-widget__width-initial elementor-widget-mobile__width-initial elementor-widget elementor-widget-text-editor\" data-id=\"f250609\" data-element_type=\"widget\" data-widget_type=\"text-editor.default\">\n\t\t\t\t<div class=\"elementor-widget-container\">\n\t\t\t\t\t\t\t\t\t<p style=\"text-align: justify;\"><span style=\"font-weight: 400;\">1906 von Maestro Alberto Castilla als Musikschule in Ibagu\u00e9 gegr\u00fcndet, die sich zun\u00e4chst an M\u00e4nner richtete, sp\u00e4ter jedoch unter der Leitung von Tulia P\u00e1ramo ihre T\u00fcren f\u00fcr Frauen \u00f6ffnete. Im Jahr 1920 erhielt es den Namen Tolima Conservatory of Music. 1932 wurde der Sal\u00f3n Alberto Castilla eingeweiht, einer der bedeutendsten Konzerts\u00e4le Kolumbiens.\u00a0<\/span><\/p><p style=\"text-align: justify;\"><span style=\"font-weight: 400;\">\u00a0<\/span><\/p><p style=\"text-align: justify;\"><span style=\"font-weight: 400;\">Unter der Leitung prominenter Direktoren wie Amina Melendro de Pulecio bietet das Tolima-Konservatorium eine qualitativ hochwertige Musikausbildung. 1980 wurde es zu einer \u00f6ffentlichen Hochschule mit Verwaltungsautonomie und unabh\u00e4ngigem Erbe erhoben und 1987 wurde beschlossen, dass der offizielle Name Die Einrichtung war \u201eCONSERVATORIO DEL TOLIMA\u201c, wie sie derzeit genannt wird, und handelte es sich um eine Hochschule gem\u00e4\u00df Gesetz 30 von 1992.<\/span><\/p><p style=\"text-align: justify;\"><span style=\"font-weight: 400;\">\u00a0<\/span><\/p><p style=\"text-align: justify;\"><span style=\"font-weight: 400;\">Der Master of Music-Studiengang nahm im B-Semester 2007 seine Arbeit auf und hat bis zum B-Semester 2023 insgesamt 146 Absolventen abgeschlossen. Damit ist er der zweite Bachelor-Studiengang der Institution, dem es gelungen ist, seine Absolventen landesweit auf gro\u00dfe B\u00fchnen zu bringen. junge Menschen, die die wichtigsten Orchester des Landes bilden, und gro\u00dfartige Musiker, die in Kammermusikformaten, als Solisten oder Orchestermitglieder auf europ\u00e4ischen B\u00fchnen stehen.<\/span><\/p>\t\t\t\t\t\t\t\t<\/div>\n\t\t\t\t<\/div>\n\t\t\t\t\t<\/div>\n\t\t<\/div>\n\t\t\t\t<div class=\"elementor-column elementor-col-50 elementor-top-column elementor-element elementor-element-81eb113\" data-id=\"81eb113\" data-element_type=\"column\">\n\t\t\t<div class=\"elementor-widget-wrap elementor-element-populated\">\n\t\t\t\t\t\t<div class=\"elementor-element elementor-element-6c7f020 elementor-widget elementor-widget-image\" data-id=\"6c7f020\" data-element_type=\"widget\" data-widget_type=\"image.default\">\n\t\t\t\t<div class=\"elementor-widget-container\">\n\t\t\t\t\t\t\t\t\t\t\t\t\t\t\t<img decoding=\"async\" width=\"1024\" height=\"576\" src=\"https:\/\/blancauribepianocompetition.co\/wp-content\/uploads\/2023\/11\/Salon-Alberto-Castilla.jpg-3-1-1024x576.jpg\" class=\"attachment-large size-large wp-image-1492\" alt=\"\" srcset=\"https:\/\/blancauribepianocompetition.co\/wp-content\/uploads\/2023\/11\/Salon-Alberto-Castilla.jpg-3-1-1024x576.jpg 1024w, https:\/\/blancauribepianocompetition.co\/wp-content\/uploads\/2023\/11\/Salon-Alberto-Castilla.jpg-3-1-300x169.jpg 300w, https:\/\/blancauribepianocompetition.co\/wp-content\/uploads\/2023\/11\/Salon-Alberto-Castilla.jpg-3-1-768x432.jpg 768w, https:\/\/blancauribepianocompetition.co\/wp-content\/uploads\/2023\/11\/Salon-Alberto-Castilla.jpg-3-1-600x338.jpg 600w, https:\/\/blancauribepianocompetition.co\/wp-content\/uploads\/2023\/11\/Salon-Alberto-Castilla.jpg-3-1.jpg 1031w\" sizes=\"(max-width: 1024px) 100vw, 1024px\" \/>\t\t\t\t\t\t\t\t\t\t\t\t\t\t\t<\/div>\n\t\t\t\t<\/div>\n\t\t\t\t\t<\/div>\n\t\t<\/div>\n\t\t\t\t\t<\/div>\n\t\t<\/section>\n\t\t\t\t<\/div>","protected":false},"excerpt":{"rendered":"<p>Qui\u00e9nes Somos Blanca Uribe Blanca Uribe, originaria de Bogot\u00e1, se traslad\u00f3 a Medell\u00edn, creciendo en una familia de m\u00fasicos. Comenz\u00f3 sus estudios con su abuela y luego con la maestra italiana Luisa Manighetti. A los 11 a\u00f1os, debut\u00f3 con la Orquesta Sinf\u00f3nica de Colombia y continu\u00f3 su formaci\u00f3n en Estados Unidos y Viena, destac\u00e1ndose con honores acad\u00e9micos. Su carrera como pianista la llev\u00f3 a actuaciones en prestigiosos escenarios internacionales y a ser solista de renombradas orquestas. \u00a0 Desde 1969 hasta 2005, fue profesora en Vassar College de Nueva York, recibiendo el t\u00edtulo \u00abGeorge Shermann Dickinson Chair\u00bb. Adem\u00e1s, imparti\u00f3 clases en instituciones como la Escuela Eastman de Rochester y la Universidad de Nueva York, extendiendo su influencia a universidades y conservatorios en diversos pa\u00edses. Uribe obtuvo premios y reconocimientos en competiciones de m\u00fasica cl\u00e1sica, destacando en el Concurso Chopin de Varsovia y en R\u00edo de Janeiro. \u00a0 Durante su tiempo en Europa, recibi\u00f3 el Premio Elena Rombro-Stepanov y la Medalla de Oro en la competencia mundial en Ginebra. Su contribuci\u00f3n como miembro del jurado en destacados concursos internacionales refleja su influencia en la escena musical global. Blanca Uribe es una pianista distinguida, educadora y jurado reconocida internacionalmente. Descubre m\u00e1s sobre la experiencia de la competencia Bases del Concurso https:\/\/blancauribepianocompetition.co\/wp-content\/uploads\/2023\/11\/Blanca-Pantalla.mp4 Conservatorio del Tolima Fundado en 1906 por el Maestro Alberto Castilla como una Escuela de M\u00fasica en Ibagu\u00e9 que inicialmente fue dirigida a varones, pero posteriormente abri\u00f3 las puertas a las mujeres bajo la direcci\u00f3n de Tulia P\u00e1ramo. En 1920, recibi\u00f3 el nombre de Conservatorio de M\u00fasica del Tolima. En 1932 se inaugur\u00f3 el Sal\u00f3n Alberto Castilla, uno de los salones de conciertos m\u00e1s importantes de Colombia.\u00a0 \u00a0 Bajo la direcci\u00f3n de destacados directores como Amina Melendro de Pulecio, el Conservatorio del Tolima ha brindado educaci\u00f3n musical de calidad en 1980 se elev\u00f3 a Instituci\u00f3n de Educaci\u00f3n Superior P\u00fablica con autonom\u00eda administrativa y patrimonio independiente y en 1987 se dispuso que la denominaci\u00f3n oficial de\u00a0 la Instituci\u00f3n fuera \u201cCONSERVATORIO DEL TOLIMA\u201d, como se le conoce en la actualidad, siendo Instituci\u00f3n de Educaci\u00f3n Superior, de acuerdo a la Ley 30 de 1992. \u00a0 El programa Maestro en M\u00fasica Inici\u00f3 labores en el Semestre B del a\u00f1o 2007 y ha graduado un total de 146 egresados hasta el semestre 2023 B, siendo el segundo programa de pregrado de la instituci\u00f3n que ha logrado llevar a sus graduados a grandes escenarios a nivel nacional e internacional, j\u00f3venes que integran las orquestas m\u00e1s importantes del pa\u00eds y grandes m\u00fasicos que se encuentran en escenarios europeos en formatos de m\u00fasica de c\u00e1mara, como solistas o integrantes de orquestas.<\/p>","protected":false},"author":1,"featured_media":0,"parent":0,"menu_order":0,"comment_status":"closed","ping_status":"closed","template":"","meta":{"_monsterinsights_skip_tracking":false,"_monsterinsights_sitenote_active":false,"_monsterinsights_sitenote_note":"","_monsterinsights_sitenote_category":0,"site-sidebar-layout":"no-sidebar","site-content-layout":"page-builder","ast-site-content-layout":"full-width-container","site-content-style":"default","site-sidebar-style":"default","ast-global-header-display":"","ast-banner-title-visibility":"","ast-main-header-display":"","ast-hfb-above-header-display":"","ast-hfb-below-header-display":"","ast-hfb-mobile-header-display":"","site-post-title":"disabled","ast-breadcrumbs-content":"","ast-featured-img":"disabled","footer-sml-layout":"","theme-transparent-header-meta":"","adv-header-id-meta":"","stick-header-meta":"","header-above-stick-meta":"","header-main-stick-meta":"","header-below-stick-meta":"","astra-migrate-meta-layouts":"set","ast-page-background-enabled":"default","ast-page-background-meta":{"desktop":{"background-color":"var(--ast-global-color-4)","background-image":"","background-repeat":"repeat","background-position":"center center","background-size":"auto","background-attachment":"scroll","background-type":"","background-media":"","overlay-type":"","overlay-color":"","overlay-opacity":"","overlay-gradient":""},"tablet":{"background-color":"","background-image":"","background-repeat":"repeat","background-position":"center center","background-size":"auto","background-attachment":"scroll","background-type":"","background-media":"","overlay-type":"","overlay-color":"","overlay-opacity":"","overlay-gradient":""},"mobile":{"background-color":"","background-image":"","background-repeat":"repeat","background-position":"center center","background-size":"auto","background-attachment":"scroll","background-type":"","background-media":"","overlay-type":"","overlay-color":"","overlay-opacity":"","overlay-gradient":""}},"ast-content-background-meta":{"desktop":{"background-color":"var(--ast-global-color-5)","background-image":"","background-repeat":"repeat","background-position":"center center","background-size":"auto","background-attachment":"scroll","background-type":"","background-media":"","overlay-type":"","overlay-color":"","overlay-opacity":"","overlay-gradient":""},"tablet":{"background-color":"var(--ast-global-color-5)","background-image":"","background-repeat":"repeat","background-position":"center center","background-size":"auto","background-attachment":"scroll","background-type":"","background-media":"","overlay-type":"","overlay-color":"","overlay-opacity":"","overlay-gradient":""},"mobile":{"background-color":"var(--ast-global-color-5)","background-image":"","background-repeat":"repeat","background-position":"center center","background-size":"auto","background-attachment":"scroll","background-type":"","background-media":"","overlay-type":"","overlay-color":"","overlay-opacity":"","overlay-gradient":""}},"_joinchat":[],"footnotes":""},"class_list":["post-1596","page","type-page","status-publish","hentry"],"aioseo_notices":[],"_links":{"self":[{"href":"https:\/\/blancauribepianocompetition.co\/de\/wp-json\/wp\/v2\/pages\/1596","targetHints":{"allow":["GET"]}}],"collection":[{"href":"https:\/\/blancauribepianocompetition.co\/de\/wp-json\/wp\/v2\/pages"}],"about":[{"href":"https:\/\/blancauribepianocompetition.co\/de\/wp-json\/wp\/v2\/types\/page"}],"author":[{"embeddable":true,"href":"https:\/\/blancauribepianocompetition.co\/de\/wp-json\/wp\/v2\/users\/1"}],"replies":[{"embeddable":true,"href":"https:\/\/blancauribepianocompetition.co\/de\/wp-json\/wp\/v2\/comments?post=1596"}],"version-history":[{"count":52,"href":"https:\/\/blancauribepianocompetition.co\/de\/wp-json\/wp\/v2\/pages\/1596\/revisions"}],"predecessor-version":[{"id":2781,"href":"https:\/\/blancauribepianocompetition.co\/de\/wp-json\/wp\/v2\/pages\/1596\/revisions\/2781"}],"wp:attachment":[{"href":"https:\/\/blancauribepianocompetition.co\/de\/wp-json\/wp\/v2\/media?parent=1596"}],"curies":[{"name":"wp","href":"https:\/\/api.w.org\/{rel}","templated":true}]}}